{"id":13703,"date":"2025-03-31T09:05:23","date_gmt":"2025-03-31T09:05:23","guid":{"rendered":"https:\/\/www.pei.si\/publishing\/digital-library\/rastoci-leksikoni\/"},"modified":"2025-05-30T06:47:22","modified_gmt":"2025-05-30T06:47:22","slug":"rastoci-leksikoni","status":"publish","type":"page","link":"https:\/\/www.pei.si\/en\/publishing\/digital-library\/rastoci-leksikoni\/","title":{"rendered":"Rasto\u010di leksikoni"},"content":{"rendered":"<h4><strong>Zbirka Rasto\u010di leksikoni<\/strong> je namenjena objavljanju znanstvenih leksikonov s podro\u010dja humanistike in dru\u017eboslovja. Prva tovrstna periodi\u010dna izdaja zbirke je Pedago\u0161ki leksikon.<\/h4>\n","protected":false},"excerpt":{"rendered":"<p>Zbirka Rasto\u010di leksikoni je namenjena objavljanju znanstvenih leksikonov s podro\u010dja humanistike in dru\u017eboslovja. Prva tovrstna periodi\u010dna izdaja zbirke je Pedago\u0161ki leksikon.<\/p>\n","protected":false},"author":4,"featured_media":0,"parent":3296,"menu_order":0,"comment_status":"closed","ping_status":"closed","template":"template_zaloznistvo.php","meta":{"_acf_changed":false,"footnotes":""},"class_list":["post-13703","page","type-page","status-publish","hentry"],"acf":[],"_links":{"self":[{"href":"https:\/\/www.pei.si\/en\/wp-json\/wp\/v2\/pages\/13703","targetHints":{"allow":["GET"]}}],"collection":[{"href":"https:\/\/www.pei.si\/en\/wp-json\/wp\/v2\/pages"}],"about":[{"href":"https:\/\/www.pei.si\/en\/wp-json\/wp\/v2\/types\/page"}],"author":[{"embeddable":true,"href":"https:\/\/www.pei.si\/en\/wp-json\/wp\/v2\/users\/4"}],"replies":[{"embeddable":true,"href":"https:\/\/www.pei.si\/en\/wp-json\/wp\/v2\/comments?post=13703"}],"version-history":[{"count":16,"href":"https:\/\/www.pei.si\/en\/wp-json\/wp\/v2\/pages\/13703\/revisions"}],"predecessor-version":[{"id":13897,"href":"https:\/\/www.pei.si\/en\/wp-json\/wp\/v2\/pages\/13703\/revisions\/13897"}],"up":[{"embeddable":true,"href":"https:\/\/www.pei.si\/en\/wp-json\/wp\/v2\/pages\/3296"}],"wp:attachment":[{"href":"https:\/\/www.pei.si\/en\/wp-json\/wp\/v2\/media?parent=13703"}],"curies":[{"name":"wp","href":"https:\/\/api.w.org\/{rel}","templated":true}]}}