{"id":3244,"date":"2019-02-26T08:59:54","date_gmt":"2019-02-26T08:59:54","guid":{"rendered":"https:\/\/www.pei.si\/priznanja\/"},"modified":"2020-06-06T18:09:03","modified_gmt":"2020-06-06T18:09:03","slug":"priznanja-2019","status":"publish","type":"page","link":"https:\/\/www.pei.si\/en\/priznanja-2019\/","title":{"rendered":"Priznanja"},"content":{"rendered":"<p>Na konferenci je komisija za priznanja in nagrade Pedago\u0161kega in\u0161tituta v sodelovanju z dru\u0161tvom SLODRE,\u00a0podelila tudi\u00a0<strong>priznanja na podro\u010dju raziskovanja vzgoje in izobra\u017eevanja za leto 2018<\/strong>.\u00a0Nagrajenci v tem letu so bili:<\/p>\n<hr \/>\n<ul>\n<li><a href=\"https:\/\/www.pei.si\/wp-content\/uploads\/2019\/10\/Marina_Volk.pdf\" target=\"_blank\" rel=\"noopener noreferrer\">dr. Marina Volk<\/a> (Univerza na Primorskem, Pedago\u0161ka fakulteta), ki je prejela Priznanje za najbolj\u0161e doktorsko delo na podro\u010dju raziskovanja vzgoje in izobra\u017eevanja za leto 2019,<\/li>\n<li><a href=\"https:\/\/www.pei.si\/wp-content\/uploads\/2019\/10\/Gregor_Torkar.pdf\" target=\"_blank\" rel=\"noopener noreferrer\">dr. Gregor Torkar<\/a> (Univerza v Ljubljani, Pedago\u0161ka fakulteta), ki je prejel Priznanje za izjemne dose\u017eke na podro\u010dju raziskovanja vzgoje in izobra\u017eevanja za leto 2019, ter<\/li>\n<li><a href=\"https:\/\/www.pei.si\/wp-content\/uploads\/2019\/10\/Zdenko_Kodelja.pdf\" target=\"_blank\" rel=\"noopener noreferrer\">ddr. Zdenko Kodelja<\/a> (Pedago\u0161ki in\u0161titut), ki je prejel Priznanje za \u017eivljenjsko delo na podro\u010dju raziskovanja vzgoje in izobra\u017eevanja za leto 2019.<\/li>\n<\/ul>\n<hr \/>\n<p>Vsem nagrajencem iskreno \u010destitamo!<\/p>\n<p>&nbsp;<\/p>\n<div class=\"gallery\">\n<div class=\"grid\">\n<div class=\"grid-item\">\n<a href=\"https:\/\/www.pei.si\/wp-content\/uploads\/2019\/10\/DSC_4978-683x1024.jpg\" data-fancybox=\"gallery\"><img loading=\"lazy\" decoding=\"async\" src=\"https:\/\/www.pei.si\/wp-content\/uploads\/2019\/10\/DSC_4978-300x450.jpg\" width=\"300\" height=\"450\" alt=\"\" \/><\/a>\n<\/div>\n<div class=\"grid-item\">\n<a href=\"https:\/\/www.pei.si\/wp-content\/uploads\/2019\/10\/DSC_4983-683x1024.jpg\" data-fancybox=\"gallery\"><img loading=\"lazy\" decoding=\"async\" src=\"https:\/\/www.pei.si\/wp-content\/uploads\/2019\/10\/DSC_4983-300x450.jpg\" width=\"300\" height=\"450\" alt=\"\" \/><\/a>\n<\/div>\n<div class=\"grid-item\">\n<a href=\"https:\/\/www.pei.si\/wp-content\/uploads\/2019\/10\/DSC_4976-683x1024.jpg\" data-fancybox=\"gallery\"><img loading=\"lazy\" decoding=\"async\" src=\"https:\/\/www.pei.si\/wp-content\/uploads\/2019\/10\/DSC_4976-300x450.jpg\" width=\"300\" height=\"450\" alt=\"\" \/><\/a>\n<\/div>\n<div class=\"grid-item\">\n<a href=\"https:\/\/www.pei.si\/wp-content\/uploads\/2019\/10\/DSC_4974-1024x683.jpg\" data-fancybox=\"gallery\"><img loading=\"lazy\" decoding=\"async\" src=\"https:\/\/www.pei.si\/wp-content\/uploads\/2019\/10\/DSC_4974-300x200.jpg\" width=\"300\" height=\"200\" alt=\"\" \/><\/a>\n<\/div>\n<\/div><\/div>\n\n","protected":false},"excerpt":{"rendered":"<p>Na konferenci je komisija za priznanja in nagrade Pedago\u0161kega in\u0161tituta v sodelovanju z dru\u0161tvom SLODRE,\u00a0podelila tudi\u00a0priznanja na podro\u010dju raziskovanja vzgoje in izobra\u017eevanja za leto 2018.\u00a0Nagrajenci v tem letu so bili: dr. Marina Volk (Univerza na Primorskem, Pedago\u0161ka fakulteta), ki je prejela Priznanje za najbolj\u0161e doktorsko delo na podro\u010dju raziskovanja vzgoje in izobra\u017eevanja za leto 2019, [&hellip;]<\/p>\n","protected":false},"author":5,"featured_media":0,"parent":0,"menu_order":0,"comment_status":"closed","ping_status":"closed","template":"","meta":{"_acf_changed":false,"footnotes":""},"class_list":["post-3244","page","type-page","status-publish","hentry"],"acf":[],"_links":{"self":[{"href":"https:\/\/www.pei.si\/en\/wp-json\/wp\/v2\/pages\/3244","targetHints":{"allow":["GET"]}}],"collection":[{"href":"https:\/\/www.pei.si\/en\/wp-json\/wp\/v2\/pages"}],"about":[{"href":"https:\/\/www.pei.si\/en\/wp-json\/wp\/v2\/types\/page"}],"author":[{"embeddable":true,"href":"https:\/\/www.pei.si\/en\/wp-json\/wp\/v2\/users\/5"}],"replies":[{"embeddable":true,"href":"https:\/\/www.pei.si\/en\/wp-json\/wp\/v2\/comments?post=3244"}],"version-history":[{"count":3,"href":"https:\/\/www.pei.si\/en\/wp-json\/wp\/v2\/pages\/3244\/revisions"}],"predecessor-version":[{"id":5514,"href":"https:\/\/www.pei.si\/en\/wp-json\/wp\/v2\/pages\/3244\/revisions\/5514"}],"wp:attachment":[{"href":"https:\/\/www.pei.si\/en\/wp-json\/wp\/v2\/media?parent=3244"}],"curies":[{"name":"wp","href":"https:\/\/api.w.org\/{rel}","templated":true}]}}