{"id":3246,"date":"2019-01-15T07:48:11","date_gmt":"2019-01-15T07:48:11","guid":{"rendered":"https:\/\/www.pei.si\/ilsa-pm\/"},"modified":"2025-10-21T09:17:32","modified_gmt":"2025-10-21T09:17:32","slug":"ilsa-pm","status":"publish","type":"page","link":"https:\/\/www.pei.si\/en\/research-activities\/projekti\/ilsa-pm\/","title":{"rendered":"ILSA-PM"},"content":{"rendered":"<h4><strong>Theory and Practice of Using International Large-scale Students Assessments Datasets for National Evidence-based Policymaking<\/strong><\/h4>\n<p>&nbsp;<\/p>\n<hr \/>\n<p><em>Vodja projekta: <a href=\"https:\/\/www.pei.si\/en\/zaposleni\/klemencic-eva\/\" target=\"_blank\" rel=\"noopener\">prof. dr. Eva M. Klemen\u010di\u010d, znanstvena svetnica<\/a><\/em><\/p>\n<hr \/>\n<p><em>Sodelujo\u010di raziskovalci: <a href=\"https:\/\/www.pei.si\/en\/zaposleni\/mirazchiyski-plamen\/\" target=\"_blank\" rel=\"noopener\">izr. prof. dr. Plamen Mirazchiyski, vi\u0161ji znanstveni sodelavec<\/a> (<a href=\"https:\/\/www.pei.si\/en\/educational-research-institute\/research-centres\/centre-for-applied-epistemology\/\" target=\"_blank\" rel=\"noopener\">Center za uporabno epistemologijo<\/a>)<\/em><\/p>\n<hr \/>\n<p><em>Namen in cilji projekta:<\/em><\/p>\n<hr \/>\n<p>Leta 2014 smo uspe\u0161no pridobili koordinatorstvo mednarodne raziskovalne mre\u017ee WERA IRN- PM (World Education Research Association), ki se na globalnem nivoju ukvarja s tematiko mednarodnih raziskav znanja u\u010dencev\/dijakov, in sicer vseh tistih, v katerih Slovenija sodeluje in jih zanjo izvaja Pedago\u0161ki in\u0161titut. Gre za naslednje raziskave: OECD PISA, IEA TIMSS, IEA PIRLS, IEA ICCS, IEA ICILS, EC ETLS. Raziskovalna mre\u017ea temelji na strukturi Centra za uporabno epistemologijo (Pedago\u0161ki in\u0161titut) in se ukvarja s tematikami, ki se v okviru omenjenega centra razvijajo. Struktura mre\u017ee pravzaprav sintetizira dve vsebinski podro\u010dji: teorije znanja in mednarodne raziskave znanja ter oblikovanje politik na podro\u010dju edukacije (kurikularne politike, edukacijske politike). Osrednji namen raziskovalne mre\u017ee je promocija sistemati\u010dne uporabe podatkovnih baz mednarodnih raziskav znanja za nacionalno oblikovanje na podatkih temelje\u010dih politik (mo\u017enosti in omejitve).<\/p>\n","protected":false},"excerpt":{"rendered":"<p>Theory and Practice of Using International Large-scale Students Assessments Datasets for National Evidence-based Policymaking &nbsp; Vodja projekta: prof. dr. Eva M. Klemen\u010di\u010d, znanstvena svetnica Sodelujo\u010di raziskovalci: izr. prof. dr. Plamen Mirazchiyski, vi\u0161ji znanstveni sodelavec (Center za uporabno epistemologijo) Namen in cilji projekta: Leta 2014 smo uspe\u0161no pridobili koordinatorstvo mednarodne raziskovalne mre\u017ee WERA IRN- PM (World [&hellip;]<\/p>\n","protected":false},"author":5,"featured_media":0,"parent":3388,"menu_order":0,"comment_status":"closed","ping_status":"closed","template":"","meta":{"_acf_changed":false,"footnotes":""},"class_list":["post-3246","page","type-page","status-publish","hentry"],"acf":[],"_links":{"self":[{"href":"https:\/\/www.pei.si\/en\/wp-json\/wp\/v2\/pages\/3246","targetHints":{"allow":["GET"]}}],"collection":[{"href":"https:\/\/www.pei.si\/en\/wp-json\/wp\/v2\/pages"}],"about":[{"href":"https:\/\/www.pei.si\/en\/wp-json\/wp\/v2\/types\/page"}],"author":[{"embeddable":true,"href":"https:\/\/www.pei.si\/en\/wp-json\/wp\/v2\/users\/5"}],"replies":[{"embeddable":true,"href":"https:\/\/www.pei.si\/en\/wp-json\/wp\/v2\/comments?post=3246"}],"version-history":[{"count":5,"href":"https:\/\/www.pei.si\/en\/wp-json\/wp\/v2\/pages\/3246\/revisions"}],"predecessor-version":[{"id":14482,"href":"https:\/\/www.pei.si\/en\/wp-json\/wp\/v2\/pages\/3246\/revisions\/14482"}],"up":[{"embeddable":true,"href":"https:\/\/www.pei.si\/en\/wp-json\/wp\/v2\/pages\/3388"}],"wp:attachment":[{"href":"https:\/\/www.pei.si\/en\/wp-json\/wp\/v2\/media?parent=3246"}],"curies":[{"name":"wp","href":"https:\/\/api.w.org\/{rel}","templated":true}]}}