{"id":3247,"date":"2019-01-15T07:44:50","date_gmt":"2019-01-15T07:44:50","guid":{"rendered":"https:\/\/www.pei.si\/zdravstvena-nega-kot-znanstvena-disciplina-v-sloveniji\/"},"modified":"2019-09-13T11:30:12","modified_gmt":"2019-09-13T11:30:12","slug":"zdravstvena-nega-kot-znanstvena-disciplina-v-sloveniji","status":"publish","type":"page","link":"https:\/\/www.pei.si\/en\/research-activities\/projekti\/zdravstvena-nega-kot-znanstvena-disciplina-v-sloveniji\/","title":{"rendered":"Zdravstvena nega kot znanstvena disciplina v Sloveniji"},"content":{"rendered":"<h4><strong>Mednarodno primerljivi sistem sekundarnega in terciarnega izobra\u017eevanja v zdravstveni negi kot temelj raziskav in prispevka znanosti k trajnostnemu dru\u017ebenemu razvoju (CRP)<\/strong><\/h4>\n<p>Vodja projekta na PI: <a href=\"https:\/\/www.pei.si\/en\/zaposleni\/klemencic-eva\/\">dr. E. Klemen\u010di\u010d<\/a><\/p>\n<p>Sodelujo\u010di raziskovalci\/-ke: \/<\/p>\n<p>Namen in cilji projekta:<\/p>\n<p>Namen CRP je bil vzpostaviti mednarodno primerljivi sistem sekundarnega in terciarnega\u00a0 izobra\u017eevanja v zdravstveni negi, ki omogo\u010da razvoj stroke in znanosti, ter postavi okvir za vzpostavitev interdisciplinarnega raziskovanja, povezanega z zdravstveno nego, kar lahko pomembno vpliva na trajnostni dru\u017ebeni razvoj.<\/p>\n","protected":false},"excerpt":{"rendered":"<p>Mednarodno primerljivi sistem sekundarnega in terciarnega izobra\u017eevanja v zdravstveni negi kot temelj raziskav in prispevka znanosti k trajnostnemu dru\u017ebenemu razvoju (CRP) Vodja projekta na PI: dr. E. Klemen\u010di\u010d Sodelujo\u010di raziskovalci\/-ke: \/ Namen in cilji projekta: Namen CRP je bil vzpostaviti mednarodno primerljivi sistem sekundarnega in terciarnega\u00a0 izobra\u017eevanja v zdravstveni negi, ki omogo\u010da razvoj stroke in [&hellip;]<\/p>\n","protected":false},"author":5,"featured_media":0,"parent":3388,"menu_order":0,"comment_status":"closed","ping_status":"closed","template":"","meta":{"_acf_changed":false,"footnotes":""},"class_list":["post-3247","page","type-page","status-publish","hentry"],"acf":[],"_links":{"self":[{"href":"https:\/\/www.pei.si\/en\/wp-json\/wp\/v2\/pages\/3247","targetHints":{"allow":["GET"]}}],"collection":[{"href":"https:\/\/www.pei.si\/en\/wp-json\/wp\/v2\/pages"}],"about":[{"href":"https:\/\/www.pei.si\/en\/wp-json\/wp\/v2\/types\/page"}],"author":[{"embeddable":true,"href":"https:\/\/www.pei.si\/en\/wp-json\/wp\/v2\/users\/5"}],"replies":[{"embeddable":true,"href":"https:\/\/www.pei.si\/en\/wp-json\/wp\/v2\/comments?post=3247"}],"version-history":[{"count":1,"href":"https:\/\/www.pei.si\/en\/wp-json\/wp\/v2\/pages\/3247\/revisions"}],"predecessor-version":[{"id":4186,"href":"https:\/\/www.pei.si\/en\/wp-json\/wp\/v2\/pages\/3247\/revisions\/4186"}],"up":[{"embeddable":true,"href":"https:\/\/www.pei.si\/en\/wp-json\/wp\/v2\/pages\/3388"}],"wp:attachment":[{"href":"https:\/\/www.pei.si\/en\/wp-json\/wp\/v2\/media?parent=3247"}],"curies":[{"name":"wp","href":"https:\/\/api.w.org\/{rel}","templated":true}]}}