{"id":3248,"date":"2019-01-15T07:41:40","date_gmt":"2019-01-15T07:41:40","guid":{"rendered":"https:\/\/www.pei.si\/didesu\/"},"modified":"2019-09-13T11:23:11","modified_gmt":"2019-09-13T11:23:11","slug":"didesu","status":"publish","type":"page","link":"https:\/\/www.pei.si\/en\/research-activities\/projekti\/didesu\/","title":{"rendered":"DIDESU"},"content":{"rendered":"<h4><strong>Diferenciacija pou\u010devanja za nadaljnji profesionalni razvoj u\u010diteljev in u\u010dencev<\/strong><\/h4>\n<p>Vodja projekta: <a href=\"https:\/\/www.pei.si\/en\/zaposleni\/klemencic-eva\/\">dr. E. Klemen\u010di\u010d<\/a> (vodja na PI)<\/p>\n<p>Sodelujo\u010di raziskovalci\/-ke: <a href=\"https:\/\/www.pei.si\/en\/zaposleni\/rutar-leban-tina\/\">dr. T. Rutar Leban<\/a> (Center za evalvacijske \u0161tudije)<\/p>\n<p>spletna stran projekta:\u00a0<a href=\"http:\/\/www.didesu.cy.net\/\">http:\/\/www.didesu.cy.net\/<\/a><\/p>\n<p>Namen in cilji projekta:<\/p>\n<p>Cilj projekta je bil pridobivanje potrebnih spretnosti in znanj za u\u010ditelje, da bi u\u010dinkovito diferencirali pouk kot odziv na potrebe u\u010dencev. Poleg tega je posku\u0161al projekt krepiti etos sodelovanja znotraj vsake posamezne \u0161ole.<\/p>\n","protected":false},"excerpt":{"rendered":"<p>Diferenciacija pou\u010devanja za nadaljnji profesionalni razvoj u\u010diteljev in u\u010dencev Vodja projekta: dr. E. Klemen\u010di\u010d (vodja na PI) Sodelujo\u010di raziskovalci\/-ke: dr. T. Rutar Leban (Center za evalvacijske \u0161tudije) spletna stran projekta:\u00a0http:\/\/www.didesu.cy.net\/ Namen in cilji projekta: Cilj projekta je bil pridobivanje potrebnih spretnosti in znanj za u\u010ditelje, da bi u\u010dinkovito diferencirali pouk kot odziv na potrebe u\u010dencev. [&hellip;]<\/p>\n","protected":false},"author":5,"featured_media":0,"parent":3388,"menu_order":0,"comment_status":"closed","ping_status":"closed","template":"","meta":{"_acf_changed":false,"footnotes":""},"class_list":["post-3248","page","type-page","status-publish","hentry"],"acf":[],"_links":{"self":[{"href":"https:\/\/www.pei.si\/en\/wp-json\/wp\/v2\/pages\/3248","targetHints":{"allow":["GET"]}}],"collection":[{"href":"https:\/\/www.pei.si\/en\/wp-json\/wp\/v2\/pages"}],"about":[{"href":"https:\/\/www.pei.si\/en\/wp-json\/wp\/v2\/types\/page"}],"author":[{"embeddable":true,"href":"https:\/\/www.pei.si\/en\/wp-json\/wp\/v2\/users\/5"}],"replies":[{"embeddable":true,"href":"https:\/\/www.pei.si\/en\/wp-json\/wp\/v2\/comments?post=3248"}],"version-history":[{"count":1,"href":"https:\/\/www.pei.si\/en\/wp-json\/wp\/v2\/pages\/3248\/revisions"}],"predecessor-version":[{"id":4161,"href":"https:\/\/www.pei.si\/en\/wp-json\/wp\/v2\/pages\/3248\/revisions\/4161"}],"up":[{"embeddable":true,"href":"https:\/\/www.pei.si\/en\/wp-json\/wp\/v2\/pages\/3388"}],"wp:attachment":[{"href":"https:\/\/www.pei.si\/en\/wp-json\/wp\/v2\/media?parent=3248"}],"curies":[{"name":"wp","href":"https:\/\/api.w.org\/{rel}","templated":true}]}}