{"id":3249,"date":"2019-01-11T13:32:41","date_gmt":"2019-01-11T13:32:41","guid":{"rendered":"https:\/\/www.pei.si\/toy-plus\/"},"modified":"2019-09-13T11:29:47","modified_gmt":"2019-09-13T11:29:47","slug":"toy-plus","status":"publish","type":"page","link":"https:\/\/www.pei.si\/en\/research-activities\/projekti\/toy-plus\/","title":{"rendered":"TOY PLUS"},"content":{"rendered":"<h4 class=\"inline no-margin-bottom c-title\">Skupaj stari in mladi: u\u010denje in krepitev kompetenc praktikov<\/h4>\n<p>Cilji projekta TOY PLUS, financiranega iz programa Erasmus+ so:<\/p>\n<ul>\n<li>razvijanje ve\u0161\u010din in kompetenc za zagotavljanje uspe\u0161nih dejavnosti medgeneracijskega u\u010denja,<\/li>\n<li>spodbujanje ozave\u0161\u010denosti in strokovnega znanja med strokovnjaki za oblikovanje vklju\u010dujo\u010dih skupnosti za vse starosti.<\/li>\n<\/ul>\n<p>Razvili, testirali in raz\u0161irjali bomo\u00a0inovativne\u00a0spletne\u00a0u\u010dne\u00a0na\u010drte\u00a0in metodologije na podro\u010dju medgeneracijskega u\u010denja za strokovne delavce v pred\u0161olski vzgoji in varstvu, socialnem varstvu in delu v skupnosti. Posebni moduli v posameznih u\u010dnih na\u010drtih se bodo osredoto\u010dil na vklju\u010devanje novo prispelih in reziden\u010dnih migrantov ter Romov v medgeneracijsko u\u010denje kot na\u010dina za spodbujanje medkulturnega dialoga, sodelovanja in socialno vklju\u010denost.<\/p>\n<p>Prav tako bomo razvili in preizkusili orodje za ocenjevanje in izbolj\u0161evanje kakovosti dejavnosti medgeneracijskega u\u010denja\u00a0(<a href=\"http:\/\/www.korakzakorakom.si\/storage\/app\/files\/brochure_toy_Slov.pdf\">TOY za kakovost<\/a>).<\/p>\n<p>Projekt se izvaja od novembra 2016 do oktobra 2018.<\/p>\n<p>Spletna stran projekta:\u00a0<a href=\"http:\/\/www.toyproject.net\/project\/toy-plus\/\">http:\/\/www.toyproject.net\/project\/toy-plus\/<\/a><\/p>\n","protected":false},"excerpt":{"rendered":"<p>Skupaj stari in mladi: u\u010denje in krepitev kompetenc praktikov Cilji projekta TOY PLUS, financiranega iz programa Erasmus+ so: razvijanje ve\u0161\u010din in kompetenc za zagotavljanje uspe\u0161nih dejavnosti medgeneracijskega u\u010denja, spodbujanje ozave\u0161\u010denosti in strokovnega znanja med strokovnjaki za oblikovanje vklju\u010dujo\u010dih skupnosti za vse starosti. Razvili, testirali in raz\u0161irjali bomo\u00a0inovativne\u00a0spletne\u00a0u\u010dne\u00a0na\u010drte\u00a0in metodologije na podro\u010dju medgeneracijskega u\u010denja za strokovne delavce [&hellip;]<\/p>\n","protected":false},"author":5,"featured_media":0,"parent":3388,"menu_order":0,"comment_status":"closed","ping_status":"closed","template":"","meta":{"_acf_changed":false,"footnotes":""},"class_list":["post-3249","page","type-page","status-publish","hentry"],"acf":[],"_links":{"self":[{"href":"https:\/\/www.pei.si\/en\/wp-json\/wp\/v2\/pages\/3249","targetHints":{"allow":["GET"]}}],"collection":[{"href":"https:\/\/www.pei.si\/en\/wp-json\/wp\/v2\/pages"}],"about":[{"href":"https:\/\/www.pei.si\/en\/wp-json\/wp\/v2\/types\/page"}],"author":[{"embeddable":true,"href":"https:\/\/www.pei.si\/en\/wp-json\/wp\/v2\/users\/5"}],"replies":[{"embeddable":true,"href":"https:\/\/www.pei.si\/en\/wp-json\/wp\/v2\/comments?post=3249"}],"version-history":[{"count":1,"href":"https:\/\/www.pei.si\/en\/wp-json\/wp\/v2\/pages\/3249\/revisions"}],"predecessor-version":[{"id":5423,"href":"https:\/\/www.pei.si\/en\/wp-json\/wp\/v2\/pages\/3249\/revisions\/5423"}],"up":[{"embeddable":true,"href":"https:\/\/www.pei.si\/en\/wp-json\/wp\/v2\/pages\/3388"}],"wp:attachment":[{"href":"https:\/\/www.pei.si\/en\/wp-json\/wp\/v2\/media?parent=3249"}],"curies":[{"name":"wp","href":"https:\/\/api.w.org\/{rel}","templated":true}]}}