{"id":3250,"date":"2019-01-11T13:23:40","date_gmt":"2019-01-11T13:23:40","guid":{"rendered":"https:\/\/www.pei.si\/khetaun\/"},"modified":"2019-09-13T11:25:47","modified_gmt":"2019-09-13T11:25:47","slug":"khetaun","status":"publish","type":"page","link":"https:\/\/www.pei.si\/en\/research-activities\/projekti\/khetaun\/","title":{"rendered":"Khetaun"},"content":{"rendered":"<div class=\"section-block padding-bottom-1\">\n<div class=\"row\">\n<div class=\"column width-12\">\n<div class=\"title-container\">\n<div class=\"title-container-inner\">\n<h4 class=\"inline no-margin-bottom c-title\">Skupaj: S klju\u010dnimi koraki do vklju\u010denosti romskih otrok v kakovostne pred\u0161olske programe<\/h4>\n<\/div>\n<\/div>\n<\/div>\n<\/div>\n<\/div>\n<div class=\"section-block clearfix no-padding\">\n<div class=\"post-info boxed\">\n<div class=\"row\">\n<div class=\"column width-12 content-inner blog-single-post\">\n<article class=\"post\">\n<div class=\"post-content\">\n<p>Khetaun (Skupaj): S klju\u010dnimi koraki do vklju\u010denosti romskih otrok v kakovostne pred\u0161olske programe je projekt programa Erasmus+ (strate\u0161ko partnerstvo na podro\u010dju \u0161olskega izobra\u017eevanja) v katerem sodelujemo s \u0161e tremi partnerji iz treh dr\u017eav (Latvija, \u010ce\u0161ka, Slova\u0161ka).<\/p>\n<p>Cilj projekta je na podlagi preteklih izku\u0161enj partnerskih organizacij oblikovati celostni model, ki vklju\u010duje tako delo z otroki, star\u0161i in lokalno skupnostjo ter vzgojiteljem pomaga ozavestiti njihove implicitne teorije, ki so dostikrat ovira pri uspe\u0161ni implementaciji novosti.<\/p>\n<p>Aktivnosti v projektu bodo temeljite na izvedbi \u0161tirih razli\u010dnih usposabljanj:<\/p>\n<ul>\n<li>O pomenu pred\u0161olske vzgoje in zagotavljanja socialne pravi\u010dnosti v vzgoji in izobra\u017eevanju;<\/li>\n<li>Vzpostavljanje zaupanja ter povezovanje vrtca z razli\u010dnimi akterji znotraj lokalne skupnosti;<\/li>\n<li>Dejavnosti za otroke, ki niso vklju\u010deni v vrtec, in njihove star\u0161e;<\/li>\n<li>Programi za opolnomo\u010denje romskih dru\u017ein pri vzgojnem delu in spodbujanju otrokovega razvoja ter oblikovanje jezikovno, kulturno in razvojno primernega ve\u010djezi\u010dnega gradiva za otroke.<\/li>\n<\/ul>\n<p>Nacionalni projektni partner: Vrtec \u0160entvid, Ljubljana.<\/p>\n<p><a href=\"http:\/\/khetaun.pei.si\/\">khetaun.pei.si<\/a><\/p>\n<\/div>\n<\/article>\n<\/div>\n<\/div>\n<\/div>\n<\/div>\n","protected":false},"excerpt":{"rendered":"<p>Skupaj: S klju\u010dnimi koraki do vklju\u010denosti romskih otrok v kakovostne pred\u0161olske programe Khetaun (Skupaj): S klju\u010dnimi koraki do vklju\u010denosti romskih otrok v kakovostne pred\u0161olske programe je projekt programa Erasmus+ (strate\u0161ko partnerstvo na podro\u010dju \u0161olskega izobra\u017eevanja) v katerem sodelujemo s \u0161e tremi partnerji iz treh dr\u017eav (Latvija, \u010ce\u0161ka, Slova\u0161ka). Cilj projekta je na podlagi preteklih izku\u0161enj [&hellip;]<\/p>\n","protected":false},"author":5,"featured_media":0,"parent":3388,"menu_order":0,"comment_status":"closed","ping_status":"closed","template":"","meta":{"_acf_changed":false,"footnotes":""},"class_list":["post-3250","page","type-page","status-publish","hentry"],"acf":[],"_links":{"self":[{"href":"https:\/\/www.pei.si\/en\/wp-json\/wp\/v2\/pages\/3250","targetHints":{"allow":["GET"]}}],"collection":[{"href":"https:\/\/www.pei.si\/en\/wp-json\/wp\/v2\/pages"}],"about":[{"href":"https:\/\/www.pei.si\/en\/wp-json\/wp\/v2\/types\/page"}],"author":[{"embeddable":true,"href":"https:\/\/www.pei.si\/en\/wp-json\/wp\/v2\/users\/5"}],"replies":[{"embeddable":true,"href":"https:\/\/www.pei.si\/en\/wp-json\/wp\/v2\/comments?post=3250"}],"version-history":[{"count":1,"href":"https:\/\/www.pei.si\/en\/wp-json\/wp\/v2\/pages\/3250\/revisions"}],"predecessor-version":[{"id":5420,"href":"https:\/\/www.pei.si\/en\/wp-json\/wp\/v2\/pages\/3250\/revisions\/5420"}],"up":[{"embeddable":true,"href":"https:\/\/www.pei.si\/en\/wp-json\/wp\/v2\/pages\/3388"}],"wp:attachment":[{"href":"https:\/\/www.pei.si\/en\/wp-json\/wp\/v2\/media?parent=3250"}],"curies":[{"name":"wp","href":"https:\/\/api.w.org\/{rel}","templated":true}]}}