{"id":3251,"date":"2019-01-11T13:13:27","date_gmt":"2019-01-11T13:13:27","guid":{"rendered":"https:\/\/www.pei.si\/equap\/"},"modified":"2019-09-13T11:24:52","modified_gmt":"2019-09-13T11:24:52","slug":"equap","status":"publish","type":"page","link":"https:\/\/www.pei.si\/en\/research-activities\/projekti\/equap\/","title":{"rendered":"EQUAP"},"content":{"rendered":"<div class=\"section-block padding-bottom-1\">\n<div class=\"row\">\n<div class=\"column width-12\">\n<div class=\"title-container\">\n<div class=\"title-container-inner\">\n<h4 class=\"inline no-margin-bottom c-title\">Krepitev kakovosti pred\u0161olske vzgoje preko participacije (EQUAP)<\/h4>\n<\/div>\n<\/div>\n<\/div>\n<\/div>\n<\/div>\n<div class=\"section-block clearfix no-padding\">\n<div class=\"post-info boxed\">\n<div class=\"row\">\n<div class=\"column width-12 content-inner blog-single-post\">\n<article class=\"post\">\n<div class=\"post-content\">\n<p>Krepitev kakovosti pred\u0161olske vzgoje preko participacije (EQUAP) je projekt programa Erasmus+ (strate\u0161ko partnerstvo na podro\u010dju \u0161olskega izobra\u017eevanja), v katerem smo v letih 2014-2017 sodelovali\u00a0s \u0161e desetimi partnerji iz sedmih dr\u017eav (Italija, Latvija, Gr\u010dija, \u0160vedska, Portugalska, Belgija, Slovenija). V strate\u0161ko partnerstvo so bili vklju\u010deni 3 vrtci, 2 lokalni organizaciji, ki upravljata z vrtci, 1 organizacija, ki izvaja izobra\u017eevanja, 2 univerzi, 2 raziskovalni in\u0161tituciji in 1 transnacionalna mre\u017ea.<\/p>\n<p>Opravili smo\u00a0raziskavo na temo participacije dru\u017ein v pred\u0161olski vzgoji, izmenjali dobre prakse ter oblikovali kazalnike kakovosti na temo participacije dru\u017ein. Te dejavnosti so\u00a0vodile k oblikovanju\u00a0<strong>zbirke orodij &#8211; toolboxa<\/strong>, katerega cilj je spodbujanje participacije dru\u017ein v pred\u0161olski vzgoji in varstvu v sistemih na lokalni\/nacionalni ravni.<\/p>\n<p><a href=\"http:\/\/www.equap.eu\/\">www.equap.eu\/<\/a><\/p>\n<\/div>\n<\/article>\n<\/div>\n<\/div>\n<\/div>\n<\/div>\n","protected":false},"excerpt":{"rendered":"<p>Krepitev kakovosti pred\u0161olske vzgoje preko participacije (EQUAP) Krepitev kakovosti pred\u0161olske vzgoje preko participacije (EQUAP) je projekt programa Erasmus+ (strate\u0161ko partnerstvo na podro\u010dju \u0161olskega izobra\u017eevanja), v katerem smo v letih 2014-2017 sodelovali\u00a0s \u0161e desetimi partnerji iz sedmih dr\u017eav (Italija, Latvija, Gr\u010dija, \u0160vedska, Portugalska, Belgija, Slovenija). V strate\u0161ko partnerstvo so bili vklju\u010deni 3 vrtci, 2 lokalni organizaciji, [&hellip;]<\/p>\n","protected":false},"author":5,"featured_media":0,"parent":3388,"menu_order":0,"comment_status":"closed","ping_status":"closed","template":"","meta":{"_acf_changed":false,"footnotes":""},"class_list":["post-3251","page","type-page","status-publish","hentry"],"acf":[],"_links":{"self":[{"href":"https:\/\/www.pei.si\/en\/wp-json\/wp\/v2\/pages\/3251","targetHints":{"allow":["GET"]}}],"collection":[{"href":"https:\/\/www.pei.si\/en\/wp-json\/wp\/v2\/pages"}],"about":[{"href":"https:\/\/www.pei.si\/en\/wp-json\/wp\/v2\/types\/page"}],"author":[{"embeddable":true,"href":"https:\/\/www.pei.si\/en\/wp-json\/wp\/v2\/users\/5"}],"replies":[{"embeddable":true,"href":"https:\/\/www.pei.si\/en\/wp-json\/wp\/v2\/comments?post=3251"}],"version-history":[{"count":1,"href":"https:\/\/www.pei.si\/en\/wp-json\/wp\/v2\/pages\/3251\/revisions"}],"predecessor-version":[{"id":5417,"href":"https:\/\/www.pei.si\/en\/wp-json\/wp\/v2\/pages\/3251\/revisions\/5417"}],"up":[{"embeddable":true,"href":"https:\/\/www.pei.si\/en\/wp-json\/wp\/v2\/pages\/3388"}],"wp:attachment":[{"href":"https:\/\/www.pei.si\/en\/wp-json\/wp\/v2\/media?parent=3251"}],"curies":[{"name":"wp","href":"https:\/\/api.w.org\/{rel}","templated":true}]}}