{"id":3252,"date":"2019-01-11T13:02:49","date_gmt":"2019-01-11T13:02:49","guid":{"rendered":"https:\/\/www.pei.si\/eufolio\/"},"modified":"2019-09-13T11:25:11","modified_gmt":"2019-09-13T11:25:11","slug":"eufolio","status":"publish","type":"page","link":"https:\/\/www.pei.si\/en\/research-activities\/projekti\/eufolio\/","title":{"rendered":"EUFolio"},"content":{"rendered":"<h4><b>Elektronski listovnik u\u010denca in u\u010ditelja<\/b><\/h4>\n<p><em>Vodja projekta na PI:<\/em> <a href=\"https:\/\/www.pei.si\/en\/zaposleni\/klemencic-eva\/\">dr. Eva Klemen\u010di\u010d<\/a><\/p>\n<p><em>Trajanje projekta:<\/em> 2013 &#8211; 2015<\/p>\n<p>&nbsp;<\/p>\n<p>Cilj projekta EUFolio je oblikovanje in preizku\u0161anje inovativnih pristopov k uporabi e-portfolijev (e-listovnikov) ter podpora uvajanju inovativnih u\u010dnih okolij ob uporabi informacijske in komunikacijske tehnologije v Evropi.<\/p>\n<p>V projektu smo do sedaj analizirali obstoje\u010de pristope k uvajanu e-listovnikov, vklju\u010dno z analizo uvajanja prisotopov formativnega spremljanja in na podlagi ugotovitev izdelali modele uvajanja e-listovnikov v izobra\u017eevanje. Tako pripravljene pilotno preizku\u0161amo v osnovnih in srednjih \u0161olah v\u00a0 petih dr\u017eavah: na Cipru in Irskem ter v Litvi, Sloveniji in \u0160paniji.<\/p>\n<p>Projekt se je za\u010del maja 2013 in bo kon\u010dan aprila 2015, v njem pa sodeluje 14 ustanov iz 7 dr\u017eav, ob na\u0161tetih dr\u017eavah, v katerih potekajo pilotne izvedbe, \u0161e Avstrija in Bolgarija. Projekt podpira Evropska komisija v okviru programa Vse\u017eivljenjsko u\u010denje.<\/p>\n<p>Pedago\u0161ki in\u0161titut ima v projektu EUFolio predvsem vlogo notranjega evalvatorja\u00a0 poteka projekta oziroma nadzira kvaliteto izvedbe, vendar sodeluje tudi pri vseh drugih dejavnostih na projektu. Tako smo v skladu s temeljno dejavnostjo in\u0161tituta oblikovali instrumente za spremljanje u\u010dinkov pilotnega uvajanja e-listovnikov v \u0161ole.<\/p>\n<p>Ve\u010d o projektu na spletni strani\u00a0\u00a0<a href=\"http:\/\/www.eufolio.eu\/\">EU Classroom ePortfolios \u2013 EUfolio<\/a>\u00a0(v angle\u0161\u010dini).<\/p>\n","protected":false},"excerpt":{"rendered":"<p>Elektronski listovnik u\u010denca in u\u010ditelja Vodja projekta na PI: dr. Eva Klemen\u010di\u010d Trajanje projekta: 2013 &#8211; 2015 &nbsp; Cilj projekta EUFolio je oblikovanje in preizku\u0161anje inovativnih pristopov k uporabi e-portfolijev (e-listovnikov) ter podpora uvajanju inovativnih u\u010dnih okolij ob uporabi informacijske in komunikacijske tehnologije v Evropi. V projektu smo do sedaj analizirali obstoje\u010de pristope k uvajanu [&hellip;]<\/p>\n","protected":false},"author":5,"featured_media":0,"parent":3388,"menu_order":0,"comment_status":"closed","ping_status":"closed","template":"","meta":{"_acf_changed":false,"footnotes":""},"class_list":["post-3252","page","type-page","status-publish","hentry"],"acf":[],"_links":{"self":[{"href":"https:\/\/www.pei.si\/en\/wp-json\/wp\/v2\/pages\/3252","targetHints":{"allow":["GET"]}}],"collection":[{"href":"https:\/\/www.pei.si\/en\/wp-json\/wp\/v2\/pages"}],"about":[{"href":"https:\/\/www.pei.si\/en\/wp-json\/wp\/v2\/types\/page"}],"author":[{"embeddable":true,"href":"https:\/\/www.pei.si\/en\/wp-json\/wp\/v2\/users\/5"}],"replies":[{"embeddable":true,"href":"https:\/\/www.pei.si\/en\/wp-json\/wp\/v2\/comments?post=3252"}],"version-history":[{"count":1,"href":"https:\/\/www.pei.si\/en\/wp-json\/wp\/v2\/pages\/3252\/revisions"}],"predecessor-version":[{"id":4167,"href":"https:\/\/www.pei.si\/en\/wp-json\/wp\/v2\/pages\/3252\/revisions\/4167"}],"up":[{"embeddable":true,"href":"https:\/\/www.pei.si\/en\/wp-json\/wp\/v2\/pages\/3388"}],"wp:attachment":[{"href":"https:\/\/www.pei.si\/en\/wp-json\/wp\/v2\/media?parent=3252"}],"curies":[{"name":"wp","href":"https:\/\/api.w.org\/{rel}","templated":true}]}}