{"id":3258,"date":"2019-01-09T13:31:34","date_gmt":"2019-01-09T13:31:34","guid":{"rendered":"https:\/\/www.pei.si\/skum\/"},"modified":"2021-10-04T19:13:53","modified_gmt":"2021-10-04T19:13:53","slug":"skum","status":"publish","type":"page","link":"https:\/\/www.pei.si\/en\/research-activities\/projekti\/skum\/","title":{"rendered":"SKUM"},"content":{"rendered":"<h3><strong>Razvijanje sporazumevalnih zmo\u017enosti s kulturno umetnostno vzgojo<\/strong><\/h3>\n<p><a href=\"http:\/\/www.eu-skladi.si\/ \"><img loading=\"lazy\" decoding=\"async\" class=\"alignnone wp-image-6518 size-medium\" src=\"https:\/\/www.pei.si\/wp-content\/uploads\/2020\/05\/Objem_IMG-e1590581111754-300x105.jpg\" alt=\"\" width=\"300\" height=\"105\" srcset=\"https:\/\/www.pei.si\/wp-content\/uploads\/2020\/05\/Objem_IMG-e1590581111754-300x105.jpg 300w, https:\/\/www.pei.si\/wp-content\/uploads\/2020\/05\/Objem_IMG-e1590581111754-768x269.jpg 768w, https:\/\/www.pei.si\/wp-content\/uploads\/2020\/05\/Objem_IMG-e1590581111754-250x87.jpg 250w, https:\/\/www.pei.si\/wp-content\/uploads\/2020\/05\/Objem_IMG-e1590581111754.jpg 792w\" sizes=\"auto, (max-width: 300px) 100vw, 300px\" \/><\/a> <a href=\"https:\/\/www.gov.si\/drzavni-organi\/ministrstva\/ministrstvo-za-izobrazevanje-znanost-in-sport\/\"><img loading=\"lazy\" decoding=\"async\" class=\"alignnone wp-image-2284 size-medium\" src=\"https:\/\/www.pei.si\/wp-content\/uploads\/2018\/12\/MIZS-2-300x54.jpg\" alt=\"\" width=\"300\" height=\"54\" srcset=\"https:\/\/www.pei.si\/wp-content\/uploads\/2018\/12\/MIZS-2-300x54.jpg 300w, https:\/\/www.pei.si\/wp-content\/uploads\/2018\/12\/MIZS-2-768x138.jpg 768w, https:\/\/www.pei.si\/wp-content\/uploads\/2018\/12\/MIZS-2-250x45.jpg 250w, https:\/\/www.pei.si\/wp-content\/uploads\/2018\/12\/MIZS-2.jpg 795w\" sizes=\"auto, (max-width: 300px) 100vw, 300px\" \/><\/a><\/p>\n<p><em>Projekt Razvijanje sporazumevalnih zmo\u017enosti s kulturno umetnostno vzgojo sofinancirata Evropski socialni sklad ter Ministrstvo za izobra\u017eevanje, znanost in \u0161port.<\/em><\/p>\n<p><em>vodja projekta:<\/em> <a href=\"https:\/\/www.pei.si\/en\/zaposleni\/gril-alenka\/\">dr. Alenka Gril<\/a> (2017-2020), <a href=\"https:\/\/www.pei.si\/en\/zaposleni\/bijuklic-igor\/\">dr. Igor Bijukli\u010d<\/a> (2021-2022)<\/p>\n<p><em>center:<\/em> Center za prou\u010devanje kognicije u\u010denja<\/p>\n<p><em>spletna stran projekta: <a href=\"https:\/\/www.skum.si\/\" target=\"_blank\" rel=\"noopener noreferrer\">https:\/\/www.skum.si\/<\/a><\/em><\/p>\n<p><em>\u010dasovno obdobje trajanja projekta:<\/em>\u00a02017 \u2013 2022<\/p>\n<hr \/>\n<p>V okviru projekta se bo izvajala operacija \u00bbRazvoj in udejanjanje inovativnih u\u010dnih okolij in pro\u017enih oblik u\u010denja za dvig splo\u0161nih kompetenc \u2013 razvoj sporazumevalnih zmo\u017enosti s kulturno-umetnostno vzgojo.\u00ab Namen projekta je nadalje razvijati povezave med VIZ in KU v smeri \u0161iritve inovativnih in odprtih u\u010dnih okolij, podprtih z novimi pristopi in oblikami pou\u010devanja, v smeri dviga ravni sporazumevalnih zmo\u017enosti in kompetentnosti. Posebna pozornost bo namenjena razvoju teh vsebin v kulturno manj spodbudnih okoljih in afirmaciji podro\u010dij umetnosti, ki so manj prisotne v \u0161olskem okolju (uprizoritvene umetnosti, ples ter vizualne in intermedijske umetnosti ter kreativno zlitje znanosti in umetnosti).<br \/>\nRezultati se bodo kazali v oblikovanih strokovnih podlagah za nadaljnji razvoj podro\u010dja vzgoje s pomo\u010djo umetni\u0161ke izku\u0161nje ter vklju\u010devanja KUV v celotno vertikalo izobra\u017eevanja. Preizku\u0161eni bodo didakti\u010dni pristopi ter oblikovana priporo\u010dila za dvig sporazumevalnih zmo\u017enosti s KUV. Vzpostavljene bodo trajne povezave med VIZ ter umetniki in KU. Oblikovani bodo podporno okolje za VIZ ter mehanizmi izmenjave izku\u0161enj in dobrih praks. Izoblikovane bodo smernice za nadaljnji razvoj \u0161olskih kurikulov.<\/p>\n<hr \/>\n<p><em>sodelujo\u010de partnerske organizacije:<\/em> UP PeF, UL PeF, UL\u00a0 FF, PI; VIZ (vrtci, O\u0160, S\u0160), kulturne ustanove, umetniki; skupaj 35 konzorcijskih partnerjev<\/p>\n<p><em>vir\/financer:<\/em> ESS IUO, MIZ\u0160<\/p>\n<p><img loading=\"lazy\" decoding=\"async\" class=\"alignnone size-medium wp-image-8862\" src=\"https:\/\/www.pei.si\/wp-content\/uploads\/2021\/09\/skum-300x55.jpg\" alt=\"\" width=\"300\" height=\"55\" srcset=\"https:\/\/www.pei.si\/wp-content\/uploads\/2021\/09\/skum-300x55.jpg 300w, https:\/\/www.pei.si\/wp-content\/uploads\/2021\/09\/skum-250x46.jpg 250w, https:\/\/www.pei.si\/wp-content\/uploads\/2021\/09\/skum.jpg 677w\" sizes=\"auto, (max-width: 300px) 100vw, 300px\" \/><\/p>\n","protected":false},"excerpt":{"rendered":"<p>Razvijanje sporazumevalnih zmo\u017enosti s kulturno umetnostno vzgojo Projekt Razvijanje sporazumevalnih zmo\u017enosti s kulturno umetnostno vzgojo sofinancirata Evropski socialni sklad ter Ministrstvo za izobra\u017eevanje, znanost in \u0161port. vodja projekta: dr. Alenka Gril (2017-2020), dr. Igor Bijukli\u010d (2021-2022) center: Center za prou\u010devanje kognicije u\u010denja spletna stran projekta: https:\/\/www.skum.si\/ \u010dasovno obdobje trajanja projekta:\u00a02017 \u2013 2022 V okviru projekta [&hellip;]<\/p>\n","protected":false},"author":5,"featured_media":0,"parent":3388,"menu_order":0,"comment_status":"closed","ping_status":"closed","template":"","meta":{"_acf_changed":false,"footnotes":""},"class_list":["post-3258","page","type-page","status-publish","hentry"],"acf":[],"_links":{"self":[{"href":"https:\/\/www.pei.si\/en\/wp-json\/wp\/v2\/pages\/3258","targetHints":{"allow":["GET"]}}],"collection":[{"href":"https:\/\/www.pei.si\/en\/wp-json\/wp\/v2\/pages"}],"about":[{"href":"https:\/\/www.pei.si\/en\/wp-json\/wp\/v2\/types\/page"}],"author":[{"embeddable":true,"href":"https:\/\/www.pei.si\/en\/wp-json\/wp\/v2\/users\/5"}],"replies":[{"embeddable":true,"href":"https:\/\/www.pei.si\/en\/wp-json\/wp\/v2\/comments?post=3258"}],"version-history":[{"count":8,"href":"https:\/\/www.pei.si\/en\/wp-json\/wp\/v2\/pages\/3258\/revisions"}],"predecessor-version":[{"id":9043,"href":"https:\/\/www.pei.si\/en\/wp-json\/wp\/v2\/pages\/3258\/revisions\/9043"}],"up":[{"embeddable":true,"href":"https:\/\/www.pei.si\/en\/wp-json\/wp\/v2\/pages\/3388"}],"wp:attachment":[{"href":"https:\/\/www.pei.si\/en\/wp-json\/wp\/v2\/media?parent=3258"}],"curies":[{"name":"wp","href":"https:\/\/api.w.org\/{rel}","templated":true}]}}