{"id":3259,"date":"2019-01-09T12:38:26","date_gmt":"2019-01-09T12:38:26","guid":{"rendered":"https:\/\/www.pei.si\/le-z-drugimi-smo\/"},"modified":"2021-03-03T13:07:18","modified_gmt":"2021-03-03T13:07:18","slug":"le-z-drugimi-smo","status":"publish","type":"page","link":"https:\/\/www.pei.si\/en\/research-activities\/projekti\/le-z-drugimi-smo\/","title":{"rendered":"Le z drugimi smo"},"content":{"rendered":"<h4><strong>Krepitev socialnih in dr\u017eavljanskih kompetenc strokovnih delavcev v VIZ<\/strong><\/h4>\n<p>&nbsp;<\/p>\n<p><em>vodja projekta na PI: <\/em><a href=\"https:\/\/www.pei.si\/en\/zaposleni\/gril-alenka\/\">dr. Alenka Gril<\/a><\/p>\n<p><em>center:<\/em> Center za prou\u010devanje kognicije u\u010denja<\/p>\n<p><em>spletna stran projekta:\u00a0<\/em><a href=\"https:\/\/lezdrugimismo.si\/\">https:\/\/lezdrugimismo.si\/<\/a><\/p>\n<p><em>\u010dasovno obdobje trajanja projekta:<\/em> 2016 &#8211; 2021<\/p>\n<p>&nbsp;<\/p>\n<p>Izobra\u017eevalni program Le z drugimi smo je namenjen krepitvi socialnih in dr\u017eavljanskih kompetenc strokovnih delavcev v VIZ. V okviru programa smo pripravili programe izobra\u017eevanja na sedmih tematskih podro\u010djih (kot v razpisu), ki jih izvajamo v petih seminarjih, ki obsegajo 16 ur:<\/p>\n<ol>\n<li>\u017diveti raznolikost: vklju\u010devanje priseljencev in sloven\u0161\u010dina;<\/li>\n<li>Ni\u010delna toleranca do nasilja: izzivi in problemi;<\/li>\n<li>Spo\u0161tljiva komunikacija in re\u0161evanje konfliktov;<\/li>\n<li>Izzivi sodobne dru\u017ebe v \u0161oli in vrtcu;<\/li>\n<li>Medkulturni odnosi in integracija v VIZ praksi.<\/li>\n<\/ol>\n<p>Na PI koordiniramo organizacijo in izvedbo treh od petih seminarjev (2., 3., 4.), ISIM ZRC SAZU pa koordinira organizacijo in izvedbo dveh seminarjev (1., 5.). Izvedbe seminarjev potekajo na tri organizacijske na\u010dine: mese\u010dni regijski posveti, nacionalni posvet \u2013 dvakrat letno; individualna naro\u010dila \u0161ol za usposabljanje celotnih kolektivov. Ciljna vrednost celotnega projekta je v petletnem obdobju usposobiti 10.000 strokovnih delavcev, zaposlenih na vseh ravneh vzgoje in izobra\u017eevanja (do univerzitetne ravni).<\/p>\n<p>&nbsp;<\/p>\n<p><em>Sodeloujo\u010di raziskovalci\/-ke na Pedago\u0161kem in\u0161titutut:<\/em><\/p>\n<ul>\n<li><a href=\"https:\/\/www.pei.si\/en\/zaposleni\/autor-sabina\/\">Sabina Autor<\/a> (Center za prou\u010devanje kognicije u\u010denja),<\/li>\n<li><a href=\"https:\/\/www.pei.si\/en\/zaposleni\/sardoc-mitja\/\">Mitja Sardo\u010d<\/a> (Center za dru\u017eboslovne in antorpolo\u0161ke raziskave v vzgoji in izobra\u017eevanju),<\/li>\n<li><a href=\"https:\/\/www.pei.si\/en\/zaposleni\/vidmar-masa\/\">Ma\u0161a Vidmar<\/a> (Center za evalvacijske \u0161tudije),<\/li>\n<li><a href=\"https:\/\/www.pei.si\/en\/zaposleni\/rutar-leban-tina\/\">Tina Rutar Leban<\/a> (Center za evalvacijske \u0161tudije),<\/li>\n<li><a href=\"https:\/\/www.pei.si\/en\/zaposleni\/jager-jerneja\/\">Jerneja Jager<\/a> (Center za kakovost v vzgoji in izobra\u017eevalnu Korak za korakom),<\/li>\n<li><a href=\"https:\/\/www.pei.si\/en\/zaposleni\/rezek-mateja\/\">Mateja Re\u017eek<\/a> (Center za kakovost v vzgoji in izobra\u017eevalnu Korak za korakom),<\/li>\n<li><a href=\"https:\/\/www.pei.si\/en\/zaposleni\/zgonec-petra\/\">Petra Zgonec<\/a> (Center za kakovost v vzgoji in izobra\u017eevalnu Korak za korakom),<\/li>\n<li><a href=\"https:\/\/www.pei.si\/en\/zaposleni\/zmavc-janja\/\">Janja \u017dmavc<\/a> (Center za diskurzivne \u0161tudije v vzgoji in izobra\u017eevanju),<\/li>\n<li><a href=\"https:\/\/www.pei.si\/en\/zaposleni\/bijuklic-igor\/\">Igor Bijukli\u010d<\/a> (Center za prou\u010devanje kognicije u\u010denja)<\/li>\n<\/ul>\n<p>&nbsp;<\/p>\n<p><em>sodelujo\u010de partnerske organizacije:<\/em> ZRC SAZU, Slovenska filantropija, Humanitas \u2013 dru\u0161tvo za \u010dlovekove pravice in \u010dloveku prijazne dejavnosti,\u00a0LOGOUT \u2013 center pomo\u010di pri prekomerni rabi interneta in sodobnih tehnologij, Diwan \u2013 dru\u0161tvo za kulturo in umetnost,\u00a0Dru\u0161tvo za razvijanje prostovoljnega dela Novo mesto \u2013 DRPD NM,\u00a0Zavod Petida<\/p>\n<p><em>vir\/financer:<\/em> Evropski socialni skladi (ESS), MIZ\u0160<\/p>\n","protected":false},"excerpt":{"rendered":"<p>Krepitev socialnih in dr\u017eavljanskih kompetenc strokovnih delavcev v VIZ &nbsp; vodja projekta na PI: dr. Alenka Gril center: Center za prou\u010devanje kognicije u\u010denja spletna stran projekta:\u00a0https:\/\/lezdrugimismo.si\/ \u010dasovno obdobje trajanja projekta: 2016 &#8211; 2021 &nbsp; Izobra\u017eevalni program Le z drugimi smo je namenjen krepitvi socialnih in dr\u017eavljanskih kompetenc strokovnih delavcev v VIZ. V okviru programa smo [&hellip;]<\/p>\n","protected":false},"author":5,"featured_media":0,"parent":3388,"menu_order":0,"comment_status":"closed","ping_status":"closed","template":"","meta":{"_acf_changed":false,"footnotes":""},"class_list":["post-3259","page","type-page","status-publish","hentry"],"acf":[],"_links":{"self":[{"href":"https:\/\/www.pei.si\/en\/wp-json\/wp\/v2\/pages\/3259","targetHints":{"allow":["GET"]}}],"collection":[{"href":"https:\/\/www.pei.si\/en\/wp-json\/wp\/v2\/pages"}],"about":[{"href":"https:\/\/www.pei.si\/en\/wp-json\/wp\/v2\/types\/page"}],"author":[{"embeddable":true,"href":"https:\/\/www.pei.si\/en\/wp-json\/wp\/v2\/users\/5"}],"replies":[{"embeddable":true,"href":"https:\/\/www.pei.si\/en\/wp-json\/wp\/v2\/comments?post=3259"}],"version-history":[{"count":3,"href":"https:\/\/www.pei.si\/en\/wp-json\/wp\/v2\/pages\/3259\/revisions"}],"predecessor-version":[{"id":8249,"href":"https:\/\/www.pei.si\/en\/wp-json\/wp\/v2\/pages\/3259\/revisions\/8249"}],"up":[{"embeddable":true,"href":"https:\/\/www.pei.si\/en\/wp-json\/wp\/v2\/pages\/3388"}],"wp:attachment":[{"href":"https:\/\/www.pei.si\/en\/wp-json\/wp\/v2\/media?parent=3259"}],"curies":[{"name":"wp","href":"https:\/\/api.w.org\/{rel}","templated":true}]}}