{"id":3261,"date":"2019-01-09T10:41:09","date_gmt":"2019-01-09T10:41:09","guid":{"rendered":"https:\/\/www.pei.si\/evalvacija-npvs\/"},"modified":"2019-09-13T11:25:29","modified_gmt":"2019-09-13T11:25:29","slug":"evalvacija-npvs","status":"publish","type":"page","link":"https:\/\/www.pei.si\/en\/research-activities\/projekti\/evalvacija-npvs\/","title":{"rendered":"Evalvacija NPV\u0160"},"content":{"rendered":"<p><em>vodja projekta: <\/em><a href=\"https:\/\/www.pei.si\/en\/zaposleni\/gril-alenka\/\">dr. Alenka Gril<\/a><\/p>\n<p><em>center:<\/em> \u00a0Center za prou\u010devanje kognicije u\u010denja<\/p>\n<p><em>\u010dasovno obdobje trajanja projekta:<\/em> <em>2016 &#8211; <\/em>2018<\/p>\n<p>&nbsp;<\/p>\n<p>Cilj projekta je priprava celovitega strokovnega poro\u010dila z oceno izvajanja in uresni\u010devanja sprejetih ciljev in ukrepov ReNPV\u016011-20 za leto 2016 in za leto 2017, na podro\u010djih: visoko\u0161olski sistem, struktura \u0161tudija in visoko\u0161olskih kvalifikacij, financiranje, raznolikost in razli\u010dnost, kakovost in odgovornost, internacionalizacija ter socialna razse\u017enost, za vseh 46 ukrepov; priprava analize vzrokov za neizvajanje posameznih ukrepov.<\/p>\n<p>&nbsp;<\/p>\n<p><em>Sodeloujo\u010di raziskovalci\/-ke na Pedago\u0161kem in\u0161titutut:<\/em><\/p>\n<ul>\n<li><a href=\"https:\/\/www.pei.si\/en\/zaposleni\/autor-sabina\/\">Sabina Autor<\/a> (Center za prou\u010devanje kognicije u\u010denja),<\/li>\n<li><a href=\"https:\/\/www.pei.si\/en\/zaposleni\/bijuklic-igor\/\">Igor Bijukli\u010d<\/a> (Center za prou\u010devanje kognicije u\u010denja)<\/li>\n<\/ul>\n<p>&nbsp;<\/p>\n<p><em>vir\/financer:<\/em> MIZ\u0160, direktorat za visoko \u0161olstvo in znanost<\/p>\n","protected":false},"excerpt":{"rendered":"<p>vodja projekta: dr. Alenka Gril center: \u00a0Center za prou\u010devanje kognicije u\u010denja \u010dasovno obdobje trajanja projekta: 2016 &#8211; 2018 &nbsp; Cilj projekta je priprava celovitega strokovnega poro\u010dila z oceno izvajanja in uresni\u010devanja sprejetih ciljev in ukrepov ReNPV\u016011-20 za leto 2016 in za leto 2017, na podro\u010djih: visoko\u0161olski sistem, struktura \u0161tudija in visoko\u0161olskih kvalifikacij, financiranje, raznolikost in [&hellip;]<\/p>\n","protected":false},"author":5,"featured_media":0,"parent":3388,"menu_order":0,"comment_status":"closed","ping_status":"closed","template":"","meta":{"_acf_changed":false,"footnotes":""},"class_list":["post-3261","page","type-page","status-publish","hentry"],"acf":[],"_links":{"self":[{"href":"https:\/\/www.pei.si\/en\/wp-json\/wp\/v2\/pages\/3261","targetHints":{"allow":["GET"]}}],"collection":[{"href":"https:\/\/www.pei.si\/en\/wp-json\/wp\/v2\/pages"}],"about":[{"href":"https:\/\/www.pei.si\/en\/wp-json\/wp\/v2\/types\/page"}],"author":[{"embeddable":true,"href":"https:\/\/www.pei.si\/en\/wp-json\/wp\/v2\/users\/5"}],"replies":[{"embeddable":true,"href":"https:\/\/www.pei.si\/en\/wp-json\/wp\/v2\/comments?post=3261"}],"version-history":[{"count":2,"href":"https:\/\/www.pei.si\/en\/wp-json\/wp\/v2\/pages\/3261\/revisions"}],"predecessor-version":[{"id":4170,"href":"https:\/\/www.pei.si\/en\/wp-json\/wp\/v2\/pages\/3261\/revisions\/4170"}],"up":[{"embeddable":true,"href":"https:\/\/www.pei.si\/en\/wp-json\/wp\/v2\/pages\/3388"}],"wp:attachment":[{"href":"https:\/\/www.pei.si\/en\/wp-json\/wp\/v2\/media?parent=3261"}],"curies":[{"name":"wp","href":"https:\/\/api.w.org\/{rel}","templated":true}]}}