{"id":3262,"date":"2019-01-09T10:17:08","date_gmt":"2019-01-09T10:17:08","guid":{"rendered":"https:\/\/www.pei.si\/ettecec\/"},"modified":"2019-09-13T11:09:53","modified_gmt":"2019-09-13T11:09:53","slug":"ettecec","status":"publish","type":"page","link":"https:\/\/www.pei.si\/en\/research-activities\/projekti\/ettecec\/","title":{"rendered":"ETTECEC"},"content":{"rendered":"<h4><strong>Zgodnja pozornost inkluziji otrok z motnjami avtisti\u010dnega spektra v pred\u0161olsko vzgojo in varstvo (Early attention for the inclusion of children with autism spectrum disorder in ECEC systems)<\/strong><\/h4>\n<p><em>vodja projekta na PI:<\/em><a href=\"https:\/\/www.pei.si\/en\/zaposleni\/vidmar-masa\/\">\u00a0dr. Ma\u0161a\u00a0 Vidmar<\/a><\/p>\n<p><em>center:<\/em> Center za evalvacijske \u0161tudije<\/p>\n<p><em>spletna stran projekta:\u00a0<\/em><a href=\"https:\/\/ettecec.wordpress.com\/\">https:\/\/ettecec.wordpress.com\/<\/a><\/p>\n<p><em>\u010dasovno obdobje trajanja projekta:<\/em>\u00a02017 &#8211; 2019<\/p>\n<p>&nbsp;<\/p>\n<p>Oktobra 2017 se je pri\u010del nov Erasmus+ K2 projekt ETTECEC: zgodnja pozornost inkluziji otrok z motnjami avtisti\u010dnega spektra v pred\u0161olsko vzgojo in varstvo (angl. <em>Early aTTention for the inclusion of children with autism spectrum disorders in Early Childhood Education and Care systems<\/em>), ki se osredoto\u010da na izobra\u017eevanje in trening vzgojiteljev, s ciljem zmanj\u0161evanja razlik in spodbujanjem vklju\u010devanja vseh otrok. Projekt zdru\u017euje akademike in praktike iz razli\u010dnih centrov v Evropi, saj z organizacijo <em>Mi Hijo y Yo (\u0160panija), ki projekt vodi,<\/em> sodelujejo tudi: <em>Pedago\u0161ki in\u0161titut<\/em> in <em>Svetovalnica za avtizem<\/em> (Slovenija), <em>Autisme-Europe AISBL<\/em> (Belgija), <em>Schola empirica<\/em> in <em>Fakultn\u00ed z\u00e1kladn\u00ed \u0161kola a mate\u0159sk\u00e1 \u0161kola p\u0159i PedF UK Barrandov II<\/em> (\u010ce\u0161ka republika).<\/p>\n<p>Projekt ETTECEC se tako osredinja na izbolj\u0161avo sistemov PVV v partnerskih regijah, preko vklju\u010devanja in izogibanju segregacije otrok z avtizmom, kar bo otrokom omogo\u010dalo bolj\u0161o pripravljenost za vstop v \u0161olo.<\/p>\n<p>V projektu bomo razvili spletni trening za vzgojitelje, ki jim bo nudil potrebna znanja in zmo\u017enost za pridobivanje kompetenc, ki jih potrebujejo za vklju\u010devanje otrok z motnjami avtisti\u010dnega spektra v dejavnosti v vrtcu in posledi\u010dno zmanj\u0161evanje razlik v dose\u017ekih med otroki. V pilotnem treningu novo nastalih metod bo sodelovalo 18 vzgojiteljev iz petih vrtcev, kar bo posredno vplivalo na 270 otrok. V raziskavi bodo vklju\u010deni vrtci iz Slovenije, \u010ce\u0161ke republike in Kanarskih otokov. Trening je zastavljen kot inovativen pedago\u0161ki pristop, ki temelji na paradigmi vklju\u010devanja v izobra\u017eevanje. Razvoj spletnega treninga za vzgojitelje je usmerjen v krepitev njihovih sposobnosti vklju\u010devanja otrok starih med 0 in 6 let (pred\u0161olska vzgoja) v vse dejavnosti. Njegovo temeljno filozofijo bi lahko ob upo\u0161tevanju razli\u010dnih potreb in zna\u010dilnosti u\u010dencev, uspe\u0161no prenesli tudi na druge ravni izobra\u017eevanja, kjer je enako pomembna.<\/p>\n<p>&nbsp;<\/p>\n<p><em>Sodeloujo\u010di raziskovalci\/-ke na Pedago\u0161kem in\u0161titutu:<\/em><\/p>\n<ul>\n<li><a href=\"https:\/\/www.pei.si\/en\/zaposleni\/veldin-manja\/\">Manja Veldin<\/a><\/li>\n<li><a href=\"https:\/\/www.pei.si\/en\/zaposleni\/vrsnik-perse-tina\/\">Tina Vr\u0161nik Per\u0161e<\/a><\/li>\n<li><a href=\"https:\/\/www.pei.si\/en\/zaposleni\/gerzina-suzana\/\">Suzana Ger\u017eina<\/a><\/li>\n<\/ul>\n<p>&nbsp;<\/p>\n<p><em>sodelujo\u010de partnerske organizacije:\u00a0<\/em>Svetovalnica za avtizem (Slovenija), Fakultni zakladni skola a materska skola Barrandov II pri PedF UK (\u010ce\u0161ka), Schola Empirica (\u010ce\u0161ka), Autisme-Europe AISBL (Belgija)<\/p>\n<p><em>vir\/financer:<\/em> Erasmus KA2<\/p>\n","protected":false},"excerpt":{"rendered":"<p>Zgodnja pozornost inkluziji otrok z motnjami avtisti\u010dnega spektra v pred\u0161olsko vzgojo in varstvo (Early attention for the inclusion of children with autism spectrum disorder in ECEC systems) vodja projekta na PI:\u00a0dr. Ma\u0161a\u00a0 Vidmar center: Center za evalvacijske \u0161tudije spletna stran projekta:\u00a0https:\/\/ettecec.wordpress.com\/ \u010dasovno obdobje trajanja projekta:\u00a02017 &#8211; 2019 &nbsp; Oktobra 2017 se je pri\u010del nov Erasmus+ [&hellip;]<\/p>\n","protected":false},"author":5,"featured_media":0,"parent":3388,"menu_order":0,"comment_status":"closed","ping_status":"closed","template":"","meta":{"_acf_changed":false,"footnotes":""},"class_list":["post-3262","page","type-page","status-publish","hentry"],"acf":[],"_links":{"self":[{"href":"https:\/\/www.pei.si\/en\/wp-json\/wp\/v2\/pages\/3262","targetHints":{"allow":["GET"]}}],"collection":[{"href":"https:\/\/www.pei.si\/en\/wp-json\/wp\/v2\/pages"}],"about":[{"href":"https:\/\/www.pei.si\/en\/wp-json\/wp\/v2\/types\/page"}],"author":[{"embeddable":true,"href":"https:\/\/www.pei.si\/en\/wp-json\/wp\/v2\/users\/5"}],"replies":[{"embeddable":true,"href":"https:\/\/www.pei.si\/en\/wp-json\/wp\/v2\/comments?post=3262"}],"version-history":[{"count":1,"href":"https:\/\/www.pei.si\/en\/wp-json\/wp\/v2\/pages\/3262\/revisions"}],"predecessor-version":[{"id":4121,"href":"https:\/\/www.pei.si\/en\/wp-json\/wp\/v2\/pages\/3262\/revisions\/4121"}],"up":[{"embeddable":true,"href":"https:\/\/www.pei.si\/en\/wp-json\/wp\/v2\/pages\/3388"}],"wp:attachment":[{"href":"https:\/\/www.pei.si\/en\/wp-json\/wp\/v2\/media?parent=3262"}],"curies":[{"name":"wp","href":"https:\/\/api.w.org\/{rel}","templated":true}]}}