{"id":3263,"date":"2019-01-09T09:41:34","date_gmt":"2019-01-09T09:41:34","guid":{"rendered":"https:\/\/www.pei.si\/e-read\/"},"modified":"2019-09-13T11:24:15","modified_gmt":"2019-09-13T11:24:15","slug":"e-read","status":"publish","type":"page","link":"https:\/\/www.pei.si\/en\/research-activities\/projekti\/e-read\/","title":{"rendered":"E-READ"},"content":{"rendered":"<h4><strong>Evolution of Reading in the Age of Digitisation<\/strong><\/h4>\n<p>&nbsp;<\/p>\n<p><em>vodja projekta: <\/em><a href=\"https:\/\/www.pei.si\/en\/zaposleni\/zagar-igor\/\">dr. Igor. \u017d. \u017dagar<\/a><\/p>\n<p><em>center: <\/em>Center za diskurzivne \u0161tudije v vzgoji in izobra\u017eevanju<\/p>\n<p><em>\u010dasovno obdobje trajanja projekta:<\/em>\u00a02014 \u2013 2018<\/p>\n<p>&nbsp;<\/p>\n<p>Projekt analizira razlike v\/pri branju s papirja in v\/pri branju z digitalnih platform (\u0161e posebej v primeru \u0161olskih materialov).<\/p>\n<p>&nbsp;<\/p>\n<p><em>sodelujo\u010de partnerske organizacije:<\/em> konzorcij in\u0161titucij iz 52 dr\u017eav<\/p>\n<p><em>vir\/financer:<\/em> Evropska komisija<\/p>\n","protected":false},"excerpt":{"rendered":"<p>Evolution of Reading in the Age of Digitisation &nbsp; vodja projekta: dr. Igor. \u017d. \u017dagar center: Center za diskurzivne \u0161tudije v vzgoji in izobra\u017eevanju \u010dasovno obdobje trajanja projekta:\u00a02014 \u2013 2018 &nbsp; Projekt analizira razlike v\/pri branju s papirja in v\/pri branju z digitalnih platform (\u0161e posebej v primeru \u0161olskih materialov). &nbsp; sodelujo\u010de partnerske organizacije: konzorcij [&hellip;]<\/p>\n","protected":false},"author":5,"featured_media":0,"parent":3388,"menu_order":0,"comment_status":"closed","ping_status":"closed","template":"","meta":{"_acf_changed":false,"footnotes":""},"class_list":["post-3263","page","type-page","status-publish","hentry"],"acf":[],"_links":{"self":[{"href":"https:\/\/www.pei.si\/en\/wp-json\/wp\/v2\/pages\/3263","targetHints":{"allow":["GET"]}}],"collection":[{"href":"https:\/\/www.pei.si\/en\/wp-json\/wp\/v2\/pages"}],"about":[{"href":"https:\/\/www.pei.si\/en\/wp-json\/wp\/v2\/types\/page"}],"author":[{"embeddable":true,"href":"https:\/\/www.pei.si\/en\/wp-json\/wp\/v2\/users\/5"}],"replies":[{"embeddable":true,"href":"https:\/\/www.pei.si\/en\/wp-json\/wp\/v2\/comments?post=3263"}],"version-history":[{"count":2,"href":"https:\/\/www.pei.si\/en\/wp-json\/wp\/v2\/pages\/3263\/revisions"}],"predecessor-version":[{"id":4163,"href":"https:\/\/www.pei.si\/en\/wp-json\/wp\/v2\/pages\/3263\/revisions\/4163"}],"up":[{"embeddable":true,"href":"https:\/\/www.pei.si\/en\/wp-json\/wp\/v2\/pages\/3388"}],"wp:attachment":[{"href":"https:\/\/www.pei.si\/en\/wp-json\/wp\/v2\/media?parent=3263"}],"curies":[{"name":"wp","href":"https:\/\/api.w.org\/{rel}","templated":true}]}}