{"id":3264,"date":"2019-01-09T09:28:21","date_gmt":"2019-01-09T09:28:21","guid":{"rendered":"https:\/\/www.pei.si\/objem\/"},"modified":"2021-10-04T14:44:01","modified_gmt":"2021-10-04T14:44:01","slug":"objem","status":"publish","type":"page","link":"https:\/\/www.pei.si\/en\/research-activities\/projekti\/objem\/","title":{"rendered":"OBJEM"},"content":{"rendered":"<h3><strong>Bralna pismenost in razvoj sloven\u0161\u010dine<\/strong><\/h3>\n<p><a href=\"http:\/\/www.eu-skladi.si\/ \"><img loading=\"lazy\" decoding=\"async\" class=\"alignnone wp-image-6518 size-medium\" src=\"https:\/\/www.pei.si\/wp-content\/uploads\/2020\/05\/Objem_IMG-e1590581111754-300x105.jpg\" alt=\"\" width=\"300\" height=\"105\" srcset=\"https:\/\/www.pei.si\/wp-content\/uploads\/2020\/05\/Objem_IMG-e1590581111754-300x105.jpg 300w, https:\/\/www.pei.si\/wp-content\/uploads\/2020\/05\/Objem_IMG-e1590581111754-768x269.jpg 768w, https:\/\/www.pei.si\/wp-content\/uploads\/2020\/05\/Objem_IMG-e1590581111754-250x87.jpg 250w, https:\/\/www.pei.si\/wp-content\/uploads\/2020\/05\/Objem_IMG-e1590581111754.jpg 792w\" sizes=\"auto, (max-width: 300px) 100vw, 300px\" \/><\/a> <a href=\"https:\/\/www.gov.si\/drzavni-organi\/ministrstva\/ministrstvo-za-izobrazevanje-znanost-in-sport\/\"><img loading=\"lazy\" decoding=\"async\" class=\"alignnone wp-image-2284 size-medium\" src=\"https:\/\/www.pei.si\/wp-content\/uploads\/2018\/12\/MIZS-2-300x54.jpg\" alt=\"\" width=\"300\" height=\"54\" srcset=\"https:\/\/www.pei.si\/wp-content\/uploads\/2018\/12\/MIZS-2-300x54.jpg 300w, https:\/\/www.pei.si\/wp-content\/uploads\/2018\/12\/MIZS-2-768x138.jpg 768w, https:\/\/www.pei.si\/wp-content\/uploads\/2018\/12\/MIZS-2-250x45.jpg 250w, https:\/\/www.pei.si\/wp-content\/uploads\/2018\/12\/MIZS-2.jpg 795w\" sizes=\"auto, (max-width: 300px) 100vw, 300px\" \/><\/a><\/p>\n<p><a href=\"http:\/\/www.zrss.si\/\"><img loading=\"lazy\" decoding=\"async\" class=\"alignnone wp-image-6525 size-medium\" src=\"https:\/\/www.pei.si\/wp-content\/uploads\/2020\/05\/ZRSS_barvni_lezeci-300x52.jpg\" alt=\"\" width=\"300\" height=\"52\" srcset=\"https:\/\/www.pei.si\/wp-content\/uploads\/2020\/05\/ZRSS_barvni_lezeci-300x52.jpg 300w, https:\/\/www.pei.si\/wp-content\/uploads\/2020\/05\/ZRSS_barvni_lezeci-768x133.jpg 768w, https:\/\/www.pei.si\/wp-content\/uploads\/2020\/05\/ZRSS_barvni_lezeci-250x43.jpg 250w, https:\/\/www.pei.si\/wp-content\/uploads\/2020\/05\/ZRSS_barvni_lezeci-900x156.jpg 900w, https:\/\/www.pei.si\/wp-content\/uploads\/2020\/05\/ZRSS_barvni_lezeci.jpg 1009w\" sizes=\"auto, (max-width: 300px) 100vw, 300px\" \/><\/a><\/p>\n<p><em>Nalo\u017ebo sofinancirata Republika Slovenija in Evropska unija iz Evropskega socialnega sklada.<\/em><\/p>\n<p><em>vodja projekta na PI:\u00a0<\/em>mag. <a href=\"https:\/\/www.pei.si\/en\/zaposleni\/svetlik-karmen\/\">Karmen Svetlik<\/a><\/p>\n<p><em>center:<\/em> \u00a0Infrastrukturni center<\/p>\n<p><em>spletna stran projekta:\u00a0<\/em><a href=\"https:\/\/www.zrss.si\/objava\/projekt-objem\">https:\/\/www.zrss.si\/objava\/projekt-objem<\/a><\/p>\n<p><em>\u010dasovno obdobje trajanja projekta:<\/em> 2016 &#8211; 2022<\/p>\n<hr \/>\n<p>Projekt se osredoto\u010da na bralno pismenost in razvoj sloven\u0161\u010dine. Namen projekta je dvig kompetenc in ravni pismenosti na vseh ravneh izobra\u017eevanja. Bralna pismenost je osnova vseh drugih pismenosti in ima bistven pomen pri mi\u0161ljenju in u\u010denju. Prizadevanje za doseganje vi\u0161jih ravni bralne pismenosti je tudi pomemben dejavnik ohranjanja in razvijanja jezikovne kulture. Razvite bralne zmo\u017enosti zagotavljajo dvig splo\u0161nih kompetenc u\u010dencev na vseh stopnjah \u0161olanja in jim omogo\u010dajo uspe\u0161no vklju\u010devanje v dru\u017ebo ter kasneje neposredno na trg dela. Na osnovi analize stanja, ki je izpostavila dejavnike, ki spodbujajo dvig ravni bralne pismenosti, se projekt usmerja na oblikovanje inovativnega u\u010dnega okolja preko razvoja pedago\u0161kih strategij in ustreznih pristopov ter ustreznega u\u010dnega okolja. Cilji projekta so vzpostavitev oz. nadgradnja ustvarjalnega in inovativnega u\u010dnega okolja za dvig splo\u0161nih kompetenc, vzpostavitev oz. nadgradnja celovitega in u\u010dinkovitega podpornega okolja za oblikovanje, preizku\u0161anje in implementiranje pedago\u0161kih strategij, metod in oblik dela, ob strokovni podpori javnih visoko\u0161olskih zavodov ter spremljanje dejavnosti projekta in evalviranje dose\u017ekov.<\/p>\n<hr \/>\n<p><em>sodelujo\u010de partnerske organizacije:<\/em> Zavod RS za \u0161olstvo, Univerza v Ljubljani, Univerza v Mariboru, ostali vzgojno izobra\u017eevalni zavodi (vrtci, osnovne \u0161ole, srednje \u0161ole)<\/p>\n<p><em>vir\/financer:<\/em> MIZ\u0160 (ESS projekt)<\/p>\n<p><em>finan\u010dna podpora:<\/em> Skupna vi\u0161ina sredstev, namenjenih za izvedbo projekta, zna\u0161a 2.550.000,00 EUR.<\/p>\n<p>&nbsp;<\/p>\n<p><img loading=\"lazy\" decoding=\"async\" class=\"wp-image-6535 size-full aligncenter\" src=\"https:\/\/www.pei.si\/wp-content\/uploads\/2020\/05\/BannerESS_OBJEM.jpg\" alt=\"\" width=\"700\" height=\"215\" srcset=\"https:\/\/www.pei.si\/wp-content\/uploads\/2020\/05\/BannerESS_OBJEM.jpg 700w, https:\/\/www.pei.si\/wp-content\/uploads\/2020\/05\/BannerESS_OBJEM-300x92.jpg 300w, https:\/\/www.pei.si\/wp-content\/uploads\/2020\/05\/BannerESS_OBJEM-250x77.jpg 250w\" sizes=\"auto, (max-width: 700px) 100vw, 700px\" \/><\/p>\n","protected":false},"excerpt":{"rendered":"<p>Bralna pismenost in razvoj sloven\u0161\u010dine Nalo\u017ebo sofinancirata Republika Slovenija in Evropska unija iz Evropskega socialnega sklada. vodja projekta na PI:\u00a0mag. Karmen Svetlik center: \u00a0Infrastrukturni center spletna stran projekta:\u00a0https:\/\/www.zrss.si\/objava\/projekt-objem \u010dasovno obdobje trajanja projekta: 2016 &#8211; 2022 Projekt se osredoto\u010da na bralno pismenost in razvoj sloven\u0161\u010dine. Namen projekta je dvig kompetenc in ravni pismenosti na vseh ravneh [&hellip;]<\/p>\n","protected":false},"author":5,"featured_media":0,"parent":3388,"menu_order":0,"comment_status":"closed","ping_status":"closed","template":"","meta":{"_acf_changed":false,"footnotes":""},"class_list":["post-3264","page","type-page","status-publish","hentry"],"acf":[],"_links":{"self":[{"href":"https:\/\/www.pei.si\/en\/wp-json\/wp\/v2\/pages\/3264","targetHints":{"allow":["GET"]}}],"collection":[{"href":"https:\/\/www.pei.si\/en\/wp-json\/wp\/v2\/pages"}],"about":[{"href":"https:\/\/www.pei.si\/en\/wp-json\/wp\/v2\/types\/page"}],"author":[{"embeddable":true,"href":"https:\/\/www.pei.si\/en\/wp-json\/wp\/v2\/users\/5"}],"replies":[{"embeddable":true,"href":"https:\/\/www.pei.si\/en\/wp-json\/wp\/v2\/comments?post=3264"}],"version-history":[{"count":18,"href":"https:\/\/www.pei.si\/en\/wp-json\/wp\/v2\/pages\/3264\/revisions"}],"predecessor-version":[{"id":9037,"href":"https:\/\/www.pei.si\/en\/wp-json\/wp\/v2\/pages\/3264\/revisions\/9037"}],"up":[{"embeddable":true,"href":"https:\/\/www.pei.si\/en\/wp-json\/wp\/v2\/pages\/3388"}],"wp:attachment":[{"href":"https:\/\/www.pei.si\/en\/wp-json\/wp\/v2\/media?parent=3264"}],"curies":[{"name":"wp","href":"https:\/\/api.w.org\/{rel}","templated":true}]}}