{"id":3265,"date":"2018-12-20T09:12:13","date_gmt":"2018-12-20T09:12:13","guid":{"rendered":"https:\/\/www.pei.si\/rezultati\/"},"modified":"2018-12-20T09:12:13","modified_gmt":"2018-12-20T09:12:13","slug":"rezultati","status":"publish","type":"page","link":"https:\/\/www.pei.si\/en\/research-activities\/international-comparative-research-studies-in-the-field-of-knowledge\/timss\/timss-advanced-2011\/rezultati\/","title":{"rendered":"Rezultati"},"content":{"rendered":"<ul>\n<li><a href=\"https:\/\/www.pei.si\/wp-content\/uploads\/2018\/12\/TIMSS_A_nacPorVSE.pdf\">Nacionalno poro\u010dilo\u00a0<strong>Znanje matematike in fizike med maturanti v Sloveniji in po svetu<\/strong><\/a><\/li>\n<li><a href=\"https:\/\/www.pei.si\/wp-content\/uploads\/2018\/12\/T08_povzetki.pdf\">Kratki povzetki rezultatov<\/a><\/li>\n<li><a href=\"https:\/\/www.pei.si\/wp-content\/uploads\/2018\/12\/T08_tiskovna_konferenca.pdf\">Predstavitev s tiskovne konference 9.12.2009<\/a><\/li>\n<\/ul>\n<p>&nbsp;<\/p>\n<p>Rezultati nalog\u00a0 &#8211; dele\u017ei odgovorov po vseh nalogah raziskave (tudi neobjavljenih):<\/p>\n<ul>\n<li><a href=\"https:\/\/www.pei.si\/wp-content\/uploads\/2018\/12\/TA08_MAT_ItemAlmanac.pdf\">dijaki MATEMATIKA<\/a><\/li>\n<li><a href=\"https:\/\/www.pei.si\/wp-content\/uploads\/2018\/12\/TA08_PHY_ItemAlmanac.pdf\">dijaki FIZIKA<\/a><\/li>\n<\/ul>\n<p>&nbsp;<\/p>\n<p>Vpra\u0161alniki:<\/p>\n<ul>\n<li><a href=\"https:\/\/www.pei.si\/wp-content\/uploads\/2018\/12\/VprDijakiMa.pdf\">vpra\u0161alnik za dijake &#8211; matematika<\/a><\/li>\n<li><a href=\"https:\/\/www.pei.si\/wp-content\/uploads\/2018\/12\/VprDijakiFi.pdf\">vpra\u0161alnik za dijake\u00a0 &#8211; fizika<\/a><\/li>\n<li><a href=\"https:\/\/www.pei.si\/wp-content\/uploads\/2018\/12\/VprUciteljiMa.pdf\">vpra\u0161alnik za u\u010ditelje &#8211; matematika<\/a><\/li>\n<li><a href=\"https:\/\/www.pei.si\/wp-content\/uploads\/2018\/12\/VprUciteljiFI.pdf\">vpra\u0161alnik za u\u010ditelje &#8211; fizika<\/a><\/li>\n<li><a href=\"https:\/\/www.pei.si\/wp-content\/uploads\/2018\/12\/VprRavnatelji.pdf\">\u0161olski vpra\u0161alnik<\/a><\/li>\n<li style=\"list-style-type: none;\"><\/li>\n<\/ul>\n<p>&nbsp;<\/p>\n<p>Dodatne nacionalne analize:<\/p>\n<ul>\n<li><a href=\"https:\/\/www.pei.si\/wp-content\/uploads\/2018\/12\/T08_Vehovar.pdf\">Socioekonomski in kognitivni vplivi na dose\u017eke slovenskih dijakinj in dijakov v raziskavi TIMSS 2008<\/a><\/li>\n<\/ul>\n<p>&nbsp;<\/p>\n<p>Mednarodni podatki:<\/p>\n<ul>\n<li><a href=\"http:\/\/timss.bc.edu\/\">Mednarodni koordinacijski center raziskave TIMSS<\/a><\/li>\n<li><a href=\"http:\/\/timss.bc.edu\/timss_advanced\/ir.html\">Mednarodno poro\u010dilo raziskave TIMSS Advanced 2008<\/a><\/li>\n<li><strong>Mednarodne baze podatkov\u00a0<\/strong>za raziskavo TIMSS Advanced 2008 so objavljene na spletnih straneh\u00a0<a href=\"http:\/\/timss.bc.edu\/timss_advanced\/idb.html\">TIMSS Advanced 2008<\/a><\/li>\n<\/ul>\n","protected":false},"excerpt":{"rendered":"<p>Nacionalno poro\u010dilo\u00a0Znanje matematike in fizike med maturanti v Sloveniji in po svetu Kratki povzetki rezultatov Predstavitev s tiskovne konference 9.12.2009 &nbsp; Rezultati nalog\u00a0 &#8211; dele\u017ei odgovorov po vseh nalogah raziskave (tudi neobjavljenih): dijaki MATEMATIKA dijaki FIZIKA &nbsp; Vpra\u0161alniki: vpra\u0161alnik za dijake &#8211; matematika vpra\u0161alnik za dijake\u00a0 &#8211; fizika vpra\u0161alnik za u\u010ditelje &#8211; matematika vpra\u0161alnik za [&hellip;]<\/p>\n","protected":false},"author":5,"featured_media":0,"parent":3341,"menu_order":0,"comment_status":"closed","ping_status":"closed","template":"","meta":{"_acf_changed":false,"footnotes":""},"class_list":["post-3265","page","type-page","status-publish","hentry"],"acf":[],"_links":{"self":[{"href":"https:\/\/www.pei.si\/en\/wp-json\/wp\/v2\/pages\/3265","targetHints":{"allow":["GET"]}}],"collection":[{"href":"https:\/\/www.pei.si\/en\/wp-json\/wp\/v2\/pages"}],"about":[{"href":"https:\/\/www.pei.si\/en\/wp-json\/wp\/v2\/types\/page"}],"author":[{"embeddable":true,"href":"https:\/\/www.pei.si\/en\/wp-json\/wp\/v2\/users\/5"}],"replies":[{"embeddable":true,"href":"https:\/\/www.pei.si\/en\/wp-json\/wp\/v2\/comments?post=3265"}],"version-history":[{"count":0,"href":"https:\/\/www.pei.si\/en\/wp-json\/wp\/v2\/pages\/3265\/revisions"}],"up":[{"embeddable":true,"href":"https:\/\/www.pei.si\/en\/wp-json\/wp\/v2\/pages\/3341"}],"wp:attachment":[{"href":"https:\/\/www.pei.si\/en\/wp-json\/wp\/v2\/media?parent=3265"}],"curies":[{"name":"wp","href":"https:\/\/api.w.org\/{rel}","templated":true}]}}