{"id":3266,"date":"2018-12-20T08:38:40","date_gmt":"2018-12-20T08:38:40","guid":{"rendered":"https:\/\/www.pei.si\/kontakt-in-sodelavci\/"},"modified":"2019-03-19T09:51:58","modified_gmt":"2019-03-19T09:51:58","slug":"kontakt-in-sodelavci","status":"publish","type":"page","link":"https:\/\/www.pei.si\/en\/research-activities\/international-comparative-research-studies-in-the-field-of-knowledge\/timss\/timss-2011\/kontakt-in-sodelavci\/","title":{"rendered":"Kontakt in sodelavci"},"content":{"rendered":"<p><strong>Nacionalni koordinacijski center:<\/strong><\/p>\n<ul>\n<li><a href=\"https:\/\/www.pei.si\/en\/zaposleni\/japelj-barbara\/\">Barbara Japelj Pave\u0161i\u010d<\/a> (nacionalna koordinacija, podro\u010dje matematike)<\/li>\n<li><a href=\"https:\/\/www.pei.si\/en\/zaposleni\/svetlik-karmen\/\">Karmen Svetlik<\/a> (podro\u010dje naravoslovja)<\/li>\n<li><a href=\"https:\/\/www.pei.si\/en\/zaposleni\/kozina-ana\/\">Ana Kozina<\/a> (skrbnik podatkovnih baz, podro\u010dje dejavnikov okolja)<\/li>\n<\/ul>\n<p>&nbsp;<\/p>\n<p><strong>Ostali sodelavci:<\/strong><\/p>\n<ul>\n<li><a href=\"https:\/\/www.pei.si\/en\/zaposleni\/cucek-mojca\/\">Mojca \u010cu\u010dek<\/a> (izvedba na \u0161olah)<\/li>\n<li>Mojca Ro\u017eman (mlada raziskovalka)<\/li>\n<\/ul>\n<p>&nbsp;<\/p>\n<p><em>Projekt se izvaja pod okriljem ESS projekta: Ugotavljanje in zagotavljanje kakovosti v izobra\u017eevanju in usposabljanju &#8211; Evalvacija vzgoje in izobra\u017eevanja na podlagi mednarodno priznanih metodologij, ki ga sofinancirata Evropski socialni sklad Evropske unije in Ministrstvo za izobra\u017eevanje, znanost, kulturo in \u0161port\u00a0(vodja dr. Mojca \u0160traus).<\/em><\/p>\n","protected":false},"excerpt":{"rendered":"<p>Nacionalni koordinacijski center: Barbara Japelj Pave\u0161i\u010d (nacionalna koordinacija, podro\u010dje matematike) Karmen Svetlik (podro\u010dje naravoslovja) Ana Kozina (skrbnik podatkovnih baz, podro\u010dje dejavnikov okolja) &nbsp; Ostali sodelavci: Mojca \u010cu\u010dek (izvedba na \u0161olah) Mojca Ro\u017eman (mlada raziskovalka) &nbsp; Projekt se izvaja pod okriljem ESS projekta: Ugotavljanje in zagotavljanje kakovosti v izobra\u017eevanju in usposabljanju &#8211; Evalvacija vzgoje in izobra\u017eevanja [&hellip;]<\/p>\n","protected":false},"author":5,"featured_media":0,"parent":3342,"menu_order":0,"comment_status":"closed","ping_status":"closed","template":"","meta":{"_acf_changed":false,"footnotes":""},"class_list":["post-3266","page","type-page","status-publish","hentry"],"acf":[],"_links":{"self":[{"href":"https:\/\/www.pei.si\/en\/wp-json\/wp\/v2\/pages\/3266","targetHints":{"allow":["GET"]}}],"collection":[{"href":"https:\/\/www.pei.si\/en\/wp-json\/wp\/v2\/pages"}],"about":[{"href":"https:\/\/www.pei.si\/en\/wp-json\/wp\/v2\/types\/page"}],"author":[{"embeddable":true,"href":"https:\/\/www.pei.si\/en\/wp-json\/wp\/v2\/users\/5"}],"replies":[{"embeddable":true,"href":"https:\/\/www.pei.si\/en\/wp-json\/wp\/v2\/comments?post=3266"}],"version-history":[{"count":1,"href":"https:\/\/www.pei.si\/en\/wp-json\/wp\/v2\/pages\/3266\/revisions"}],"predecessor-version":[{"id":4081,"href":"https:\/\/www.pei.si\/en\/wp-json\/wp\/v2\/pages\/3266\/revisions\/4081"}],"up":[{"embeddable":true,"href":"https:\/\/www.pei.si\/en\/wp-json\/wp\/v2\/pages\/3342"}],"wp:attachment":[{"href":"https:\/\/www.pei.si\/en\/wp-json\/wp\/v2\/media?parent=3266"}],"curies":[{"name":"wp","href":"https:\/\/api.w.org\/{rel}","templated":true}]}}