{"id":3268,"date":"2018-12-20T08:31:17","date_gmt":"2018-12-20T08:31:17","guid":{"rendered":"https:\/\/www.pei.si\/rezultati-2\/"},"modified":"2018-12-20T08:31:17","modified_gmt":"2018-12-20T08:31:17","slug":"rezultati","status":"publish","type":"page","link":"https:\/\/www.pei.si\/en\/research-activities\/international-comparative-research-studies-in-the-field-of-knowledge\/timss\/timss-2011\/rezultati\/","title":{"rendered":"Rezultati"},"content":{"rendered":"<ul>\n<li><a href=\"https:\/\/www.pei.si\/wp-content\/uploads\/2018\/12\/porocilo_timss11_celo.pdf\">Poro\u010dilo TIMSS 2011<\/a><\/li>\n<li><a href=\"https:\/\/www.pei.si\/wp-content\/uploads\/2018\/12\/O-rezultatih-raziskave-TIMSS-2011.pdf\">Povzetki rezultatov<\/a><\/li>\n<\/ul>\n<p>&nbsp;<\/p>\n<p>Naloge:<\/p>\n<ul>\n<li><a href=\"https:\/\/www.pei.si\/wp-content\/uploads\/2018\/12\/Matemati\u010dne-naloge-raziskave-TIMSS-11.pdf\">Matemati\u010dne naloge<\/a><\/li>\n<li><a href=\"https:\/\/www.pei.si\/wp-content\/uploads\/2018\/12\/Naravoslovne-naloge-raziskave-TIMSS-11.pdf\">Naravoslovne naloge<\/a><\/li>\n<\/ul>\n<p>&nbsp;<\/p>\n<ul>\n<li><a href=\"https:\/\/www.pei.si\/wp-content\/uploads\/2018\/12\/TIMSS-11-tiskovka.pdf\">Gradivo s tiskovne konference<\/a><\/li>\n<\/ul>\n<p>&nbsp;<\/p>\n<h4>Baze podatkov<\/h4>\n<p>Mednarodne podatkovne baze so javno dostopne na\u00a0<a href=\"http:\/\/timssandpirls.bc.edu\/timss2011\/international-database.html\">mednarodni spletni strani raziskave TIMSS 11<\/a>.<\/p>\n<p>Sistem sestavljajo lo\u010dene datoteke s podatki, pridobljenimi s razli\u010dnimi vpra\u0161alniki. Sistem baz je pripravljen za povezovanje med dr\u017eavami in znotraj posamezne dr\u017eave z uporabo programske opreme (<a href=\"http:\/\/www.iea.nl\/data.html\">IDB Analyzer<\/a>), ki omogo\u010da pravilne izra\u010dune dose\u017ekov in standardnih napak glede na zna\u010dilnosti kompleksnega vzorca.<\/p>\n<p>Za nacionalne analize smo pripravili podatkovne datoteke z nacionalno dodanimi spremenljivkami, ki obenem \u017ee vsebujejo tudi nekatere povezave med podatki in slovenske opise spremenljivk.\u00a0Seveda je \u0161e vedno potrebno za analize uporabiti IDB Analyzer. Analize se opravijo na ravni u\u010dencev, podatke se obte\u017ei s skupno ute\u017ejo u\u010denca.<\/p>\n<p><strong>Podatki za u\u010dence 8. razreda:\u00a0<\/strong><\/p>\n<ul>\n<li><a href=\"https:\/\/www.pei.si\/wp-content\/uploads\/2018\/12\/bsgsvnm5_UC_SOLA_sav.zip\">Podatki o dose\u017ekih u\u010dencev, podatki iz vpra\u0161alnika za u\u010dence in podatki iz vpra\u0161alnika za \u0161ole\/ravnatelje<\/a><\/li>\n<li><a href=\"https:\/\/www.pei.si\/wp-content\/uploads\/2018\/12\/bstsvnm5_UCITMAT_sav.zip\">Podatki o dose\u017ekih u\u010dencev ter podatki iz vpra\u0161alnika za u\u010ditelje matematike (vsak u\u010denec ima enega u\u010ditelja matematike)<\/a><\/li>\n<li><a href=\"https:\/\/www.pei.si\/wp-content\/uploads\/2018\/12\/bstsvnm5_UCITNAR_sav.zip\">Podatki o dose\u017ekih u\u010dencev ter podatki iz vpra\u0161alnika za u\u010ditelje biologije, kemije, fizike in geografije (vsak u\u010denec je vpisan \u0161tirikrat, vsaki\u010d so k njegovim dose\u017ekom dodane vrednosti spremenljivk posameznega u\u010ditelja)<\/a><\/li>\n<\/ul>\n<p>&nbsp;<\/p>\n<p>Vpra\u0161alniki:<\/p>\n<p>&nbsp;<\/p>\n<ul>\n<li><a href=\"https:\/\/www.pei.si\/wp-content\/uploads\/2018\/12\/T11_StuQ_SSS8_SVN.pdf\">Vpra\u0161alnik za u\u010dence<\/a><\/li>\n<li><a href=\"https:\/\/www.pei.si\/wp-content\/uploads\/2018\/12\/T11_SchQ_8_SVN.pdf\">Vpra\u0161alnik za ravnatelje\/\u0161olo<\/a><\/li>\n<li><a href=\"https:\/\/www.pei.si\/wp-content\/uploads\/2018\/12\/T11_TQM_8_SVN.pdf\">Vpra\u0161alnik za u\u010ditelje matematike<\/a><\/li>\n<li><a href=\"https:\/\/www.pei.si\/wp-content\/uploads\/2018\/12\/T11_TQS_8_SVN.pdf\">Vpra\u0161alnik za u\u010ditelje naravoslovnih predmetov<\/a><\/li>\n<\/ul>\n<p>Za vpra\u0161anja in pomo\u010d pri uporabi podatkov pi\u0161ite na e-naslov:<a href=\"mailto:barbara.japelj@pei.si\"> barbara.japelj@pei.si<\/a>.<\/p>\n<h4><strong>Blog<\/strong><\/h4>\n<p>Jeseni 2011 je za\u017eivela projektna spletna stran za la\u017eje seznanjanje z raziskavo:\u00a0<a href=\"http:\/\/timsspei.blog.arnes.si\/\">TIMSS Slovenija blog<\/a><\/p>\n<p>Poro\u010danje o raziskavi \u017eelimo \u010dim bolj pribli\u017eati uporabnikom. Ker zaradi tehni\u010dnih omejitev trenutna spletna stran ne omogo\u010da nobene spletne komunikacije z bralci, smo vzpostavili dodatno spletno mesto. V obliki bloga sproti objavljamo aktualne informacije, odpiramo razprave o rezultatih in objavljamo povezave na gradiva in \u010dlanke, ki govorijo o TIMSS ali se nam zdijo pomembni za razvoj pouka matematike in naravoslovja.<\/p>\n<p>&nbsp;<\/p>\n","protected":false},"excerpt":{"rendered":"<p>Poro\u010dilo TIMSS 2011 Povzetki rezultatov &nbsp; Naloge: Matemati\u010dne naloge Naravoslovne naloge &nbsp; Gradivo s tiskovne konference &nbsp; Baze podatkov Mednarodne podatkovne baze so javno dostopne na\u00a0mednarodni spletni strani raziskave TIMSS 11. Sistem sestavljajo lo\u010dene datoteke s podatki, pridobljenimi s razli\u010dnimi vpra\u0161alniki. Sistem baz je pripravljen za povezovanje med dr\u017eavami in znotraj posamezne dr\u017eave z uporabo [&hellip;]<\/p>\n","protected":false},"author":5,"featured_media":0,"parent":3342,"menu_order":0,"comment_status":"closed","ping_status":"closed","template":"","meta":{"_acf_changed":false,"footnotes":""},"class_list":["post-3268","page","type-page","status-publish","hentry"],"acf":[],"_links":{"self":[{"href":"https:\/\/www.pei.si\/en\/wp-json\/wp\/v2\/pages\/3268","targetHints":{"allow":["GET"]}}],"collection":[{"href":"https:\/\/www.pei.si\/en\/wp-json\/wp\/v2\/pages"}],"about":[{"href":"https:\/\/www.pei.si\/en\/wp-json\/wp\/v2\/types\/page"}],"author":[{"embeddable":true,"href":"https:\/\/www.pei.si\/en\/wp-json\/wp\/v2\/users\/5"}],"replies":[{"embeddable":true,"href":"https:\/\/www.pei.si\/en\/wp-json\/wp\/v2\/comments?post=3268"}],"version-history":[{"count":0,"href":"https:\/\/www.pei.si\/en\/wp-json\/wp\/v2\/pages\/3268\/revisions"}],"up":[{"embeddable":true,"href":"https:\/\/www.pei.si\/en\/wp-json\/wp\/v2\/pages\/3342"}],"wp:attachment":[{"href":"https:\/\/www.pei.si\/en\/wp-json\/wp\/v2\/media?parent=3268"}],"curies":[{"name":"wp","href":"https:\/\/api.w.org\/{rel}","templated":true}]}}