{"id":3270,"date":"2018-12-20T07:52:13","date_gmt":"2018-12-20T07:52:13","guid":{"rendered":"https:\/\/www.pei.si\/rezultati-2\/"},"modified":"2018-12-20T07:52:13","modified_gmt":"2018-12-20T07:52:13","slug":"rezultati","status":"publish","type":"page","link":"https:\/\/www.pei.si\/en\/research-activities\/international-comparative-research-studies-in-the-field-of-knowledge\/timss\/timss-2003\/rezultati\/","title":{"rendered":"Rezultati"},"content":{"rendered":"<h4>Matematika<\/h4>\n<p>Slovenski u\u010denci vi\u0161jih razredov so se po matemati\u010dnih dose\u017ekih uvrstili na 25. mesto od skupno 50 dr\u017eav in nad mednarodno povpre\u010dje. Med evropskimi dr\u017eavami so se vi\u0161je od Slovenije uvrstile Belgija, Nizozemska, Estonija, Mad\u017earska, Latvija, Ruska federacija, Slova\u0161ka, Litva, \u0160vedska, \u0160kotska in Anglija, ni\u017eje pa so se uvrstile Italija, Srbija, Bolgarija, Romunija, Norve\u0161ka, Makedonija.<\/p>\n<p>Slovenski u\u010denci ni\u017ejih razredov so se po matemati\u010dnih dose\u017ekih uvrstili na 22. mesto od skupno 28 dr\u017eav in pod mednarodno povpre\u010dje. Med evropskimi dr\u017eavami so se vi\u0161je od Slovenije uvrstile Nizozemska, Latvija, Litva, Ruska federacija, Anglija, Mad\u017earska, Italija, \u0160kotska, ni\u017eje pa se je uvrstila Norve\u0161ka.<\/p>\n<p><img loading=\"lazy\" decoding=\"async\" class=\"aligncenter wp-image-2464 size-large\" src=\"https:\/\/www.pei.si\/wp-content\/uploads\/2018\/12\/rezultati_TIMSS2003-558x1024.jpg\" alt=\"\" width=\"558\" height=\"1024\" srcset=\"https:\/\/www.pei.si\/wp-content\/uploads\/2018\/12\/rezultati_TIMSS2003-558x1024.jpg 558w, https:\/\/www.pei.si\/wp-content\/uploads\/2018\/12\/rezultati_TIMSS2003-164x300.jpg 164w, https:\/\/www.pei.si\/wp-content\/uploads\/2018\/12\/rezultati_TIMSS2003-768x1408.jpg 768w, https:\/\/www.pei.si\/wp-content\/uploads\/2018\/12\/rezultati_TIMSS2003-300x550.jpg 300w, https:\/\/www.pei.si\/wp-content\/uploads\/2018\/12\/rezultati_TIMSS2003-250x458.jpg 250w, https:\/\/www.pei.si\/wp-content\/uploads\/2018\/12\/rezultati_TIMSS2003-382x700.jpg 382w, https:\/\/www.pei.si\/wp-content\/uploads\/2018\/12\/rezultati_TIMSS2003-491x900.jpg 491w, https:\/\/www.pei.si\/wp-content\/uploads\/2018\/12\/rezultati_TIMSS2003.jpg 819w\" sizes=\"auto, (max-width: 558px) 100vw, 558px\" \/><\/p>\n<p>&nbsp;<\/p>\n<h4>Naravoslovje<\/h4>\n<p>Slovenski u\u010denci vi\u0161jih razredov so se po naravoslovnih dose\u017ekih uvrstili na 16. mesto od skupno 50 dr\u017eav in nad mednarodno povpre\u010dje. Med evropskimi dr\u017eavami so se vi\u0161je od Slovenije uvrstile Estonija, Anglija, Mad\u017earska, Nizozemska in \u0160vedska, ni\u017eje pa so se uvrstile Litva, Slova\u0161ka, Belgija, Ruska federacija, Latvija, \u0160kotska, Norve\u0161ka, Italija, Bolgarija, Moldavija, Romunija, Srbija in Makedonija<\/p>\n<p>Slovenski u\u010denci ni\u017ejih razredov so se po naravoslovnih dose\u017ekih uvrstili na 21. mesto od skupno 28 dr\u017eav in nad mednarodno povpre\u010dje. Med evropskimi dr\u017eavami so se vi\u0161je od Slovenije uvrstile Anglija, Latvija, Mad\u017earska, Ruska federacija, Nizozemska, Belgija, Italija, Litva, \u0160kotska in Moldavija, ni\u017eje pa se je uvrstila Norve\u0161ka.<\/p>\n<p><img loading=\"lazy\" decoding=\"async\" class=\"aligncenter wp-image-2465 size-large\" src=\"https:\/\/www.pei.si\/wp-content\/uploads\/2018\/12\/rezultati_TIMSS2003_nar-644x1024.jpg\" alt=\"\" width=\"644\" height=\"1024\" srcset=\"https:\/\/www.pei.si\/wp-content\/uploads\/2018\/12\/rezultati_TIMSS2003_nar-644x1024.jpg 644w, https:\/\/www.pei.si\/wp-content\/uploads\/2018\/12\/rezultati_TIMSS2003_nar-189x300.jpg 189w, https:\/\/www.pei.si\/wp-content\/uploads\/2018\/12\/rezultati_TIMSS2003_nar-768x1220.jpg 768w, https:\/\/www.pei.si\/wp-content\/uploads\/2018\/12\/rezultati_TIMSS2003_nar-300x477.jpg 300w, https:\/\/www.pei.si\/wp-content\/uploads\/2018\/12\/rezultati_TIMSS2003_nar-250x397.jpg 250w, https:\/\/www.pei.si\/wp-content\/uploads\/2018\/12\/rezultati_TIMSS2003_nar-441x700.jpg 441w, https:\/\/www.pei.si\/wp-content\/uploads\/2018\/12\/rezultati_TIMSS2003_nar-566x900.jpg 566w, https:\/\/www.pei.si\/wp-content\/uploads\/2018\/12\/rezultati_TIMSS2003_nar.jpg 949w\" sizes=\"auto, (max-width: 644px) 100vw, 644px\" \/><\/p>\n<h4>\u00a0<strong>Trend slovenskih matemati\u010dnih in naravoslovnih dose\u017ekov<\/strong><\/h4>\n<p>V Sloveniji so v matemati\u010dnih dose\u017ekih na mednarodni ravni napredovali le mlaj\u0161i u\u010denci, in sicer so napredovali u\u010denci 3. razreda osemletke, u\u010denci 4. razreda devetletke pa ne. Matemati\u010dni dose\u017eek starej\u0161ih u\u010dencev se v povpre\u010dju od leta 1995 ni statisti\u010dno pomembno spremenil.<\/p>\n<p>V naravoslovnih dose\u017ekih so na mednarodni ravni napredovali tako mlaj\u0161i kot starej\u0161i slovenski u\u010denci. V Sloveniji so napredovali u\u010denci 3. razreda osemletke in u\u010denci 4. razreda devetletke. Med starej\u0161imi slovenskimi u\u010denci pa so napredovali le u\u010denci 7. razreda osemletke.<\/p>\n<p><img loading=\"lazy\" decoding=\"async\" class=\"aligncenter wp-image-2468 size-full\" src=\"https:\/\/www.pei.si\/wp-content\/uploads\/2018\/12\/timss2003_trend_slo.jpg\" alt=\"\" width=\"889\" height=\"207\" srcset=\"https:\/\/www.pei.si\/wp-content\/uploads\/2018\/12\/timss2003_trend_slo.jpg 889w, https:\/\/www.pei.si\/wp-content\/uploads\/2018\/12\/timss2003_trend_slo-300x70.jpg 300w, https:\/\/www.pei.si\/wp-content\/uploads\/2018\/12\/timss2003_trend_slo-768x179.jpg 768w, https:\/\/www.pei.si\/wp-content\/uploads\/2018\/12\/timss2003_trend_slo-250x58.jpg 250w\" sizes=\"auto, (max-width: 889px) 100vw, 889px\" \/><\/p>\n<p>&nbsp;<\/p>\n<h4><strong>Trend matemati\u010dnih in naravoslovnih dose\u017ekov v drugih dr\u017eavah<\/strong><\/h4>\n<p><img loading=\"lazy\" decoding=\"async\" class=\"aligncenter wp-image-2469 size-full\" src=\"https:\/\/www.pei.si\/wp-content\/uploads\/2018\/12\/trend_drzave_mat.jpg\" alt=\"\" width=\"876\" height=\"486\" srcset=\"https:\/\/www.pei.si\/wp-content\/uploads\/2018\/12\/trend_drzave_mat.jpg 876w, https:\/\/www.pei.si\/wp-content\/uploads\/2018\/12\/trend_drzave_mat-300x166.jpg 300w, https:\/\/www.pei.si\/wp-content\/uploads\/2018\/12\/trend_drzave_mat-768x426.jpg 768w, https:\/\/www.pei.si\/wp-content\/uploads\/2018\/12\/trend_drzave_mat-250x139.jpg 250w\" sizes=\"auto, (max-width: 876px) 100vw, 876px\" \/><\/p>\n<p>&nbsp;<\/p>\n<p><img loading=\"lazy\" decoding=\"async\" class=\"aligncenter wp-image-2470 size-full\" src=\"https:\/\/www.pei.si\/wp-content\/uploads\/2018\/12\/trend_drzave_nar.jpg\" alt=\"\" width=\"877\" height=\"530\" srcset=\"https:\/\/www.pei.si\/wp-content\/uploads\/2018\/12\/trend_drzave_nar.jpg 877w, https:\/\/www.pei.si\/wp-content\/uploads\/2018\/12\/trend_drzave_nar-300x181.jpg 300w, https:\/\/www.pei.si\/wp-content\/uploads\/2018\/12\/trend_drzave_nar-768x464.jpg 768w, https:\/\/www.pei.si\/wp-content\/uploads\/2018\/12\/trend_drzave_nar-250x151.jpg 250w\" sizes=\"auto, (max-width: 877px) 100vw, 877px\" \/><\/p>\n","protected":false},"excerpt":{"rendered":"<p>Matematika Slovenski u\u010denci vi\u0161jih razredov so se po matemati\u010dnih dose\u017ekih uvrstili na 25. mesto od skupno 50 dr\u017eav in nad mednarodno povpre\u010dje. Med evropskimi dr\u017eavami so se vi\u0161je od Slovenije uvrstile Belgija, Nizozemska, Estonija, Mad\u017earska, Latvija, Ruska federacija, Slova\u0161ka, Litva, \u0160vedska, \u0160kotska in Anglija, ni\u017eje pa so se uvrstile Italija, Srbija, Bolgarija, Romunija, Norve\u0161ka, Makedonija. [&hellip;]<\/p>\n","protected":false},"author":5,"featured_media":0,"parent":3271,"menu_order":0,"comment_status":"closed","ping_status":"closed","template":"","meta":{"_acf_changed":false,"footnotes":""},"class_list":["post-3270","page","type-page","status-publish","hentry"],"acf":[],"_links":{"self":[{"href":"https:\/\/www.pei.si\/en\/wp-json\/wp\/v2\/pages\/3270","targetHints":{"allow":["GET"]}}],"collection":[{"href":"https:\/\/www.pei.si\/en\/wp-json\/wp\/v2\/pages"}],"about":[{"href":"https:\/\/www.pei.si\/en\/wp-json\/wp\/v2\/types\/page"}],"author":[{"embeddable":true,"href":"https:\/\/www.pei.si\/en\/wp-json\/wp\/v2\/users\/5"}],"replies":[{"embeddable":true,"href":"https:\/\/www.pei.si\/en\/wp-json\/wp\/v2\/comments?post=3270"}],"version-history":[{"count":0,"href":"https:\/\/www.pei.si\/en\/wp-json\/wp\/v2\/pages\/3270\/revisions"}],"up":[{"embeddable":true,"href":"https:\/\/www.pei.si\/en\/wp-json\/wp\/v2\/pages\/3271"}],"wp:attachment":[{"href":"https:\/\/www.pei.si\/en\/wp-json\/wp\/v2\/media?parent=3270"}],"curies":[{"name":"wp","href":"https:\/\/api.w.org\/{rel}","templated":true}]}}