{"id":3272,"date":"2018-12-19T08:48:07","date_gmt":"2018-12-19T08:48:07","guid":{"rendered":"https:\/\/www.pei.si\/timss-2007\/"},"modified":"2018-12-19T08:48:07","modified_gmt":"2018-12-19T08:48:07","slug":"timss-2007","status":"publish","type":"page","link":"https:\/\/www.pei.si\/en\/research-activities\/international-comparative-research-studies-in-the-field-of-knowledge\/timss\/timss-2007\/","title":{"rendered":"TIMSS 2007"},"content":{"rendered":"<h4>O raziskavi<\/h4>\n<p><a href=\"http:\/\/timss.bc.edu\/\">TIMSS<\/a>\u00a0je najve\u010dja in najvplivnej\u0161a svetovna raziskava znanja u\u010dencev na podro\u010dju matematike in naravoslovja. V njej sodeluje skoraj 60 dr\u017eav in nekaj samostojnih \u0161olskih sistemov (kanadske province in posamezne ameri\u0161ke zvezne dr\u017eave). V letu 2007 je 425000 u\u010dencev iz sodelujo\u010dih dr\u017eav re\u0161ilo enake preizkuse znanja iz matematike in naravoslovja.<\/p>\n<p><strong>Kako poteka TIMSS?<\/strong><strong>\u00a0<\/strong><\/p>\n<p>TIMSS te\u010de v 4-letnih ciklih. V vsakem ciklu se dolo\u010di TIMSS kurikulum, to je seznam znanj, ki jih bodo testi merili med u\u010denci, sestavi se naloge in se jih poskusno preveri. V tretjem letu raziskave se opravi glavno merjenje znanja na \u0161olah, \u010detrto leto pa se podatke analizira in napi\u0161e poro\u010dila. TIMSS se imenuje po letu glavne raziskave na \u0161olah. V Sloveniji smo opravili \u017ee TIMSS 1995, 1999, 2003 in 2007. Poro\u010dila in podatki so na razpolago javnosti.<\/p>\n<p>&nbsp;<\/p>\n<h4>Rezultati in gradiva<\/h4>\n<p>&nbsp;<\/p>\n<p><em><strong>Matemati\u010dni dose\u017eki Slovenije v TIMSS 2007<\/strong><\/em><\/p>\n<p><a href=\"https:\/\/www.pei.si\/wp-content\/uploads\/2018\/12\/MA_Predgovor_in_izvedba.pdf\">Predgovor in izvedba<\/a><\/p>\n<ol>\n<li>poglavje: <a href=\"https:\/\/www.pei.si\/wp-content\/uploads\/2018\/12\/MA_1_poglavje.pdf\">Mednarodna primerjava matemati\u010dnih dose\u017ekov<\/a><\/li>\n<li>poglavje: <a href=\"https:\/\/www.pei.si\/wp-content\/uploads\/2018\/12\/MA_2_poglavje.pdf\">Mejniki znanja<\/a><\/li>\n<li>poglavje: <a href=\"https:\/\/www.pei.si\/wp-content\/uploads\/2018\/12\/MA_3_poglavje.pdf\">Matemati\u010dni dose\u017eki v vsebinskih in\u00a0kognitivnih podro\u010djih<\/a><\/li>\n<li>poglavje: <a href=\"https:\/\/www.pei.si\/wp-content\/uploads\/2018\/12\/MA_4_poglavje.pdf\">Dejavniki u\u010denja in veselje u\u010dencev z matematiko<\/a><\/li>\n<li>poglavje: <a href=\"https:\/\/www.pei.si\/wp-content\/uploads\/2018\/12\/MA_5_poglavje.pdf\">Matemati\u010dni u\u010dni na\u010drt<\/a><\/li>\n<li>poglavje: <a href=\"https:\/\/www.pei.si\/wp-content\/uploads\/2018\/12\/MA_6_poglavje.pdf\">U\u010ditelji matematike<\/a><\/li>\n<li>poglavje: <a href=\"https:\/\/www.pei.si\/wp-content\/uploads\/2018\/12\/MA_7_poglavje.pdf\">Zna\u010dilnosti pou\u010devanja v razredu<\/a><\/li>\n<li>poglavje: <a href=\"https:\/\/www.pei.si\/wp-content\/uploads\/2018\/12\/MA_8_poglavje.pdf\">Zna\u010dilnosti \u0161ole<\/a><\/li>\n<\/ol>\n<p><a href=\"https:\/\/www.pei.si\/wp-content\/uploads\/2018\/12\/MA_Priloga_in_stvarno_kazalo.pdf\">Priloga in stvarno kazalo<\/a><\/p>\n<p>&nbsp;<\/p>\n<p><em><strong>Naravoslovni dose\u017eki Slovenije v TIMSS 2007<\/strong><\/em><\/p>\n<p><a href=\"https:\/\/www.pei.si\/wp-content\/uploads\/2018\/12\/NAR_Predgovor_in_izvedba.pdf\">Predgovor in izvedba<\/a><\/p>\n<ol>\n<li>poglavje: <a href=\"https:\/\/www.pei.si\/wp-content\/uploads\/2018\/12\/NAR_1_poglavje.pdf\">Mednarodna primerjava naravoslovnih dose\u017eko<\/a><\/li>\n<li>poglavje: <a href=\"https:\/\/www.pei.si\/wp-content\/uploads\/2018\/12\/NAR_2_poglavje.pdf\">Mejniki znanja<\/a><\/li>\n<li>poglavje: <a href=\"https:\/\/www.pei.si\/wp-content\/uploads\/2018\/12\/NAR_3_poglavje.pdf\">Naravoslovni dose\u017eki v vsebinskih in kognitivnih podro\u010djih<\/a><\/li>\n<li>poglavje: <a href=\"https:\/\/www.pei.si\/wp-content\/uploads\/2018\/12\/NAR_4_poglavje.pdf\">Dejavniki u\u010denja in veselje do naravoslovja<\/a><\/li>\n<li>poglavje: <a href=\"https:\/\/www.pei.si\/wp-content\/uploads\/2018\/12\/NAR_5_poglavje.pdf\">U\u010dni na\u010drt za naravoslovne predmete<\/a><\/li>\n<li>poglavje: <a href=\"https:\/\/www.pei.si\/wp-content\/uploads\/2018\/12\/NAR_6_poglavje.pdf\">U\u010ditelji naravoslovnih predmetov<\/a><\/li>\n<li>poglavje: <a href=\"https:\/\/www.pei.si\/wp-content\/uploads\/2018\/12\/NAR_7_poglavje.pdf\">Zna\u010dilnosti pou\u010devanja v razredu<\/a><\/li>\n<li>poglavje: <a href=\"https:\/\/www.pei.si\/wp-content\/uploads\/2018\/12\/NAR_8_poglavje.pdf\">Zna\u010dilnosti \u0161ole<\/a><\/li>\n<\/ol>\n<p><a href=\"https:\/\/www.pei.si\/wp-content\/uploads\/2018\/12\/NAR_Priloga_in_stvarno_kazalo.pdf\">Priloga in stvarno kazalo<\/a><\/p>\n<p>&nbsp;<\/p>\n<h4><strong>Mednarodno \u00a0poro\u010danje<\/strong><\/h4>\n<ul>\n<li><a href=\"http:\/\/timss.bc.edu\/TIMSS2007\/intl_reports.html\">International Reports<\/a><\/li>\n<li><a href=\"https:\/\/timss.bc.edu\/TIMSS2007\/encyclopedia.html\">TIMSS 2007 Encyclopedia\u00a0<\/a><\/li>\n<li><a href=\"http:\/\/timss.bc.edu\/TIMSS2007\/idb_ug.html\">International Data Base<\/a><\/li>\n<\/ul>\n<p>&nbsp;<\/p>\n<h4><strong>Druga gradiva<\/strong><\/h4>\n<ul>\n<li><a href=\"https:\/\/www.pei.si\/wp-content\/uploads\/2018\/12\/IzhodiscaTIMSS2007.pdf\">Izhodi\u0161\u010da raziskave<\/a><\/li>\n<\/ul>\n<p>&nbsp;<\/p>\n<p>Slovenska baza podatkov:<\/p>\n<ul>\n<li>u\u010denci 4. razred\u00a0<a href=\"https:\/\/www.pei.si\/wp-content\/uploads\/2018\/12\/T07ucenci4r.zip\">(*.zip)<\/a><\/li>\n<li>u\u010denci 8. razred\u00a0<a href=\"https:\/\/www.pei.si\/wp-content\/uploads\/2018\/12\/T07ucenci8r.zip\">(*.zip)<\/a><\/li>\n<\/ul>\n<p>&nbsp;<\/p>\n<p>Dele\u017ei odgovorov po vseh nalogah raziskave (tudi neobjavljenih):<\/p>\n<ul>\n<li><a href=\"https:\/\/www.pei.si\/wp-content\/uploads\/2018\/12\/T07_G4_ItemAlmanac_MAT.pdf\">u\u010denci 4. razred MA<\/a><\/li>\n<li><a href=\"https:\/\/www.pei.si\/wp-content\/uploads\/2018\/12\/T07_G4_ItemAlmanac_SCI.pdf\">u\u010denci 4. razred NAR<\/a><\/li>\n<li><a href=\"https:\/\/www.pei.si\/wp-content\/uploads\/2018\/12\/T07_G8_ItemAlmanac_MAT.pdf\">u\u010denci 8. razred MA<\/a><\/li>\n<li><a href=\"https:\/\/www.pei.si\/wp-content\/uploads\/2018\/12\/T07_G8_ItemAlmanac_SCI.pdf\">u\u010denci 8. razred MA<\/a><\/li>\n<\/ul>\n<p>&nbsp;<\/p>\n<ul>\n<li><a href=\"https:\/\/www.pei.si\/wp-content\/uploads\/2018\/12\/TIMSS-07-knjizica-nalog-4r.pdf\">Matemati\u010dne in naravoslovne naloge za ni\u017eje razrede<\/a><\/li>\n<li><a href=\"https:\/\/www.pei.si\/wp-content\/uploads\/2018\/12\/TIMSS2007naloge_M8.pdf\">Matemati\u010dne naloge za vi\u0161je razrede<\/a><\/li>\n<li><a href=\"https:\/\/www.pei.si\/wp-content\/uploads\/2018\/12\/TIMSS2007naloge_S8.pdf\">Naravoslovne naloge za vi\u0161je razrede<\/a><\/li>\n<\/ul>\n","protected":false},"excerpt":{"rendered":"<p>O raziskavi TIMSS\u00a0je najve\u010dja in najvplivnej\u0161a svetovna raziskava znanja u\u010dencev na podro\u010dju matematike in naravoslovja. V njej sodeluje skoraj 60 dr\u017eav in nekaj samostojnih \u0161olskih sistemov (kanadske province in posamezne ameri\u0161ke zvezne dr\u017eave). V letu 2007 je 425000 u\u010dencev iz sodelujo\u010dih dr\u017eav re\u0161ilo enake preizkuse znanja iz matematike in naravoslovja. Kako poteka TIMSS?\u00a0 TIMSS te\u010de [&hellip;]<\/p>\n","protected":false},"author":5,"featured_media":0,"parent":3345,"menu_order":0,"comment_status":"closed","ping_status":"closed","template":"","meta":{"_acf_changed":false,"footnotes":""},"class_list":["post-3272","page","type-page","status-publish","hentry"],"acf":[],"_links":{"self":[{"href":"https:\/\/www.pei.si\/en\/wp-json\/wp\/v2\/pages\/3272","targetHints":{"allow":["GET"]}}],"collection":[{"href":"https:\/\/www.pei.si\/en\/wp-json\/wp\/v2\/pages"}],"about":[{"href":"https:\/\/www.pei.si\/en\/wp-json\/wp\/v2\/types\/page"}],"author":[{"embeddable":true,"href":"https:\/\/www.pei.si\/en\/wp-json\/wp\/v2\/users\/5"}],"replies":[{"embeddable":true,"href":"https:\/\/www.pei.si\/en\/wp-json\/wp\/v2\/comments?post=3272"}],"version-history":[{"count":0,"href":"https:\/\/www.pei.si\/en\/wp-json\/wp\/v2\/pages\/3272\/revisions"}],"up":[{"embeddable":true,"href":"https:\/\/www.pei.si\/en\/wp-json\/wp\/v2\/pages\/3345"}],"wp:attachment":[{"href":"https:\/\/www.pei.si\/en\/wp-json\/wp\/v2\/media?parent=3272"}],"curies":[{"name":"wp","href":"https:\/\/api.w.org\/{rel}","templated":true}]}}