{"id":3275,"date":"2018-12-18T16:15:23","date_gmt":"2018-12-18T16:15:23","guid":{"rendered":"https:\/\/www.pei.si\/sodelavci\/"},"modified":"2019-03-19T10:09:16","modified_gmt":"2019-03-19T10:09:16","slug":"sodelavci","status":"publish","type":"page","link":"https:\/\/www.pei.si\/en\/research-activities\/international-comparative-research-studies-in-the-field-of-knowledge\/sites-icils\/icils-2013\/sodelavci\/","title":{"rendered":"Sodelavci"},"content":{"rendered":"<ul>\n<li>Nacionalna koordinatorica: <a href=\"https:\/\/www.pei.si\/en\/zaposleni\/klemencic-eva\/\">dr. Eva Klemen\u010di\u010d<\/a><\/li>\n<li>Skrbnik podatkovnih zbirk: Mitja V. \u010cepi\u010d<\/li>\n<\/ul>\n<ul>\n<li style=\"list-style-type: none;\"><\/li>\n<\/ul>\n","protected":false},"excerpt":{"rendered":"<p>Nacionalna koordinatorica: dr. Eva Klemen\u010di\u010d Skrbnik podatkovnih zbirk: Mitja V. \u010cepi\u010d<\/p>\n","protected":false},"author":5,"featured_media":0,"parent":3334,"menu_order":0,"comment_status":"closed","ping_status":"closed","template":"","meta":{"_acf_changed":false,"footnotes":""},"class_list":["post-3275","page","type-page","status-publish","hentry"],"acf":[],"_links":{"self":[{"href":"https:\/\/www.pei.si\/en\/wp-json\/wp\/v2\/pages\/3275","targetHints":{"allow":["GET"]}}],"collection":[{"href":"https:\/\/www.pei.si\/en\/wp-json\/wp\/v2\/pages"}],"about":[{"href":"https:\/\/www.pei.si\/en\/wp-json\/wp\/v2\/types\/page"}],"author":[{"embeddable":true,"href":"https:\/\/www.pei.si\/en\/wp-json\/wp\/v2\/users\/5"}],"replies":[{"embeddable":true,"href":"https:\/\/www.pei.si\/en\/wp-json\/wp\/v2\/comments?post=3275"}],"version-history":[{"count":1,"href":"https:\/\/www.pei.si\/en\/wp-json\/wp\/v2\/pages\/3275\/revisions"}],"predecessor-version":[{"id":4092,"href":"https:\/\/www.pei.si\/en\/wp-json\/wp\/v2\/pages\/3275\/revisions\/4092"}],"up":[{"embeddable":true,"href":"https:\/\/www.pei.si\/en\/wp-json\/wp\/v2\/pages\/3334"}],"wp:attachment":[{"href":"https:\/\/www.pei.si\/en\/wp-json\/wp\/v2\/media?parent=3275"}],"curies":[{"name":"wp","href":"https:\/\/api.w.org\/{rel}","templated":true}]}}