{"id":3277,"date":"2018-12-16T20:36:09","date_gmt":"2018-12-16T20:36:09","guid":{"rendered":"https:\/\/www.pei.si\/sodelavci-2\/"},"modified":"2019-03-19T10:19:52","modified_gmt":"2019-03-19T10:19:52","slug":"sodelavci","status":"publish","type":"page","link":"https:\/\/www.pei.si\/en\/research-activities\/international-comparative-research-studies-in-the-field-of-knowledge\/iccs\/iccs-2009\/sodelavci\/","title":{"rendered":"Sodelavci"},"content":{"rendered":"<ul>\n<li><a href=\"https:\/\/www.pei.si\/en\/zaposleni\/simenc-marjan\/\">dr. Marjan \u0160imenc<\/a> (nacionalni raziskovalni koordinator- NRC)<\/li>\n<li><a href=\"https:\/\/www.pei.si\/en\/zaposleni\/mlekuz-ana\/\">mag. Ana Mleku\u017e<\/a> (skrbnica podatkovnih baz)<\/li>\n<li><a href=\"https:\/\/www.pei.si\/en\/zaposleni\/klemencic-eva\/\">dr. Eva Klemen\u010di\u010d<\/a> (vrednotenje odgovorov u\u010dencev)<\/li>\n<\/ul>\n<p><strong>\u00a0<\/strong><\/p>\n<p><strong>Ostali sodelavci:<\/strong><\/p>\n<ul>\n<li><a href=\"https:\/\/www.pei.si\/en\/zaposleni\/cucek-mojca\/\">mag. Mojca \u010cu\u010dek<\/a> (izvedba na \u0161olah)<\/li>\n<\/ul>\n","protected":false},"excerpt":{"rendered":"<p>dr. Marjan \u0160imenc (nacionalni raziskovalni koordinator- NRC) mag. Ana Mleku\u017e (skrbnica podatkovnih baz) dr. Eva Klemen\u010di\u010d (vrednotenje odgovorov u\u010dencev) \u00a0 Ostali sodelavci: mag. Mojca \u010cu\u010dek (izvedba na \u0161olah)<\/p>\n","protected":false},"author":5,"featured_media":0,"parent":3320,"menu_order":0,"comment_status":"closed","ping_status":"closed","template":"","meta":{"_acf_changed":false,"footnotes":""},"class_list":["post-3277","page","type-page","status-publish","hentry"],"acf":[],"_links":{"self":[{"href":"https:\/\/www.pei.si\/en\/wp-json\/wp\/v2\/pages\/3277","targetHints":{"allow":["GET"]}}],"collection":[{"href":"https:\/\/www.pei.si\/en\/wp-json\/wp\/v2\/pages"}],"about":[{"href":"https:\/\/www.pei.si\/en\/wp-json\/wp\/v2\/types\/page"}],"author":[{"embeddable":true,"href":"https:\/\/www.pei.si\/en\/wp-json\/wp\/v2\/users\/5"}],"replies":[{"embeddable":true,"href":"https:\/\/www.pei.si\/en\/wp-json\/wp\/v2\/comments?post=3277"}],"version-history":[{"count":1,"href":"https:\/\/www.pei.si\/en\/wp-json\/wp\/v2\/pages\/3277\/revisions"}],"predecessor-version":[{"id":4108,"href":"https:\/\/www.pei.si\/en\/wp-json\/wp\/v2\/pages\/3277\/revisions\/4108"}],"up":[{"embeddable":true,"href":"https:\/\/www.pei.si\/en\/wp-json\/wp\/v2\/pages\/3320"}],"wp:attachment":[{"href":"https:\/\/www.pei.si\/en\/wp-json\/wp\/v2\/media?parent=3277"}],"curies":[{"name":"wp","href":"https:\/\/api.w.org\/{rel}","templated":true}]}}