{"id":3278,"date":"2018-12-16T20:27:57","date_gmt":"2018-12-16T20:27:57","guid":{"rendered":"https:\/\/www.pei.si\/rezultati-2\/"},"modified":"2018-12-16T20:27:57","modified_gmt":"2018-12-16T20:27:57","slug":"rezultati","status":"publish","type":"page","link":"https:\/\/www.pei.si\/en\/research-activities\/international-comparative-research-studies-in-the-field-of-knowledge\/iccs\/iccs-2009\/rezultati\/","title":{"rendered":"Rezultati"},"content":{"rendered":"<ul>\n<li>Nacionalno poro\u010dilo: <em>Dr\u017eavljanska vzgoja v Sloveniji: Nacionalno poro\u010dilo Mednarodne raziskave dr\u017eavljanske vzgoje in izobra\u017eevanja ICCS 2009<\/em><\/li>\n<\/ul>\n<p>&nbsp;<\/p>\n<ul>\n<li><a href=\"http:\/\/rms.iea-dpc.org\/\">Mednarodna baza podatkov in ostala dokumentacija<\/a><\/li>\n<li><a href=\"http:\/\/www.iea.nl\/fileadmin\/user_upload\/Publications\/Electronic_versions\/ICCS_2009_International_Report.pdf\">Mednarodno poro\u010dilo<\/a><\/li>\n<li><a href=\"http:\/\/www.iea.nl\/fileadmin\/user_upload\/Publications\/Electronic_versions\/ICCS_2009_European_Report.pdf\">Evropski regionalni modul<\/a><\/li>\n<\/ul>\n","protected":false},"excerpt":{"rendered":"<p>Nacionalno poro\u010dilo: Dr\u017eavljanska vzgoja v Sloveniji: Nacionalno poro\u010dilo Mednarodne raziskave dr\u017eavljanske vzgoje in izobra\u017eevanja ICCS 2009 &nbsp; Mednarodna baza podatkov in ostala dokumentacija Mednarodno poro\u010dilo Evropski regionalni modul<\/p>\n","protected":false},"author":5,"featured_media":0,"parent":3320,"menu_order":0,"comment_status":"closed","ping_status":"closed","template":"","meta":{"_acf_changed":false,"footnotes":""},"class_list":["post-3278","page","type-page","status-publish","hentry"],"acf":[],"_links":{"self":[{"href":"https:\/\/www.pei.si\/en\/wp-json\/wp\/v2\/pages\/3278","targetHints":{"allow":["GET"]}}],"collection":[{"href":"https:\/\/www.pei.si\/en\/wp-json\/wp\/v2\/pages"}],"about":[{"href":"https:\/\/www.pei.si\/en\/wp-json\/wp\/v2\/types\/page"}],"author":[{"embeddable":true,"href":"https:\/\/www.pei.si\/en\/wp-json\/wp\/v2\/users\/5"}],"replies":[{"embeddable":true,"href":"https:\/\/www.pei.si\/en\/wp-json\/wp\/v2\/comments?post=3278"}],"version-history":[{"count":0,"href":"https:\/\/www.pei.si\/en\/wp-json\/wp\/v2\/pages\/3278\/revisions"}],"up":[{"embeddable":true,"href":"https:\/\/www.pei.si\/en\/wp-json\/wp\/v2\/pages\/3320"}],"wp:attachment":[{"href":"https:\/\/www.pei.si\/en\/wp-json\/wp\/v2\/media?parent=3278"}],"curies":[{"name":"wp","href":"https:\/\/api.w.org\/{rel}","templated":true}]}}