{"id":3279,"date":"2018-12-16T20:19:21","date_gmt":"2018-12-16T20:19:21","guid":{"rendered":"https:\/\/www.pei.si\/sodelavci-2\/"},"modified":"2019-03-19T10:17:33","modified_gmt":"2019-03-19T10:17:33","slug":"sodelavci","status":"publish","type":"page","link":"https:\/\/www.pei.si\/en\/research-activities\/international-comparative-research-studies-in-the-field-of-knowledge\/iccs\/iccs-2016\/sodelavci\/","title":{"rendered":"Sodelavci"},"content":{"rendered":"<ul>\n<li><a href=\"https:\/\/www.pei.si\/en\/zaposleni\/klemencic-eva\/\">Eva Klemen\u010di\u010d<\/a> (nacionalna koordinatorica)<\/li>\n<li>Mitja \u010cepi\u010d Vogrin\u010di\u010d (skrbnik podatkovnih baz)<\/li>\n<\/ul>\n","protected":false},"excerpt":{"rendered":"<p>Eva Klemen\u010di\u010d (nacionalna koordinatorica) Mitja \u010cepi\u010d Vogrin\u010di\u010d (skrbnik podatkovnih baz)<\/p>\n","protected":false},"author":5,"featured_media":0,"parent":3321,"menu_order":0,"comment_status":"closed","ping_status":"closed","template":"","meta":{"_acf_changed":false,"footnotes":""},"class_list":["post-3279","page","type-page","status-publish","hentry"],"acf":[],"_links":{"self":[{"href":"https:\/\/www.pei.si\/en\/wp-json\/wp\/v2\/pages\/3279","targetHints":{"allow":["GET"]}}],"collection":[{"href":"https:\/\/www.pei.si\/en\/wp-json\/wp\/v2\/pages"}],"about":[{"href":"https:\/\/www.pei.si\/en\/wp-json\/wp\/v2\/types\/page"}],"author":[{"embeddable":true,"href":"https:\/\/www.pei.si\/en\/wp-json\/wp\/v2\/users\/5"}],"replies":[{"embeddable":true,"href":"https:\/\/www.pei.si\/en\/wp-json\/wp\/v2\/comments?post=3279"}],"version-history":[{"count":1,"href":"https:\/\/www.pei.si\/en\/wp-json\/wp\/v2\/pages\/3279\/revisions"}],"predecessor-version":[{"id":4104,"href":"https:\/\/www.pei.si\/en\/wp-json\/wp\/v2\/pages\/3279\/revisions\/4104"}],"up":[{"embeddable":true,"href":"https:\/\/www.pei.si\/en\/wp-json\/wp\/v2\/pages\/3321"}],"wp:attachment":[{"href":"https:\/\/www.pei.si\/en\/wp-json\/wp\/v2\/media?parent=3279"}],"curies":[{"name":"wp","href":"https:\/\/api.w.org\/{rel}","templated":true}]}}