{"id":3282,"date":"2018-12-16T19:54:10","date_gmt":"2018-12-16T19:54:10","guid":{"rendered":"https:\/\/www.pei.si\/sodelavci-2\/"},"modified":"2019-03-19T10:14:43","modified_gmt":"2019-03-19T10:14:43","slug":"sodelavci","status":"publish","type":"page","link":"https:\/\/www.pei.si\/en\/research-activities\/international-comparative-research-studies-in-the-field-of-knowledge\/talis\/talis-2008\/sodelavci\/","title":{"rendered":"Sodelavci"},"content":{"rendered":"<ul>\n<li><a href=\"https:\/\/www.pei.si\/en\/zaposleni\/sardoc-mitja\/\">Mitja Sardo\u010d<\/a> (nacionalni koordinator)<\/li>\n<li><a href=\"https:\/\/www.pei.si\/en\/zaposleni\/vrsnik-perse-tina\/\">dr. Tina Vr\u0161nik Per\u0161e<\/a> (skrbnica podatkovnih baz)<\/li>\n<\/ul>\n","protected":false},"excerpt":{"rendered":"<p>Mitja Sardo\u010d (nacionalni koordinator) dr. Tina Vr\u0161nik Per\u0161e (skrbnica podatkovnih baz)<\/p>\n","protected":false},"author":5,"featured_media":0,"parent":3324,"menu_order":0,"comment_status":"closed","ping_status":"closed","template":"","meta":{"_acf_changed":false,"footnotes":""},"class_list":["post-3282","page","type-page","status-publish","hentry"],"acf":[],"_links":{"self":[{"href":"https:\/\/www.pei.si\/en\/wp-json\/wp\/v2\/pages\/3282","targetHints":{"allow":["GET"]}}],"collection":[{"href":"https:\/\/www.pei.si\/en\/wp-json\/wp\/v2\/pages"}],"about":[{"href":"https:\/\/www.pei.si\/en\/wp-json\/wp\/v2\/types\/page"}],"author":[{"embeddable":true,"href":"https:\/\/www.pei.si\/en\/wp-json\/wp\/v2\/users\/5"}],"replies":[{"embeddable":true,"href":"https:\/\/www.pei.si\/en\/wp-json\/wp\/v2\/comments?post=3282"}],"version-history":[{"count":1,"href":"https:\/\/www.pei.si\/en\/wp-json\/wp\/v2\/pages\/3282\/revisions"}],"predecessor-version":[{"id":4098,"href":"https:\/\/www.pei.si\/en\/wp-json\/wp\/v2\/pages\/3282\/revisions\/4098"}],"up":[{"embeddable":true,"href":"https:\/\/www.pei.si\/en\/wp-json\/wp\/v2\/pages\/3324"}],"wp:attachment":[{"href":"https:\/\/www.pei.si\/en\/wp-json\/wp\/v2\/media?parent=3282"}],"curies":[{"name":"wp","href":"https:\/\/api.w.org\/{rel}","templated":true}]}}