{"id":3285,"date":"2018-12-16T19:52:35","date_gmt":"2018-12-16T19:52:35","guid":{"rendered":"https:\/\/www.pei.si\/rezultati-2\/"},"modified":"2018-12-16T19:52:35","modified_gmt":"2018-12-16T19:52:35","slug":"rezultati","status":"publish","type":"page","link":"https:\/\/www.pei.si\/en\/research-activities\/international-comparative-research-studies-in-the-field-of-knowledge\/talis\/talis-2008\/rezultati\/","title":{"rendered":"Rezultati"},"content":{"rendered":"<ul>\n<li><a href=\"https:\/\/www.pei.si\/wp-content\/uploads\/2019\/01\/TALIS-poro\u010dilo.pdf\">Nacionalno poro\u010dilo o rezultatih raziskave TALIS 2008<\/a><\/li>\n<li><a href=\"https:\/\/www.pei.si\/wp-content\/uploads\/2019\/01\/TALIS-result.pdf\">Mednarodno poro\u010dilo o rezultatih raziskave TALIS 2008<\/a><\/li>\n<li><a href=\"https:\/\/www.pei.si\/wp-content\/uploads\/2019\/01\/Gradivo_OECD_TALIS_Sardoc.pdf\">Predstavitev raziskave TALIS 2008<\/a><\/li>\n<li><a href=\"http:\/\/www.oecd.org\/education\/talis\/\">mednarodna spletna stran raziskave<\/a><\/li>\n<\/ul>\n<p>&nbsp;<\/p>\n<p>V raziskavi TALIS 2008 so bili podatki zbrani s pomo\u010djo dveh vpra\u0161alnikov:<\/p>\n<ul>\n<li>za <a href=\"https:\/\/www.pei.si\/wp-content\/uploads\/2019\/01\/vprasalnik_ravnatelji.pdf\">ravnatelje<\/a>\u00a0in<\/li>\n<li>za <a href=\"https:\/\/www.pei.si\/wp-content\/uploads\/2019\/01\/vprasalnik_ucitelji.pdf\">u\u010ditelje<\/a>.<\/li>\n<\/ul>\n<p>&nbsp;<\/p>\n<p>Oba vpra\u0161alnika vsebujeta vpra\u0161anja o strokovno-pedago\u0161kem delu u\u010diteljev in ravnateljev, stali\u0161\u010dih do razli\u010dnih oblik in metod pou\u010devanja in u\u010denja, povratnih informacijah, ki jih u\u010ditelji prejemajo za svoje delo ter o drugih pedago\u0161kih in vodstvenih vpra\u0161anjih, ki so povezana z opravljanjem u\u010diteljskega in ravnateljskega poklica.<\/p>\n","protected":false},"excerpt":{"rendered":"<p>Nacionalno poro\u010dilo o rezultatih raziskave TALIS 2008 Mednarodno poro\u010dilo o rezultatih raziskave TALIS 2008 Predstavitev raziskave TALIS 2008 mednarodna spletna stran raziskave &nbsp; V raziskavi TALIS 2008 so bili podatki zbrani s pomo\u010djo dveh vpra\u0161alnikov: za ravnatelje\u00a0in za u\u010ditelje. &nbsp; Oba vpra\u0161alnika vsebujeta vpra\u0161anja o strokovno-pedago\u0161kem delu u\u010diteljev in ravnateljev, stali\u0161\u010dih do razli\u010dnih oblik in [&hellip;]<\/p>\n","protected":false},"author":5,"featured_media":0,"parent":3324,"menu_order":0,"comment_status":"closed","ping_status":"closed","template":"","meta":{"_acf_changed":false,"footnotes":""},"class_list":["post-3285","page","type-page","status-publish","hentry"],"acf":[],"_links":{"self":[{"href":"https:\/\/www.pei.si\/en\/wp-json\/wp\/v2\/pages\/3285","targetHints":{"allow":["GET"]}}],"collection":[{"href":"https:\/\/www.pei.si\/en\/wp-json\/wp\/v2\/pages"}],"about":[{"href":"https:\/\/www.pei.si\/en\/wp-json\/wp\/v2\/types\/page"}],"author":[{"embeddable":true,"href":"https:\/\/www.pei.si\/en\/wp-json\/wp\/v2\/users\/5"}],"replies":[{"embeddable":true,"href":"https:\/\/www.pei.si\/en\/wp-json\/wp\/v2\/comments?post=3285"}],"version-history":[{"count":0,"href":"https:\/\/www.pei.si\/en\/wp-json\/wp\/v2\/pages\/3285\/revisions"}],"up":[{"embeddable":true,"href":"https:\/\/www.pei.si\/en\/wp-json\/wp\/v2\/pages\/3324"}],"wp:attachment":[{"href":"https:\/\/www.pei.si\/en\/wp-json\/wp\/v2\/media?parent=3285"}],"curies":[{"name":"wp","href":"https:\/\/api.w.org\/{rel}","templated":true}]}}