{"id":3286,"date":"2018-12-16T19:39:07","date_gmt":"2018-12-16T19:39:07","guid":{"rendered":"https:\/\/www.pei.si\/sodelavci-2\/"},"modified":"2019-03-19T10:24:25","modified_gmt":"2019-03-19T10:24:25","slug":"sodelavci","status":"publish","type":"page","link":"https:\/\/www.pei.si\/en\/research-activities\/international-comparative-research-studies-in-the-field-of-knowledge\/eslc\/eslc-2011\/sodelavci\/","title":{"rendered":"Sodelavci"},"content":{"rendered":"<ul>\n<li><a href=\"https:\/\/www.pei.si\/en\/zaposleni\/rutar-leban-tina\/\">Tina Rutar Leban<\/a> (nacionalna koordinatorica raziskave)<\/li>\n<li><a href=\"https:\/\/www.pei.si\/en\/zaposleni\/mlekuz-ana\/\">mag. Ana Mleku\u017e<\/a> (skrbnica baz podatkov)<\/li>\n<li><a href=\"https:\/\/www.pei.si\/en\/zaposleni\/vrsnik-perse-tina\/\">dr. Tina Vr\u0161nik Per\u0161e<\/a><\/li>\n<li>Karmen Pi\u017eorn, Pedago\u0161ka fakulteta, Univerza v Ljubljani (zunanja sodelavka)<\/li>\n<li style=\"list-style-type: none;\"><\/li>\n<\/ul>\n","protected":false},"excerpt":{"rendered":"<p>Tina Rutar Leban (nacionalna koordinatorica raziskave) mag. Ana Mleku\u017e (skrbnica baz podatkov) dr. Tina Vr\u0161nik Per\u0161e Karmen Pi\u017eorn, Pedago\u0161ka fakulteta, Univerza v Ljubljani (zunanja sodelavka)<\/p>\n","protected":false},"author":5,"featured_media":0,"parent":3317,"menu_order":0,"comment_status":"closed","ping_status":"closed","template":"","meta":{"_acf_changed":false,"footnotes":""},"class_list":["post-3286","page","type-page","status-publish","hentry"],"acf":[],"_links":{"self":[{"href":"https:\/\/www.pei.si\/en\/wp-json\/wp\/v2\/pages\/3286","targetHints":{"allow":["GET"]}}],"collection":[{"href":"https:\/\/www.pei.si\/en\/wp-json\/wp\/v2\/pages"}],"about":[{"href":"https:\/\/www.pei.si\/en\/wp-json\/wp\/v2\/types\/page"}],"author":[{"embeddable":true,"href":"https:\/\/www.pei.si\/en\/wp-json\/wp\/v2\/users\/5"}],"replies":[{"embeddable":true,"href":"https:\/\/www.pei.si\/en\/wp-json\/wp\/v2\/comments?post=3286"}],"version-history":[{"count":1,"href":"https:\/\/www.pei.si\/en\/wp-json\/wp\/v2\/pages\/3286\/revisions"}],"predecessor-version":[{"id":4114,"href":"https:\/\/www.pei.si\/en\/wp-json\/wp\/v2\/pages\/3286\/revisions\/4114"}],"up":[{"embeddable":true,"href":"https:\/\/www.pei.si\/en\/wp-json\/wp\/v2\/pages\/3317"}],"wp:attachment":[{"href":"https:\/\/www.pei.si\/en\/wp-json\/wp\/v2\/media?parent=3286"}],"curies":[{"name":"wp","href":"https:\/\/api.w.org\/{rel}","templated":true}]}}