{"id":3297,"date":"2018-11-30T14:51:49","date_gmt":"2018-11-30T14:51:49","guid":{"rendered":"https:\/\/www.pei.si\/tita\/"},"modified":"2019-09-13T11:29:29","modified_gmt":"2019-09-13T11:29:29","slug":"tita","status":"publish","type":"page","link":"https:\/\/www.pei.si\/en\/research-activities\/projekti\/tita\/","title":{"rendered":"TITA"},"content":{"rendered":"<h3><b>Medsektorski pristop k obravnavi zgodnjega opu\u0161\u010danja \u0161olanja: inovativna usposabljanja, pripomo\u010dki\u00a0in dejavnosti <\/b><\/h3>\n<h5><b>(Team cooperation to fight early school leaving (ESL): training, innovative tools and actions)<\/b><\/h5>\n<p><i><span style=\"font-weight: 400;\">vodja projekta na PI: <\/span><\/i><span style=\"font-weight: 400;\"><a href=\"https:\/\/www.pei.si\/en\/zaposleni\/stremfel-urska\/\">dr. Ur\u0161ka \u0160tremfel<\/a> <\/span><\/p>\n<p><i><span style=\"font-weight: 400;\">center: <\/span><\/i><span style=\"font-weight: 400;\">Center za uporabno epistemologijo<\/span><\/p>\n<p><i><span style=\"font-weight: 400;\">spletna stran projekta: <\/span><\/i><a href=\"http:\/\/titaproject.eu\/\"><span style=\"font-weight: 400;\">http:\/\/titaproject.eu\/<\/span><\/a><\/p>\n<p><i><span style=\"font-weight: 400;\">\u010dasovno obdobje trajanja projekta: <\/span><\/i><span style=\"font-weight: 400;\">2014 &#8211; 2017<\/span><\/p>\n<p><span style=\"font-weight: 400;\">Namen projekta TITA je bil zasnovati, preizkusiti in ovrednotiti inovativne pristope osredinjene na prepre\u010devanje zgodnjega opu\u0161\u010danja izobra\u017eevanja ter s tem prispevati k uresni\u010devanju\u00a0evropskih strate\u0161kih ciljev na podro\u010dju izobra\u017eevanja. Na Pedago\u0161kem in\u0161titutu smo v letih 2014 do 2017 v projektu sodelovali kot snovalci znanstvenih podlag s katerimi smo z razli\u010dnih teoretskih in raziskovalnih perspektiv osvetlili problematiko zgodnjega opu\u0161\u010danja izobra\u017eevanja. Pri tem smo se osredinili zlasti na prepoznavanje individualnih dejavnikov, ter dejavnikov v dru\u017einskem, \u0161olskem in institucionalnem oziroma dru\u017ebenem okolju, ki se na podlagi izsledkov mednarodnih raziskav znanja in drugih raziskav izobra\u017eevanja povezujejo z zgodnjim opu\u0161\u010danjem izobra\u017eevanja. Ob teoretskih izhodi\u0161\u010dih, ki so nastajala kot rezultat raziskovanja in povezovanja razli\u010dnih znanstvenih disciplin, smo posebno pozornost namenili znanstvenemu osmi\u0161ljanju pristopov, katerih kon\u010dni cilj je usmerjen v prepre\u010devanje zgodnjega opu\u0161\u010danja izobra\u017eevanja. Pristopi zasnovani v okviru projekta so bili v obliki javnopoliti\u010dnih eksperimentov preizku\u0161eni in ovrednoteni v Franciji, Luksemburgu in \u0160vici, njihovi rezultati pa so kot dobre prakse za prepre\u010devanje zgodnjega opu\u0161\u010danja izobra\u017eevanja z ustreznimi nadgraditvami lahko uporabljeni tudi v drugih (evropskih) dr\u017eavah.<\/span><\/p>\n<p><span style=\"font-weight: 400;\">Rezultati projekta so predstavljeni na spletni strani projekta <\/span><a href=\"http:\/\/titaproject.eu\/\"><span style=\"font-weight: 400;\">http:\/\/titaproject.eu\/<\/span><\/a><span style=\"font-weight: 400;\"> ter v znanstveni monografiji Early school leaving: Contemporary European Perspectives. \u00a0<\/span><\/p>\n<p><i><span style=\"font-weight: 400;\">sodelujo\u010di raziskovalci\/-ke na PI: <\/span><\/i><\/p>\n<ul>\n<li style=\"font-weight: 400;\"><a href=\"https:\/\/www.pei.si\/en\/zaposleni\/kozina-ana\/\"><i><span style=\"font-weight: 400;\">dr. Ana Kozina<\/span><\/i><\/a><\/li>\n<li style=\"font-weight: 400;\"><a href=\"https:\/\/www.pei.si\/en\/zaposleni\/vidmar-masa\/\"><span style=\"font-weight: 400;\">dr. Ma\u0161a Vidmar<\/span><\/a><\/li>\n<li style=\"font-weight: 400;\"><a href=\"https:\/\/www.pei.si\/en\/zaposleni\/vrsnik-perse-tina\/\"><span style=\"font-weight: 400;\">dr. Tina Vr\u0161nik Per\u0161e<\/span><\/a><\/li>\n<li style=\"font-weight: 400;\"><a href=\"https:\/\/www.pei.si\/en\/zaposleni\/mlekuz-ana\/\"><span style=\"font-weight: 400;\">mag. Ana Mleku\u017e<\/span><\/a><\/li>\n<li style=\"font-weight: 400;\"><a href=\"https:\/\/www.pei.si\/en\/zaposleni\/sterman-ivancic-klaudija\/\"><span style=\"font-weight: 400;\">Klaudija \u0160terman Ivan\u010di\u010d<\/span><\/a><\/li>\n<li style=\"font-weight: 400;\"><span style=\"font-weight: 400;\">dr. Mojca \u0160traus<\/span><\/li>\n<\/ul>\n<p>&nbsp;<\/p>\n<p><i><span style=\"font-weight: 400;\">izvajalci projekta<\/span><\/i><span style=\"font-weight: 400;\">: \u00c9cole normale sup\u00e9rieure de Lyon, Institut fran\u00e7ais de l&#8217;\u00c9ducation, Minist\u00e8re de l\u2019\u00e9ducation nationale de l\u2019enseignement sup\u00e9rieur et de la recherche, Centre d\u2019\u00e9tudes et de recherches sur les qualifications, Haute \u00e9cole p\u00e9dagogique du Valais, The Spanish Ministry of Education, Culture and Sport, The Equal Opportunities of Persons with Disabilities Non-profit Ltd. (FSZK)<\/span><\/p>\n<p><i><span style=\"font-weight: 400;\">vir\/financer: <\/span><\/i><span style=\"font-weight: 400;\">Evropska komisija, programska skupina Edukacijske raziskave<\/span><\/p>\n","protected":false},"excerpt":{"rendered":"<p>Medsektorski pristop k obravnavi zgodnjega opu\u0161\u010danja \u0161olanja: inovativna usposabljanja, pripomo\u010dki\u00a0in dejavnosti (Team cooperation to fight early school leaving (ESL): training, innovative tools and actions) vodja projekta na PI: dr. Ur\u0161ka \u0160tremfel center: Center za uporabno epistemologijo spletna stran projekta: http:\/\/titaproject.eu\/ \u010dasovno obdobje trajanja projekta: 2014 &#8211; 2017 Namen projekta TITA je bil zasnovati, preizkusiti in [&hellip;]<\/p>\n","protected":false},"author":3,"featured_media":0,"parent":3388,"menu_order":0,"comment_status":"closed","ping_status":"closed","template":"","meta":{"_acf_changed":false,"footnotes":""},"class_list":["post-3297","page","type-page","status-publish","hentry"],"acf":[],"_links":{"self":[{"href":"https:\/\/www.pei.si\/en\/wp-json\/wp\/v2\/pages\/3297","targetHints":{"allow":["GET"]}}],"collection":[{"href":"https:\/\/www.pei.si\/en\/wp-json\/wp\/v2\/pages"}],"about":[{"href":"https:\/\/www.pei.si\/en\/wp-json\/wp\/v2\/types\/page"}],"author":[{"embeddable":true,"href":"https:\/\/www.pei.si\/en\/wp-json\/wp\/v2\/users\/3"}],"replies":[{"embeddable":true,"href":"https:\/\/www.pei.si\/en\/wp-json\/wp\/v2\/comments?post=3297"}],"version-history":[{"count":2,"href":"https:\/\/www.pei.si\/en\/wp-json\/wp\/v2\/pages\/3297\/revisions"}],"predecessor-version":[{"id":4184,"href":"https:\/\/www.pei.si\/en\/wp-json\/wp\/v2\/pages\/3297\/revisions\/4184"}],"up":[{"embeddable":true,"href":"https:\/\/www.pei.si\/en\/wp-json\/wp\/v2\/pages\/3388"}],"wp:attachment":[{"href":"https:\/\/www.pei.si\/en\/wp-json\/wp\/v2\/media?parent=3297"}],"curies":[{"name":"wp","href":"https:\/\/api.w.org\/{rel}","templated":true}]}}