{"id":3298,"date":"2018-11-30T14:51:29","date_gmt":"2018-11-30T14:51:29","guid":{"rendered":"https:\/\/www.pei.si\/raollla\/"},"modified":"2019-09-13T11:29:13","modified_gmt":"2019-09-13T11:29:13","slug":"raollla","status":"publish","type":"page","link":"https:\/\/www.pei.si\/en\/research-activities\/projekti\/raollla\/","title":{"rendered":"RAOLLLA"},"content":{"rendered":"<h3><b>Raising Awareness and Opportunities of Lifelong Learning for Low Achievers <\/b><\/h3>\n<h5><b>(Pribli\u017eajmo prilo\u017enosti vse\u017eivljenjskega u\u010denja vsem) \u00a0<\/b><\/h5>\n<p><i><span style=\"font-weight: 400;\">vodja projekta na PI: <\/span><\/i><span style=\"font-weight: 400;\"><a href=\"https:\/\/www.pei.si\/en\/zaposleni\/stremfel-urska\/\">dr. Ur\u0161ka \u0160tremfel<\/a> <\/span><\/p>\n<p><i><span style=\"font-weight: 400;\">center: <\/span><\/i><span style=\"font-weight: 400;\">Center za uporabno epistemologijo<\/span><\/p>\n<p><i><span style=\"font-weight: 400;\">spletna stran projekta: <\/span><\/i><a href=\"http:\/\/raollla.pei.si\/\"><span style=\"font-weight: 400;\">http:\/\/raollla.pei.si\/<\/span><\/a><\/p>\n<p><i><span style=\"font-weight: 400;\">\u010dasovno obdobje trajanja projekta: <\/span><\/i><span style=\"font-weight: 400;\">2013 &#8211; 2014<\/span><\/p>\n<p><span style=\"font-weight: 400;\">Projekt RAOLLLA, ki smo ga v letih 2013 in 2014 izvajali na Pedago\u0161kem in\u0161titutu, je del programa Vse\u017eivljenjsko u\u010denje, s katerim Evropska komisija podpira izvajanje evropskih strate\u0161kih ciljev v izobra\u017eevanju in usposabljanju v dr\u017eavah \u010dlanicah Evropske unije ter pri tem \u0161e posebej poudarja sodelovanje zainteresiranih strani, eksperimentiranje in inovacije.<\/span><\/p>\n<p><span style=\"font-weight: 400;\">Izziv, s katerim smo se soo\u010dali v okviru projekta, so mednarodno primerjalno in glede na relevantna evropska merila u\u010dno manj uspe\u0161ni u\u010denci v osnovno\u0161olskem in srednje\u0161olskem izobra\u017eevanju. Pri tem smo se osredinili zlasti na prepoznavanje individualnih dejavnikov ter dejavnikov v dru\u017einskem, \u0161olskem in \u0161ir\u0161em dru\u017ebenem okolju, ki se na podlagi izsledkov mednarodnih raziskav znanja in drugih raziskav izobra\u017eevanja povezujejo z njihovimi dose\u017eki. Ob teoretskih izhodi\u0161\u010dih, ki so nastala kot rezultat raziskovanja in povezovanja razli\u010dnih znanstvenih disciplin, smo posebno pozornost namenili snovanju pristopov, katerih kon\u010dni cilj je usmerjen v izbolj\u0161anje u\u010dne uspe\u0161nosti posameznika ali posameznice, obenem pa na razli\u010dnih izobra\u017eevalnih ravneh ter z razli\u010dnimi vsebinskimi in interakcijskimi oblikami u\u010dinkovito nagovarjajo vse posredne in neposredne udele\u017eence izobra\u017eevalnega procesa (tj. u\u010ditelje, mladostnike in njihove star\u0161e). <\/span><\/p>\n<p><span style=\"font-weight: 400;\">Rezultati projekta so predstavljeni na spletni strani projekta <\/span><a href=\"http:\/\/raollla.pei.si\/\"><span style=\"font-weight: 400;\">http:\/\/raollla.pei.si\/<\/span><\/a><span style=\"font-weight: 400;\"> ter v znanstveni monografiji <\/span><a href=\"https:\/\/plus.cobiss.si\/opac7\/bib\/273600000\"><span style=\"font-weight: 400;\">U\u010dna (ne)uspe\u0161nost: pogledi, pristopi, izzivi<\/span><\/a><span style=\"font-weight: 400;\"> (v prevodu<\/span> <a href=\"http:\/\/www.pei.si\/Sifranti\/StaticPage.aspx?id=162\"><span style=\"font-weight: 400;\">Student (Under)achievement:<\/span><i><span style=\"font-weight: 400;\"><br \/>\n<\/span><\/i><span style=\"font-weight: 400;\">Perspectives, Approaches,<\/span> <span style=\"font-weight: 400;\">Challenges<\/span><\/a><span style=\"font-weight: 400;\">)<\/span><i><span style=\"font-weight: 400;\">. <\/span><\/i><\/p>\n<p><i><span style=\"font-weight: 400;\">sodelujo\u010di raziskovalci\/-ke na PI: <\/span><\/i><\/p>\n<ul>\n<li style=\"font-weight: 400;\"><a href=\"https:\/\/www.pei.si\/en\/zaposleni\/autor-sabina\/\"><span style=\"font-weight: 400;\">Sabina Autor<\/span><\/a><\/li>\n<li style=\"font-weight: 400;\"><a href=\"https:\/\/www.pei.si\/en\/zaposleni\/gril-alenka\/\"><span style=\"font-weight: 400;\">dr. Alenka Gril<\/span><\/a><\/li>\n<li style=\"font-weight: 400;\"><span style=\"font-weight: 400;\">dr. Polona Kelava<\/span><\/li>\n<li style=\"font-weight: 400;\"><a href=\"https:\/\/www.pei.si\/en\/zaposleni\/klemencic-eva\/\"><span style=\"font-weight: 400;\">dr. Eva Klemen\u010di\u010d<\/span><\/a><\/li>\n<li style=\"font-weight: 400;\"><a href=\"https:\/\/www.pei.si\/en\/zaposleni\/kozina-ana\/\"><span style=\"font-weight: 400;\">dr. Ana Kozina<\/span><\/a><\/li>\n<li style=\"font-weight: 400;\"><a href=\"https:\/\/www.pei.si\/en\/zaposleni\/rutar-leban-tina\/\"><span style=\"font-weight: 400;\">dr. Tina Rutar Leban<\/span><\/a><\/li>\n<li style=\"font-weight: 400;\"><a href=\"https:\/\/www.pei.si\/en\/zaposleni\/sterman-ivancic-klaudija\/\"><span style=\"font-weight: 400;\">Klaudija \u0160terman Ivan\u010di\u010d<\/span><\/a><\/li>\n<li style=\"font-weight: 400;\"><span style=\"font-weight: 400;\">dr. Mojca \u0160traus<\/span><\/li>\n<li style=\"font-weight: 400;\"><a href=\"https:\/\/www.pei.si\/en\/zaposleni\/vrsnik-perse-tina\/\"><span style=\"font-weight: 400;\">dr. Tina Vr\u0161nik Per\u0161e<\/span><\/a><\/li>\n<li style=\"font-weight: 400;\"><a href=\"https:\/\/www.pei.si\/en\/zaposleni\/zmavc-janja\/\"><span style=\"font-weight: 400;\">dr. Janja \u017dmavc<\/span><\/a><\/li>\n<\/ul>\n<p>&nbsp;<\/p>\n<p><i><span style=\"font-weight: 400;\">vir\/financer: <\/span><\/i><span style=\"font-weight: 400;\">Evropska komisija, program LLL<\/span><\/p>\n","protected":false},"excerpt":{"rendered":"<p>Raising Awareness and Opportunities of Lifelong Learning for Low Achievers (Pribli\u017eajmo prilo\u017enosti vse\u017eivljenjskega u\u010denja vsem) \u00a0 vodja projekta na PI: dr. Ur\u0161ka \u0160tremfel center: Center za uporabno epistemologijo spletna stran projekta: http:\/\/raollla.pei.si\/ \u010dasovno obdobje trajanja projekta: 2013 &#8211; 2014 Projekt RAOLLLA, ki smo ga v letih 2013 in 2014 izvajali na Pedago\u0161kem in\u0161titutu, je del [&hellip;]<\/p>\n","protected":false},"author":3,"featured_media":5422,"parent":3388,"menu_order":0,"comment_status":"closed","ping_status":"closed","template":"","meta":{"_acf_changed":false,"footnotes":""},"class_list":["post-3298","page","type-page","status-publish","has-post-thumbnail","hentry"],"acf":[],"_links":{"self":[{"href":"https:\/\/www.pei.si\/en\/wp-json\/wp\/v2\/pages\/3298","targetHints":{"allow":["GET"]}}],"collection":[{"href":"https:\/\/www.pei.si\/en\/wp-json\/wp\/v2\/pages"}],"about":[{"href":"https:\/\/www.pei.si\/en\/wp-json\/wp\/v2\/types\/page"}],"author":[{"embeddable":true,"href":"https:\/\/www.pei.si\/en\/wp-json\/wp\/v2\/users\/3"}],"replies":[{"embeddable":true,"href":"https:\/\/www.pei.si\/en\/wp-json\/wp\/v2\/comments?post=3298"}],"version-history":[{"count":1,"href":"https:\/\/www.pei.si\/en\/wp-json\/wp\/v2\/pages\/3298\/revisions"}],"predecessor-version":[{"id":4180,"href":"https:\/\/www.pei.si\/en\/wp-json\/wp\/v2\/pages\/3298\/revisions\/4180"}],"up":[{"embeddable":true,"href":"https:\/\/www.pei.si\/en\/wp-json\/wp\/v2\/pages\/3388"}],"wp:featuredmedia":[{"embeddable":true,"href":"https:\/\/www.pei.si\/en\/wp-json\/wp\/v2\/media\/5422"}],"wp:attachment":[{"href":"https:\/\/www.pei.si\/en\/wp-json\/wp\/v2\/media?parent=3298"}],"curies":[{"name":"wp","href":"https:\/\/api.w.org\/{rel}","templated":true}]}}