{"id":3299,"date":"2018-11-30T14:51:08","date_gmt":"2018-11-30T14:51:08","guid":{"rendered":"https:\/\/www.pei.si\/career\/"},"modified":"2019-09-13T11:22:52","modified_gmt":"2019-09-13T11:22:52","slug":"career","status":"publish","type":"page","link":"https:\/\/www.pei.si\/en\/research-activities\/projekti\/career\/","title":{"rendered":"CAREER"},"content":{"rendered":"<h3>Creative Awareness Raising and Empowerment for Employability and Resiliency<\/h3>\n<h5>(Opolnomo\u010dimo mlade na karierni poti)<\/h5>\n<p><em>vodja projekta na PI:<\/em> <a href=\"https:\/\/www.pei.si\/en\/zaposleni\/stremfel-urska\/\">dr. Ur\u0161ka \u0160tremfel<\/a><br \/>\n<em>center:<\/em> Center za uporabno epistemologijo<br \/>\n<em>spletna stran projekta:<\/em> <a href=\"http:\/\/career.pei.si\/\">http:\/\/career.pei.si\/<\/a><br \/>\n<em>\u010dasovno obdobje trajanja projekta:<\/em> 2014 &#8211; 2015<\/p>\n<p>Projekt CAREER, ki smo ga v letih 2014 in 2015 izvajali na Pedago\u0161kem in\u0161titutu in v Centru Republike Slovenije za poklicno izobra\u017eevanje ob podpori Ministrstva za izobra\u017eevanje, znanost in \u0161port, je del programa Vse\u017eivljenjsko u\u010denje, s katerim Evropska komisija podpira izvajanje evropskih strate\u0161kih ciljev v izobra\u017eevanju in usposabljanju v dr\u017eavah \u010dlanicah Evropske unije ter pri tem \u0161e posebej poudarja sodelovanje zainteresiranih strani, eksperimentiranje in inovacije.<\/p>\n<p>Izziv, s katerim smo se soo\u010dali v okviru projekta, so otroci in mladostniki v osnovno\u0161olskem in srednje\u0161olskem izobra\u017eevanju, katerih prihodnost na sodobnem trgu dela je nepredvidljiva. Pri tem smo se osredinili zlasti na prepoznavanje individualnih dejavnikov ter dejavnikov v dru\u017einskem, \u0161olskem in \u0161ir\u0161em dru\u017ebenem okolju, ki se na podlagi izsledkov mednarodnih raziskav znanja in drugih raziskav izobra\u017eevanja povezujejo s kariernimi odlo\u010ditvami in potmi mladih. V okviru projekta smo s poglobljenim vpogledom v teoretska izhodi\u0161\u010da ter zdaj\u0161nje pristope k vse\u017eivljenjski karierni orientaciji na evropski in nacionalni ravni izpostavili nekatere pomembne razmisleke o konceptualnem razumevanju povezanosti osebnostnega, socialnega in kariernega razvoja mladih ter izpostavili pristope za nadgraditev zdaj\u0161njih in oblikovanje novih pristopov za pripravo mladih na njihovo uspe\u0161no zasebno in delovno \u017eivljenje v sodobni dru\u017ebi.<\/p>\n<p>Rezultati projekta so predstavljeni na spletni strani projekta http:\/\/career.pei.si\/ ter v znanstveni monografiji Karierni ter osebnostni in socialni razvoj mladih: pogledi, pristopi, izzivi (v prevodu Students&#8217; Career, Personal and Social Development: Perspectives, Approaches, Challenges).<\/p>\n<p><em>sodelujo\u010di raziskovalci\/-ke na PI:<\/em><br \/>\n<a href=\"https:\/\/www.pei.si\/en\/zaposleni\/gril-alenka\/\">dr. Alenka Gril<\/a><br \/>\n<a href=\"https:\/\/www.pei.si\/en\/zaposleni\/bijuklic-igor\/\">dr. Igor Bijukli\u010d<\/a><br \/>\ndr. Polona Kelava<br \/>\n<a href=\"https:\/\/www.pei.si\/en\/zaposleni\/rutar-leban-tina\/\">dr. Tina Rutar Leban<\/a><br \/>\n<a href=\"https:\/\/www.pei.si\/en\/zaposleni\/vrsnik-perse-tina\/\">dr. Tina Vr\u0161nik Per\u0161e<\/a><br \/>\ndr. Mojca \u0160traus<br \/>\n<a href=\"https:\/\/www.pei.si\/en\/zaposleni\/stremfel-urska\/\">dr. Ur\u0161ka \u0160tremfel<\/a><br \/>\n<a href=\"https:\/\/www.pei.si\/en\/zaposleni\/mlekuz-ana\/\">Ana Mleku\u017e<\/a><br \/>\n<a href=\"https:\/\/www.pei.si\/en\/zaposleni\/gerzina-suzana\/\">Suzana Ger\u017eina<\/a><\/p>\n<p><em>izvajalci projekta:<\/em> Center Republike Slovenije za poklicno izobra\u017eevanje, Zavod Republike Slovenije za \u0161olstvo, Ministrstvo za izobra\u017eevanje, znanost in \u0161port<\/p>\n<p><em>vir\/financer:<\/em> Evropska komisija, program LLL<\/p>\n","protected":false},"excerpt":{"rendered":"<p>Creative Awareness Raising and Empowerment for Employability and Resiliency (Opolnomo\u010dimo mlade na karierni poti) vodja projekta na PI: dr. Ur\u0161ka \u0160tremfel center: Center za uporabno epistemologijo spletna stran projekta: http:\/\/career.pei.si\/ \u010dasovno obdobje trajanja projekta: 2014 &#8211; 2015 Projekt CAREER, ki smo ga v letih 2014 in 2015 izvajali na Pedago\u0161kem in\u0161titutu in v Centru Republike [&hellip;]<\/p>\n","protected":false},"author":3,"featured_media":5414,"parent":3388,"menu_order":0,"comment_status":"closed","ping_status":"closed","template":"","meta":{"_acf_changed":false,"footnotes":""},"class_list":["post-3299","page","type-page","status-publish","has-post-thumbnail","hentry"],"acf":[],"_links":{"self":[{"href":"https:\/\/www.pei.si\/en\/wp-json\/wp\/v2\/pages\/3299","targetHints":{"allow":["GET"]}}],"collection":[{"href":"https:\/\/www.pei.si\/en\/wp-json\/wp\/v2\/pages"}],"about":[{"href":"https:\/\/www.pei.si\/en\/wp-json\/wp\/v2\/types\/page"}],"author":[{"embeddable":true,"href":"https:\/\/www.pei.si\/en\/wp-json\/wp\/v2\/users\/3"}],"replies":[{"embeddable":true,"href":"https:\/\/www.pei.si\/en\/wp-json\/wp\/v2\/comments?post=3299"}],"version-history":[{"count":1,"href":"https:\/\/www.pei.si\/en\/wp-json\/wp\/v2\/pages\/3299\/revisions"}],"predecessor-version":[{"id":4159,"href":"https:\/\/www.pei.si\/en\/wp-json\/wp\/v2\/pages\/3299\/revisions\/4159"}],"up":[{"embeddable":true,"href":"https:\/\/www.pei.si\/en\/wp-json\/wp\/v2\/pages\/3388"}],"wp:featuredmedia":[{"embeddable":true,"href":"https:\/\/www.pei.si\/en\/wp-json\/wp\/v2\/media\/5414"}],"wp:attachment":[{"href":"https:\/\/www.pei.si\/en\/wp-json\/wp\/v2\/media?parent=3299"}],"curies":[{"name":"wp","href":"https:\/\/api.w.org\/{rel}","templated":true}]}}