{"id":3301,"date":"2018-11-30T14:46:21","date_gmt":"2018-11-30T14:46:21","guid":{"rendered":"https:\/\/www.pei.si\/zoraleder\/"},"modified":"2019-09-13T11:22:07","modified_gmt":"2019-09-13T11:22:07","slug":"zoraleder","status":"publish","type":"page","link":"https:\/\/www.pei.si\/en\/research-activities\/projekti\/zoraleder\/","title":{"rendered":"ZORALEDER (Mo\u010dnej\u0161i)"},"content":{"rendered":"<h3><b>Z REYN Slovenija do ve\u010dje ozave\u0161\u010denosti o pomenu kakovostne pred\u0161olske vzgoje<\/b><\/h3>\n<p><span style=\"font-weight: 400;\">vodja projekta: <a href=\"https:\/\/www.pei.si\/en\/zaposleni\/zgonec-petra\/\">Petra Zgonec<\/a><\/span><\/p>\n<p><span style=\"font-weight: 400;\">center: Center za kakovost v vzgoji in izobra\u017eevanju Korak za korakom<\/span><\/p>\n<p><span style=\"font-weight: 400;\">\u010dasovno obdobje trajanja projekta: 2016 &#8211; 2018<\/span><\/p>\n<p><span style=\"font-weight: 400;\">V okviru projekta ZORALEDER, katerega temeljni namen je okrepiti mre\u017eo REYN Slovenija (S\/REYN) ter izbolj\u0161ati njeno prepoznavnost v slovenskem prostoru in \u0161ir\u0161e, bo v letih 2016 in 2017 posebna pozornost usmerjena tudi naslednjim pomembnim namenom in ciljem projekta:\u00a0<\/span><\/p>\n<ul>\n<li style=\"font-weight: 400;\"><span style=\"font-weight: 400;\">dvig stopnje ozave\u0161\u010denosti star\u0161ev o pomenu pred\u0161olske vzgoje; \u00a0<\/span><\/li>\n<li style=\"font-weight: 400;\"><span style=\"font-weight: 400;\">dvig kompetenc strokovnih delavcev na podro\u010dju zagotavljanja ve\u010djezi\u010dnega, ve\u010dkulturnega u\u010dnega okolja;<\/span><\/li>\n<li style=\"font-weight: 400;\"><span style=\"font-weight: 400;\">usposabljanje in vklju\u010devanje jezikovnih asistentov v neposredno pedago\u0161ko prakso;<\/span><\/li>\n<li style=\"font-weight: 400;\"><span style=\"font-weight: 400;\">spodbujati jezikovni razvoj ter razvoj predopismenjevalnih ve\u0161\u010din romskih otrok in otrok migrantov;<\/span><\/li>\n<li style=\"font-weight: 400;\"><span style=\"font-weight: 400;\">dvig stopnje vpisa\u00a0 romskih otrok in otrok priseljencev v vrtcih;<\/span><\/li>\n<li style=\"font-weight: 400;\"><span style=\"font-weight: 400;\">spodbujati povezovanje vrtca z lokalno skupnostjo ter romsko\/priseljensko skupnostjo;<\/span><\/li>\n<li style=\"font-weight: 400;\"><span style=\"font-weight: 400;\">vplivati na izobra\u017eevalne politike v okviru priprave nove Nacionalne strategije vklju\u010devanja Romov za obdobje 2016-2021<\/span><\/li>\n<\/ul>\n<p>&nbsp;<\/p>\n<p><i><span style=\"font-weight: 400;\">izvajalci projekta na PI<\/span><\/i><span style=\"font-weight: 400;\">:<\/span><\/p>\n<ul>\n<li style=\"font-weight: 400;\"><a href=\"https:\/\/www.pei.si\/en\/zaposleni\/rezek-mateja\/\"><span style=\"font-weight: 400;\">mag. Mateja Re\u017eek<\/span><\/a><\/li>\n<li style=\"font-weight: 400;\"><a href=\"https:\/\/www.pei.si\/en\/zaposleni\/mlinar-mateja\/\"><span style=\"font-weight: 400;\">Mateja Mlinar<\/span><\/a><\/li>\n<li style=\"font-weight: 400;\"><a href=\"https:\/\/www.pei.si\/en\/zaposleni\/bozovicar-petra\/\"><span style=\"font-weight: 400;\">Petra Bozovi\u010dar<\/span><\/a><\/li>\n<\/ul>\n<p>&nbsp;<\/p>\n<p><i><span style=\"font-weight: 400;\">sodelujo\u010de partnerske organizacije:<\/span><\/i><span style=\"font-weight: 400;\"> Romski akademski klub, Urad Vlade RS za narodnosti, Vrtec Beltinci, Vrtec Otona \u017dupan\u010di\u010d Ljubljana, Vrtec \u0160entvid<\/span><\/p>\n<p><i><span style=\"font-weight: 400;\">vir\/financer:<\/span><\/i><span style=\"font-weight: 400;\"> Open Society Foundations <\/span><\/p>\n","protected":false},"excerpt":{"rendered":"<p>Z REYN Slovenija do ve\u010dje ozave\u0161\u010denosti o pomenu kakovostne pred\u0161olske vzgoje vodja projekta: Petra Zgonec center: Center za kakovost v vzgoji in izobra\u017eevanju Korak za korakom \u010dasovno obdobje trajanja projekta: 2016 &#8211; 2018 V okviru projekta ZORALEDER, katerega temeljni namen je okrepiti mre\u017eo REYN Slovenija (S\/REYN) ter izbolj\u0161ati njeno prepoznavnost v slovenskem prostoru in \u0161ir\u0161e, [&hellip;]<\/p>\n","protected":false},"author":3,"featured_media":0,"parent":3388,"menu_order":0,"comment_status":"closed","ping_status":"closed","template":"","meta":{"_acf_changed":false,"footnotes":""},"class_list":["post-3301","page","type-page","status-publish","hentry"],"acf":[],"_links":{"self":[{"href":"https:\/\/www.pei.si\/en\/wp-json\/wp\/v2\/pages\/3301","targetHints":{"allow":["GET"]}}],"collection":[{"href":"https:\/\/www.pei.si\/en\/wp-json\/wp\/v2\/pages"}],"about":[{"href":"https:\/\/www.pei.si\/en\/wp-json\/wp\/v2\/types\/page"}],"author":[{"embeddable":true,"href":"https:\/\/www.pei.si\/en\/wp-json\/wp\/v2\/users\/3"}],"replies":[{"embeddable":true,"href":"https:\/\/www.pei.si\/en\/wp-json\/wp\/v2\/comments?post=3301"}],"version-history":[{"count":1,"href":"https:\/\/www.pei.si\/en\/wp-json\/wp\/v2\/pages\/3301\/revisions"}],"predecessor-version":[{"id":4154,"href":"https:\/\/www.pei.si\/en\/wp-json\/wp\/v2\/pages\/3301\/revisions\/4154"}],"up":[{"embeddable":true,"href":"https:\/\/www.pei.si\/en\/wp-json\/wp\/v2\/pages\/3388"}],"wp:attachment":[{"href":"https:\/\/www.pei.si\/en\/wp-json\/wp\/v2\/media?parent=3301"}],"curies":[{"name":"wp","href":"https:\/\/api.w.org\/{rel}","templated":true}]}}