{"id":3302,"date":"2018-11-30T14:45:54","date_gmt":"2018-11-30T14:45:54","guid":{"rendered":"https:\/\/www.pei.si\/value\/"},"modified":"2019-09-13T11:21:45","modified_gmt":"2019-09-13T11:21:45","slug":"value","status":"publish","type":"page","link":"https:\/\/www.pei.si\/en\/research-activities\/projekti\/value\/","title":{"rendered":"VALUE"},"content":{"rendered":"<h3><b>Value Diversity in Care and Education<\/b><\/h3>\n<p><i><span style=\"font-weight: 400;\">vodja projekta: <\/span><\/i><a href=\"https:\/\/www.pei.si\/en\/zaposleni\/rezek-mateja\/\"><span style=\"font-weight: 400;\">mag. Mateja Re\u017eek<\/span><\/a><\/p>\n<p><i><span style=\"font-weight: 400;\">center:<\/span><\/i><span style=\"font-weight: 400;\"> Center za kakovost v vzgoji in izobra\u017eevanju Korak za korakom<\/span><\/p>\n<p><i><span style=\"font-weight: 400;\">\u010dasovno obdobje trajanja projekta:<\/span><\/i><span style=\"font-weight: 400;\"> 2017 &#8211; 2020<\/span><\/p>\n<p><span style=\"font-weight: 400;\">Projekt se osredoto\u010da na oblikovanje strategij kontinuiranega profesionalnega razvoja \u00a0za vse strokovne delavce vrtcev . Klju\u010dno vpra\u0161anje je, kako organizirati u\u010denje, strokovno podporo med praktiki, bi v celoti izkoristili obstoje\u010do raznolikost v perspektivah, kulturnih okoljih in osebnih izku\u0161njah, kako ob oblikovanju skupne profesionalne poti razvoja \u00a0zagotoviti strokovno rast vseh strokovnih delavcev v vrtcu.<\/span><\/p>\n<p><i><span style=\"font-weight: 400;\">izvajalci projekta na PI:<\/span><\/i><\/p>\n<ul>\n<li style=\"font-weight: 400;\"><a href=\"https:\/\/www.pei.si\/en\/zaposleni\/jager-jerneja\/\"><i><span style=\"font-weight: 400;\">dr. Jerneja Jager<\/span><\/i><\/a><\/li>\n<li style=\"font-weight: 400;\"><i><span style=\"font-weight: 400;\"><a href=\"https:\/\/www.pei.si\/en\/zaposleni\/zgonec-petra\/\">Petra Zgonec<\/a><\/span><\/i><\/li>\n<\/ul>\n<p>&nbsp;<\/p>\n<p><i><span style=\"font-weight: 400;\">sodelujo\u010de partnerske organizacije:<\/span><\/i><span style=\"font-weight: 400;\"> VBJK, Danish School of Education, Aga Khan Foundation, Erasmushogeschool, Karel de Grote hogeschool, ESEIPS<\/span><\/p>\n<p><i><span style=\"font-weight: 400;\">vir\/financer:<\/span><\/i><span style=\"font-weight: 400;\"> Erasmus plus, KA3<\/span><\/p>\n","protected":false},"excerpt":{"rendered":"<p>Value Diversity in Care and Education vodja projekta: mag. Mateja Re\u017eek center: Center za kakovost v vzgoji in izobra\u017eevanju Korak za korakom \u010dasovno obdobje trajanja projekta: 2017 &#8211; 2020 Projekt se osredoto\u010da na oblikovanje strategij kontinuiranega profesionalnega razvoja \u00a0za vse strokovne delavce vrtcev . Klju\u010dno vpra\u0161anje je, kako organizirati u\u010denje, strokovno podporo med praktiki, bi [&hellip;]<\/p>\n","protected":false},"author":3,"featured_media":0,"parent":3388,"menu_order":0,"comment_status":"closed","ping_status":"closed","template":"","meta":{"_acf_changed":false,"footnotes":""},"class_list":["post-3302","page","type-page","status-publish","hentry"],"acf":[],"_links":{"self":[{"href":"https:\/\/www.pei.si\/en\/wp-json\/wp\/v2\/pages\/3302","targetHints":{"allow":["GET"]}}],"collection":[{"href":"https:\/\/www.pei.si\/en\/wp-json\/wp\/v2\/pages"}],"about":[{"href":"https:\/\/www.pei.si\/en\/wp-json\/wp\/v2\/types\/page"}],"author":[{"embeddable":true,"href":"https:\/\/www.pei.si\/en\/wp-json\/wp\/v2\/users\/3"}],"replies":[{"embeddable":true,"href":"https:\/\/www.pei.si\/en\/wp-json\/wp\/v2\/comments?post=3302"}],"version-history":[{"count":1,"href":"https:\/\/www.pei.si\/en\/wp-json\/wp\/v2\/pages\/3302\/revisions"}],"predecessor-version":[{"id":4152,"href":"https:\/\/www.pei.si\/en\/wp-json\/wp\/v2\/pages\/3302\/revisions\/4152"}],"up":[{"embeddable":true,"href":"https:\/\/www.pei.si\/en\/wp-json\/wp\/v2\/pages\/3388"}],"wp:attachment":[{"href":"https:\/\/www.pei.si\/en\/wp-json\/wp\/v2\/media?parent=3302"}],"curies":[{"name":"wp","href":"https:\/\/api.w.org\/{rel}","templated":true}]}}