{"id":3303,"date":"2018-11-30T14:45:32","date_gmt":"2018-11-30T14:45:32","guid":{"rendered":"https:\/\/www.pei.si\/toy-for-inclusion\/"},"modified":"2019-09-13T11:20:50","modified_gmt":"2019-09-13T11:20:50","slug":"toy-for-inclusion","status":"publish","type":"page","link":"https:\/\/www.pei.si\/en\/research-activities\/projekti\/toy-for-inclusion\/","title":{"rendered":"TOY for Inclusion"},"content":{"rendered":"<h3><b>Community Based Early Childhood Education and Care (ECEC) for Roma Children<\/b><\/h3>\n<p><i><span style=\"font-weight: 400;\">vodja projekta:<\/span><\/i><a href=\"https:\/\/www.pei.si\/en\/zaposleni\/mlinar-mateja\/\"><span style=\"font-weight: 400;\"> Mateja Mlinar<\/span><\/a><\/p>\n<p><i><span style=\"font-weight: 400;\">center:<\/span><\/i><span style=\"font-weight: 400;\"> Center za kakovost v vzgoji in izobra\u017eevanju Korak za korakom<\/span><\/p>\n<p><i><span style=\"font-weight: 400;\">spletna stran projekta:\u00a0<\/span><\/i><a href=\"https:\/\/www.reyn.eu\/toy4inclusion\/\" target=\"_blank\" rel=\"noopener noreferrer\"><span style=\"font-weight: 400;\">https:\/\/www.reyn.eu\/toy4inclusion\/<\/span><\/a><\/p>\n<p><i><span style=\"font-weight: 400;\">\u010dasovno obdobje trajanja projekta:<\/span><\/i><span style=\"font-weight: 400;\"> 2017 \u2013 2019<\/span><\/p>\n<p><span style=\"font-weight: 400;\">Cilj projekta je <\/span><b>boj proti segregaciji romskih otrok in dru\u017ein<\/b><span style=\"font-weight: 400;\"> ter <\/span><b>doseganje socialne kohezije<\/b><span style=\"font-weight: 400;\"> na lokalni ravni, s \u010dimer \u017eelimo izbolj\u0161ati in razviti storitve na podro\u010dju inkluzivne vzgoje in izobra\u017eevanja v zgodnjem otro\u0161tvu. Cilj projekta je tudi <\/span><b>izbolj\u0161ati izku\u0161njo prehoda romskih otrok v lokalne osnovne \u0161ole<\/b><span style=\"font-weight: 400;\">, kar bo pozitivno vplivalo tudi na njihove u\u010dne rezultate.<\/span><\/p>\n<p><span style=\"font-weight: 400;\">Projekt spodbuja aktivno vklju\u010denost romskih in neromskih skupnosti (dru\u017ein) v obdobju zgodnjega otro\u0161tva. To \u017eelimo dose\u010di z razvojem in nadgradnjo zunaj kurikularnih aktivnosti, kot so <\/span><b>knji\u017enice igra\u010d<\/b><span style=\"font-weight: 400;\"> in <\/span><b>medgeneracijsko u\u010denje<\/b><span style=\"font-weight: 400;\">. Slednje vklju\u010dujejo razli\u010dne starostne skupine \u2013 mlaj\u0161e otroke in starej\u0161e odrasle, ki se u\u010dijo skupaj in drug od drugega, tako da se skupaj ukvarjajo s kreativnimi, kulturnimi in umetni\u0161kimi dejavnostmi.\u00a0<\/span><\/p>\n<p><span style=\"font-weight: 400;\">V projektu kot lokalni partner sodeluje Vrtec Murska Sobota, pri vzpostavitvi knji\u017enice igra\u010d in vsebinskem usmerjanju njenega delovanja pa sodelujemo z lokalnim akcijskim timom, ki ga sestavljajo predstavniki razli\u010dnih organizacij v Mestni ob\u010dini Murska Sobota &#8211; MOMS\u00a0(predstavniki pripadnikov romske skupnosti, predstavniki MOMS, predstavniki vzgojno-izobra\u017eevalnih institucij, mestne knji\u017enice, dru\u0161tev, zavodov, centra za socialno delo itd.).<\/span><\/p>\n<p><span style=\"font-weight: 400;\">Projekt je sofinanciran s strani Evropske unije.<\/span><\/p>\n<p><i><span style=\"font-weight: 400;\">sodelujo\u010di raziskovalci\/-ke na PI:<\/span><\/i><\/p>\n<ul>\n<li style=\"font-weight: 400;\"><a href=\"https:\/\/www.pei.si\/en\/zaposleni\/bozovicar-petra\/\"><span style=\"font-weight: 400;\">Petra Bozovi\u010dar<\/span><\/a><\/li>\n<li style=\"font-weight: 400;\"><a href=\"https:\/\/www.pei.si\/en\/zaposleni\/jager-jerneja\/\"><span style=\"font-weight: 400;\">dr. Jerneja Jager<\/span><\/a><\/li>\n<li style=\"font-weight: 400;\"><a href=\"https:\/\/www.pei.si\/en\/zaposleni\/zgonec-petra\/\"><span style=\"font-weight: 400;\">Petra Zgonec<\/span><\/a><\/li>\n<li style=\"font-weight: 400;\"><a href=\"https:\/\/www.pei.si\/en\/zaposleni\/simenc-marjan\/\"><span style=\"font-weight: 400;\">dr. Marjan \u0160imenc<\/span><\/a><\/li>\n<\/ul>\n<p>&nbsp;<\/p>\n<p><i><span style=\"font-weight: 400;\">sodelujo\u010de organizacije:<\/span><\/i><span style=\"font-weight: 400;\"> ICDI \u2013 International Child Development Initiatives (vodja projekta); <\/span><\/p>\n<p><span style=\"font-weight: 400;\">Pedago\u0161ki in\u0161titut, ISSA &#8211; International Step by Step Association, Open Academy Step by Step, Center for Education Initiatives, Wide Open School, VBJK Vernieuwing in de Basisvoorzieningen voor Jonge Kinderen \/ <\/span><i><span style=\"font-weight: 400;\">Innovations in the EarlyYears, <\/span><\/i><span style=\"font-weight: 400;\">Partners Hungary, Associazione 21 Luglio<\/span><i><span style=\"font-weight: 400;\">vir<\/span><\/i><\/p>\n<p><i><span style=\"font-weight: 400;\">financer:<\/span><\/i><span style=\"font-weight: 400;\"> Erasmus+, KA2<\/span><\/p>\n","protected":false},"excerpt":{"rendered":"<p>Community Based Early Childhood Education and Care (ECEC) for Roma Children vodja projekta: Mateja Mlinar center: Center za kakovost v vzgoji in izobra\u017eevanju Korak za korakom spletna stran projekta:\u00a0https:\/\/www.reyn.eu\/toy4inclusion\/ \u010dasovno obdobje trajanja projekta: 2017 \u2013 2019 Cilj projekta je boj proti segregaciji romskih otrok in dru\u017ein ter doseganje socialne kohezije na lokalni ravni, s \u010dimer [&hellip;]<\/p>\n","protected":false},"author":3,"featured_media":0,"parent":3388,"menu_order":0,"comment_status":"closed","ping_status":"closed","template":"","meta":{"_acf_changed":false,"footnotes":""},"class_list":["post-3303","page","type-page","status-publish","hentry"],"acf":[],"_links":{"self":[{"href":"https:\/\/www.pei.si\/en\/wp-json\/wp\/v2\/pages\/3303","targetHints":{"allow":["GET"]}}],"collection":[{"href":"https:\/\/www.pei.si\/en\/wp-json\/wp\/v2\/pages"}],"about":[{"href":"https:\/\/www.pei.si\/en\/wp-json\/wp\/v2\/types\/page"}],"author":[{"embeddable":true,"href":"https:\/\/www.pei.si\/en\/wp-json\/wp\/v2\/users\/3"}],"replies":[{"embeddable":true,"href":"https:\/\/www.pei.si\/en\/wp-json\/wp\/v2\/comments?post=3303"}],"version-history":[{"count":2,"href":"https:\/\/www.pei.si\/en\/wp-json\/wp\/v2\/pages\/3303\/revisions"}],"predecessor-version":[{"id":5410,"href":"https:\/\/www.pei.si\/en\/wp-json\/wp\/v2\/pages\/3303\/revisions\/5410"}],"up":[{"embeddable":true,"href":"https:\/\/www.pei.si\/en\/wp-json\/wp\/v2\/pages\/3388"}],"wp:attachment":[{"href":"https:\/\/www.pei.si\/en\/wp-json\/wp\/v2\/media?parent=3303"}],"curies":[{"name":"wp","href":"https:\/\/api.w.org\/{rel}","templated":true}]}}