{"id":3304,"date":"2018-11-30T14:45:03","date_gmt":"2018-11-30T14:45:03","guid":{"rendered":"https:\/\/www.pei.si\/start\/"},"modified":"2019-09-13T11:20:22","modified_gmt":"2019-09-13T11:20:22","slug":"start","status":"publish","type":"page","link":"https:\/\/www.pei.si\/en\/research-activities\/projekti\/start\/","title":{"rendered":"START"},"content":{"rendered":"<h3><b>A good start for all: sustaining transitions accross the early years<\/b><\/h3>\n<p><i><span style=\"font-weight: 400;\">vodja projekta: <\/span><\/i><a href=\"https:\/\/www.pei.si\/en\/zaposleni\/rezek-mateja\/\"><span style=\"font-weight: 400;\">mag. Mateja Re\u017eek<\/span><\/a><\/p>\n<p><i><span style=\"font-weight: 400;\">center: <\/span><\/i><span style=\"font-weight: 400;\">Center za kakovost vzgoje in izobra\u017eevanja Korak za korakom<\/span><\/p>\n<p><i><span style=\"font-weight: 400;\">spletna stran projekta: <\/span><\/i><a href=\"http:\/\/start.pei.si\"><span style=\"font-weight: 400;\">http:\/\/start.pei.si<\/span><\/a><\/p>\n<p><i><span style=\"font-weight: 400;\">\u010dasovno obdobje trajanja projekta:<\/span><\/i><span style=\"font-weight: 400;\"> 1. 9. 2016 &#8211; 28. 2. 2019<\/span><\/p>\n<p><span style=\"font-weight: 400;\">V okviru programa Erasmus+ bomo med septembrom 2016 in februarjem 2019 izvajali projekt START, katerega cilj je promocija in izbolj\u0161evanje praks, povezanih s prehodom med razli\u010dnimi izobra\u017eevalnimi konteksti. Strokovne delavce bomo podpirali pri raziskovanju inovativnih pristopov, metod in orodij za meh\u010danje prehoda med razli\u010dnimi u\u010dnimi konteksti (doma\u010de okolje, vrtec, osnovna \u0161ola). Razmislek o in izvajanje dejavnosti mehkega prehoda med u\u010dnimi konteksti je \u0161e posebej pomemben za otroke in dru\u017eine, ki prihajajo iz manj spodbudnih okolij.<\/span><\/p>\n<p><span style=\"font-weight: 400;\">Glavna podro\u010dja delovanja v projektu so naslednja:<\/span><\/p>\n<ol>\n<li style=\"font-weight: 400;\"><span style=\"font-weight: 400;\">Raziskovanje prehodov med razli\u010dnimi u\u010dnimi konteksti v obdobju zgodnjega otro\u0161tva,<\/span><\/li>\n<li style=\"font-weight: 400;\"><span style=\"font-weight: 400;\">Oblikovanje in eksperimentiranje z inovativnimi pedago\u0161kimi pristopi in izobra\u017eevalnimi strategijami, ki podirajo otrokovo prehajanje vzdol\u017e kontinuuma u\u010dnih izku\u0161enj (od doma v vrtec in osnovno \u0161olo);<\/span><\/li>\n<li style=\"font-weight: 400;\"><span style=\"font-weight: 400;\">Diseminacija projektnih dognanj.<\/span><\/li>\n<\/ol>\n<p><span style=\"font-weight: 400;\">V partnerstvu, ki ga koordinira na\u0161 center, sodeluje 9 partnerjev iz Italije, Belgije, Velike Britanije in Slovenije, eden izmed njih je tudi Osnovna \u0161ola Ti\u0161ina.<\/span><\/p>\n<p><i><span style=\"font-weight: 400;\">sodelujo\u010di raziskovalci\/-ke:<\/span><\/i><\/p>\n<ul>\n<li style=\"list-style-type: none;\">\n<ul>\n<li style=\"font-weight: 400;\"><a href=\"https:\/\/www.pei.si\/en\/zaposleni\/mlinar-mateja\/\"><span style=\"font-weight: 400;\">Mateja Mlinar<\/span><\/a><\/li>\n<li style=\"font-weight: 400;\"><a href=\"https:\/\/www.pei.si\/en\/zaposleni\/jager-jerneja\/\"><span style=\"font-weight: 400;\">dr. Jerneja Jager<\/span><\/a><\/li>\n<\/ul>\n<\/li>\n<\/ul>\n<p>&nbsp;<\/p>\n<p><i><span style=\"font-weight: 400;\">izvajalci projekta: <\/span><\/i><span style=\"font-weight: 400;\">University of Bologna (ITA), VBJK (Belgija); PenGreen (UK), O\u0160 Ti\u0161ina (SLO), Direzione Didactica di Vignola (ITA), Rockingam Primary School (UK), Our Lady Primary School (UK), Meezenestje Day Care Cetre (Belgija), St. Martins School (Belgija)<\/span><\/p>\n<p><i><span style=\"font-weight: 400;\">vir\/financer:<\/span><\/i><span style=\"font-weight: 400;\"> Erasmus +<\/span><\/p>\n","protected":false},"excerpt":{"rendered":"<p>A good start for all: sustaining transitions accross the early years vodja projekta: mag. Mateja Re\u017eek center: Center za kakovost vzgoje in izobra\u017eevanja Korak za korakom spletna stran projekta: http:\/\/start.pei.si \u010dasovno obdobje trajanja projekta: 1. 9. 2016 &#8211; 28. 2. 2019 V okviru programa Erasmus+ bomo med septembrom 2016 in februarjem 2019 izvajali projekt START, [&hellip;]<\/p>\n","protected":false},"author":3,"featured_media":0,"parent":3388,"menu_order":0,"comment_status":"closed","ping_status":"closed","template":"","meta":{"_acf_changed":false,"footnotes":""},"class_list":["post-3304","page","type-page","status-publish","hentry"],"acf":[],"_links":{"self":[{"href":"https:\/\/www.pei.si\/en\/wp-json\/wp\/v2\/pages\/3304","targetHints":{"allow":["GET"]}}],"collection":[{"href":"https:\/\/www.pei.si\/en\/wp-json\/wp\/v2\/pages"}],"about":[{"href":"https:\/\/www.pei.si\/en\/wp-json\/wp\/v2\/types\/page"}],"author":[{"embeddable":true,"href":"https:\/\/www.pei.si\/en\/wp-json\/wp\/v2\/users\/3"}],"replies":[{"embeddable":true,"href":"https:\/\/www.pei.si\/en\/wp-json\/wp\/v2\/comments?post=3304"}],"version-history":[{"count":1,"href":"https:\/\/www.pei.si\/en\/wp-json\/wp\/v2\/pages\/3304\/revisions"}],"predecessor-version":[{"id":4148,"href":"https:\/\/www.pei.si\/en\/wp-json\/wp\/v2\/pages\/3304\/revisions\/4148"}],"up":[{"embeddable":true,"href":"https:\/\/www.pei.si\/en\/wp-json\/wp\/v2\/pages\/3388"}],"wp:attachment":[{"href":"https:\/\/www.pei.si\/en\/wp-json\/wp\/v2\/media?parent=3304"}],"curies":[{"name":"wp","href":"https:\/\/api.w.org\/{rel}","templated":true}]}}