{"id":3305,"date":"2018-11-30T14:44:43","date_gmt":"2018-11-30T14:44:43","guid":{"rendered":"https:\/\/www.pei.si\/sieupyc\/"},"modified":"2019-09-13T11:16:42","modified_gmt":"2019-09-13T11:16:42","slug":"sieupyc","status":"publish","type":"page","link":"https:\/\/www.pei.si\/en\/research-activities\/projekti\/sieupyc\/","title":{"rendered":"SIEUPYC"},"content":{"rendered":"<h3><b>Socialna vklju\u010denost, izobra\u017eevanje in urbane politike za majhne otroke<\/b><\/h3>\n<p><i><span style=\"font-weight: 400;\">vodja projekta:<\/span><\/i><a href=\"https:\/\/www.pei.si\/en\/zaposleni\/bozovicar-petra\/\"><span style=\"font-weight: 400;\"> Petra Bozovi\u010dar<\/span><\/a><\/p>\n<p><i><span style=\"font-weight: 400;\">center:<\/span><\/i><span style=\"font-weight: 400;\"> Center za kakovost vzgoje in izobra\u017eevanja Korak za korakom<\/span><\/p>\n<p><i><span style=\"font-weight: 400;\">\u010dasovno obdobje trajanja projekta:<\/span><\/i><span style=\"font-weight: 400;\"> 2016 &#8211; 2019<\/span><\/p>\n<p><span style=\"font-weight: 400;\">Projekt <\/span><i><span style=\"font-weight: 400;\">Socialna vklju\u010denost, izobra\u017eevanje in urbane politike<\/span><\/i> <i><span style=\"font-weight: 400;\">za mlaj\u0161e otroke<\/span><\/i><span style=\"font-weight: 400;\">, financiran iz programa Erasmus+,\u00a0se dotika in povezuje pomembna vpra\u0161anja iz treh razli\u010dnih zornih kotov:<\/span><\/p>\n<ul>\n<li style=\"font-weight: 400;\"><span style=\"font-weight: 400;\">Kako se u\u010ditelji in pedagogi soo\u010dajo z nara\u0161\u010dajo\u010do raznolikostjo (etni\u010dna, kulturna, gospodarska, socialna, itd.), ki je zna\u010dilna za skupine otrok, s katerimi delajo? \u010ce obstaja \u017eelja, da je ve\u010dina otrok vklju\u010dena\/integrirana in da se igrajo, u\u010dijo in razvijajo skupaj, in \u010de lahko to na \u0161ir\u0161em nivoju prispeva k prepre\u010devanju segregacije in radikalizacije, kako lahko strokovni delavci premagujejo te izzive?<\/span><\/li>\n<\/ul>\n<ul>\n<li style=\"font-weight: 400;\"><span style=\"font-weight: 400;\">Katere kompetence potrebujejo strokovni delavci in institucije ter kako naj se izobra\u017eujejo (bodo\u010di) strokovni delavci? Kaj lahko prispeva poklicno in visoko\u0161olsko izobra\u017eevanje ter kako naj bo organizirano usposabljanje na delovnem mestu?<\/span><\/li>\n<\/ul>\n<ul>\n<li style=\"font-weight: 400;\"><span style=\"font-weight: 400;\">Kako lahko mestne oblasti v sodelovanju z lokalnimi partnerji na tem podro\u010dju organizirajo lokalno \u201cpedago\u0161ko infrastrukturo\u201d, ki spodbuja socialno vklju\u010denost in prepre\u010duje segregacijo? Kako mestne oblasti pozdravljajo in vklju\u010dujejo nove skupine otrok, kot npr. begunske otroke v izobra\u017eevalne institucije?<\/span><\/li>\n<\/ul>\n<p><span style=\"font-weight: 400;\">V tem projektu sodelujejo univerze uporabnih znanosti skupaj s strokovnimi sredi\u0161\u010di in mestnimi sveti ter institucijami pred\u0161olske vzgoje v Nem\u010diji, Sloveniji, na Danskem, v Belgiji in na Nizozemskem.\u00a0 Partnerji bomo razvili izobra\u017eevanja in usposabljanja, ki podpirajo razvoj medkulturnih kompetenc, potrebnih za socialno vklju\u010devanje in &#8211; v urbani perspektivi &#8211; boj proti diskriminaciji in segregaciji. Mesta, ki sodelujejo v tem projektu, se vsa soo\u010dajo z nara\u0161\u010danjem \u0161tevila prebivalstva in potrebami po inkluzivnem izobra\u017eevanju. To vklju\u010duje zagotavljanje potrebnih pogojev za podporo razvoju in izobra\u017eevanju mlaj\u0161ih otrok v mestih in njihovih dru\u017ein. Iz Slovenije kot partner poleg na\u0161ega Centra nastopa tudi Vrtec Hansa Christiana Andersena iz Ljubljane.<\/span><\/p>\n<p><i><span style=\"font-weight: 400;\">sodelujo\u010di raziskovalci\/-ke:<\/span><\/i><a href=\"https:\/\/www.pei.si\/en\/zaposleni\/rezek-mateja\/\"><span style=\"font-weight: 400;\"> mag. Mateja Re\u017eek<\/span><\/a><\/p>\n<p><i><span style=\"font-weight: 400;\">sodelujo\u010de partnerske organizacije: <\/span><\/i><span style=\"font-weight: 400;\">Stichting hogeschool van Amsterdam (Nizozemska), UCC (Danska), Mestna ob\u010dina Ljubljana, Vrtec Hansa Christiana Andersena, Senatsverwaltung f\u00fcr Bildung, Jugend und Wissenschaft Berlin, Stad Gent, B\u00f8rne &#8211; og ungdomsforvaltningen N\u00f8rrebro\/Bispebjerg, VBJK, Stichting Kinderopvang Internationaal, Kindertagesst\u00e4tten Berlin S\u00fcd-West<\/span><\/p>\n<p><i><span style=\"font-weight: 400;\">vir\/financer:<\/span><\/i><span style=\"font-weight: 400;\"> Erasmus +<\/span><\/p>\n","protected":false},"excerpt":{"rendered":"<p>Socialna vklju\u010denost, izobra\u017eevanje in urbane politike za majhne otroke vodja projekta: Petra Bozovi\u010dar center: Center za kakovost vzgoje in izobra\u017eevanja Korak za korakom \u010dasovno obdobje trajanja projekta: 2016 &#8211; 2019 Projekt Socialna vklju\u010denost, izobra\u017eevanje in urbane politike za mlaj\u0161e otroke, financiran iz programa Erasmus+,\u00a0se dotika in povezuje pomembna vpra\u0161anja iz treh razli\u010dnih zornih kotov: Kako [&hellip;]<\/p>\n","protected":false},"author":3,"featured_media":0,"parent":3388,"menu_order":0,"comment_status":"closed","ping_status":"closed","template":"","meta":{"_acf_changed":false,"footnotes":""},"class_list":["post-3305","page","type-page","status-publish","hentry"],"acf":[],"_links":{"self":[{"href":"https:\/\/www.pei.si\/en\/wp-json\/wp\/v2\/pages\/3305","targetHints":{"allow":["GET"]}}],"collection":[{"href":"https:\/\/www.pei.si\/en\/wp-json\/wp\/v2\/pages"}],"about":[{"href":"https:\/\/www.pei.si\/en\/wp-json\/wp\/v2\/types\/page"}],"author":[{"embeddable":true,"href":"https:\/\/www.pei.si\/en\/wp-json\/wp\/v2\/users\/3"}],"replies":[{"embeddable":true,"href":"https:\/\/www.pei.si\/en\/wp-json\/wp\/v2\/comments?post=3305"}],"version-history":[{"count":1,"href":"https:\/\/www.pei.si\/en\/wp-json\/wp\/v2\/pages\/3305\/revisions"}],"predecessor-version":[{"id":4139,"href":"https:\/\/www.pei.si\/en\/wp-json\/wp\/v2\/pages\/3305\/revisions\/4139"}],"up":[{"embeddable":true,"href":"https:\/\/www.pei.si\/en\/wp-json\/wp\/v2\/pages\/3388"}],"wp:attachment":[{"href":"https:\/\/www.pei.si\/en\/wp-json\/wp\/v2\/media?parent=3305"}],"curies":[{"name":"wp","href":"https:\/\/api.w.org\/{rel}","templated":true}]}}