{"id":3306,"date":"2018-11-30T14:44:19","date_gmt":"2018-11-30T14:44:19","guid":{"rendered":"https:\/\/www.pei.si\/roka-v-roki\/"},"modified":"2019-09-13T11:16:18","modified_gmt":"2019-09-13T11:16:18","slug":"roka-v-roki","status":"publish","type":"page","link":"https:\/\/www.pei.si\/en\/research-activities\/projekti\/roka-v-roki\/","title":{"rendered":"ROKA v ROKI"},"content":{"rendered":"<h3><strong>Socialne in \u010dustvene spretnosti za nediskriminatorno in vklju\u010dujo\u010do skupnost (celostni pristop) <\/strong><\/h3>\n<h5>(angl. HAND in HAND: Social and Emotional Skills for Tolerant and Non-discriminative Societies\u00a0(A Whole School Approach)<\/h5>\n<p><em>vodja projekta:<\/em> <a href=\"https:\/\/www.pei.si\/en\/zaposleni\/kozina-ana\/\">dr. Ana Kozina<\/a><\/p>\n<p><em>center: <\/em>Center za evalvacijske \u0161tudije<\/p>\n<p><em>spletna stran projekta:<\/em> <a href=\"http:\/\/handinhand.si\/\">http:\/\/handinhand.si\/<\/a><\/p>\n<p><em>\u010dasovno obdobje trajanja projekta:<\/em> 2017 &#8211; 2020<\/p>\n<p>Projekt ROKA v ROKI je EU projekt za skupno vpeljavo politik na podro\u010dju vzgoje in izobra\u017eevanja. V okviru projekta bomo sodelujo\u010di raziskovalci v obliki javnopoliti\u010dnega eksperimenta razvili, preizkusili in ovrednotili javno dostopno sistemsko orodje, univerzalen\u00a0<strong>program spodbujanja socialno-emocionalnih in medkulturnih (SEM) kompetenc<\/strong><strong>\u00a0<\/strong>(program ROKA v ROKI za u\u010dence in strokovne delavce), ki bo temelji na ve\u010dkulturnosti, prepoznavanju in pozitivnemu odnosu do raznolikosti, z namenom spodbujanja vklju\u010devanja, razvoja sprejemajo\u010dih in nediskriminatornih u\u010dnih okolij za vse u\u010dence (vklju\u010dno z migranti in begunci) in prepre\u010devanja diskriminatornega ustrahovanja, segregacije in zgodnjega opu\u0161\u010danja \u0161olanja.<\/p>\n<p>Pomembni rezultati projekta:<\/p>\n<ol>\n<li>pregledni <a href=\"http:\/\/handinhand.si\/assesment\/?lang=sl\">katalogi obstoje\u010dih merskih pripomo\u010dkov s podro\u010dja \u010dustvenih, socialnih in medkulturnih spretnosti<\/a> (na mednarodnem in nacionalni ravni);<\/li>\n<li><a href=\"http:\/\/handinhand.si\/katalog-sem-programov-za-ucence\/?lang=sl\">katalog SEM programov za u\u010dence<\/a><\/li>\n<li><a href=\"http:\/\/handinhand.si\/katalog-programov-za-strokovne-delavce\/?lang=sl\">katalog SEM programov za strokovne delavce<\/a><\/li>\n<li>merski pripomo\u010dki za merjenje \u010dustvenih, socialnih in medkulturnih kompetenc;<\/li>\n<li>program ROKA v ROKI za razvijanje \u010dustvenih, socialnih in medkulturnih kompetenc za u\u010dence osnovnih \u0161ol;<\/li>\n<li>program ROKA v ROKI za razvijanje \u010dustvenih, socialnih in medkulturnih kompetenc za strokovne delavce \u0161ole;<\/li>\n<li>mednarodna evalvacija programa ROKA v ROKI<\/li>\n<li>priporo\u010dila za razvoj politik in praks.<\/li>\n<\/ol>\n<p><em>Sodelujo\u010de raziskovalke na PI:<\/em><\/p>\n<ul>\n<li><a href=\"https:\/\/www.pei.si\/en\/zaposleni\/gerzina-suzana\/\">Suzana Ger\u017eina<\/a><\/li>\n<li><a href=\"https:\/\/www.pei.si\/en\/zaposleni\/mlekuz-ana\/\">Ana Mleku\u017e<\/a><\/li>\n<li><a href=\"https:\/\/www.pei.si\/en\/zaposleni\/stremfel-urska\/\">Ur\u0161ka \u0160tremfel<\/a><\/li>\n<li><a href=\"https:\/\/www.pei.si\/en\/zaposleni\/veldin-manja\/\">Manja Veldin<\/a><\/li>\n<li><a href=\"https:\/\/www.pei.si\/en\/zaposleni\/vidmar-masa\/\">Ma\u0161a Vidmar<\/a><\/li>\n<li><a href=\"https:\/\/www.pei.si\/en\/zaposleni\/vrsnik-perse-tina\/\">dr. Tina Vr\u0161nik Per\u0161e<\/a><\/li>\n<\/ul>\n<p>&nbsp;<\/p>\n<p><em>sodelujo\u010de partnerske organizacije:\u00a0<\/em>MIZ\u0160 \u2013 Ministrstvo za izobra\u017eevanje, znanost in \u0161port (Slovenija), In\u0161titut za dru\u0161tvena istra\u017eivanja \u2013 IDI (Hrva\u0161ka), MIUN- Mid Sweden University (\u0160vedska), TUM \u2013 Technical University Munich (Nem\u010dija), DIPF \u2013 German Institute for International Educational Research (Nem\u010dija), VIA \u2013 Via University College (Danska), NEPC \u2013 Network for Policy Experimentation<\/p>\n<p><em>vir\/financer<\/em>: EACEA, Erasmus K3<\/p>\n","protected":false},"excerpt":{"rendered":"<p>Socialne in \u010dustvene spretnosti za nediskriminatorno in vklju\u010dujo\u010do skupnost (celostni pristop) (angl. HAND in HAND: Social and Emotional Skills for Tolerant and Non-discriminative Societies\u00a0(A Whole School Approach) vodja projekta: dr. Ana Kozina center: Center za evalvacijske \u0161tudije spletna stran projekta: http:\/\/handinhand.si\/ \u010dasovno obdobje trajanja projekta: 2017 &#8211; 2020 Projekt ROKA v ROKI je EU projekt [&hellip;]<\/p>\n","protected":false},"author":3,"featured_media":0,"parent":3388,"menu_order":0,"comment_status":"closed","ping_status":"closed","template":"","meta":{"_acf_changed":false,"footnotes":""},"class_list":["post-3306","page","type-page","status-publish","hentry"],"acf":[],"_links":{"self":[{"href":"https:\/\/www.pei.si\/en\/wp-json\/wp\/v2\/pages\/3306","targetHints":{"allow":["GET"]}}],"collection":[{"href":"https:\/\/www.pei.si\/en\/wp-json\/wp\/v2\/pages"}],"about":[{"href":"https:\/\/www.pei.si\/en\/wp-json\/wp\/v2\/types\/page"}],"author":[{"embeddable":true,"href":"https:\/\/www.pei.si\/en\/wp-json\/wp\/v2\/users\/3"}],"replies":[{"embeddable":true,"href":"https:\/\/www.pei.si\/en\/wp-json\/wp\/v2\/comments?post=3306"}],"version-history":[{"count":3,"href":"https:\/\/www.pei.si\/en\/wp-json\/wp\/v2\/pages\/3306\/revisions"}],"predecessor-version":[{"id":4136,"href":"https:\/\/www.pei.si\/en\/wp-json\/wp\/v2\/pages\/3306\/revisions\/4136"}],"up":[{"embeddable":true,"href":"https:\/\/www.pei.si\/en\/wp-json\/wp\/v2\/pages\/3388"}],"wp:attachment":[{"href":"https:\/\/www.pei.si\/en\/wp-json\/wp\/v2\/media?parent=3306"}],"curies":[{"name":"wp","href":"https:\/\/api.w.org\/{rel}","templated":true}]}}