{"id":3307,"date":"2018-11-30T14:43:54","date_gmt":"2018-11-30T14:43:54","guid":{"rendered":"https:\/\/www.pei.si\/reyn-slovenija\/"},"modified":"2024-12-17T09:50:08","modified_gmt":"2024-12-17T09:50:08","slug":"reyn-slovenija","status":"publish","type":"page","link":"https:\/\/www.pei.si\/en\/research-activities\/projekti\/reyn-slovenija\/","title":{"rendered":"REYN Slovenija"},"content":{"rendered":"<p><em>Vodja projekta na PI<\/em>: <a href=\"https:\/\/www.pei.si\/en\/zaposleni\/zgonec-petra\/\" target=\"_blank\" rel=\"noopener\">Petra Zgonec<\/a><\/p>\n<p><em>Izvajalci_ke projekta na PI<\/em>: <a href=\"https:\/\/www.pei.si\/en\/zaposleni\/jager-jerneja\/\" target=\"_blank\" rel=\"noopener\">dr. Jerneja Jager<\/a>, <a href=\"https:\/\/www.pei.si\/en\/zaposleni\/rezek-mateja\/\" target=\"_blank\" rel=\"noopener\">mag. Mateja Re\u017eek<\/a>, <a href=\"https:\/\/www.pei.si\/en\/zaposleni\/bozovicar-petra\/\" target=\"_blank\" rel=\"noopener\">Petra Bozovi\u010dar<\/a>, <a href=\"https:\/\/www.pei.si\/en\/zaposleni\/mlinar-mateja\/\" target=\"_blank\" rel=\"noopener\">Mateja Mlinar<\/a><\/p>\n<p><i><span style=\"font-weight: 400;\">Center: <\/span><\/i><a href=\"https:\/\/www.pei.si\/en\/educational-research-institute\/research-centres\/step-by-step-centre-for-quality-in-education\/\"><span style=\"font-weight: 400;\">Center za kakovost v vzgoji in izobra\u017eevanju Korak za korakom<\/span><\/a><\/p>\n<p>&nbsp;<\/p>\n<p>REYN Slovenija je mre\u017ea za kakovostno vzgojo in izobra\u017eevanje romskih otrok. Povezuje strokovne delavce in aktiviste romske kot tudi drugih narodnosti, ki se na podro\u010dju zgodnjega razvoja sre\u010dujejo z romskimi dru\u017einami.<\/p>\n<p>Namen mre\u017ee, ki je bila ustanovljena aprila 2013, je postati inkluzivna, profesionalna in u\u010de\u010da se skupnost, v kateri \u010dlani poglabljajo razli\u010dna znanja in ve\u0161\u010dine, izmenjujejo izku\u0161nje, promovirajo primere dobrih praks, vzpostavljajo u\u010dinkovita partnerstva in skrbijo za profesionalni razvoj.<\/p>\n","protected":false},"excerpt":{"rendered":"<p>Vodja projekta na PI: Petra Zgonec Izvajalci_ke projekta na PI: dr. Jerneja Jager, mag. Mateja Re\u017eek, Petra Bozovi\u010dar, Mateja Mlinar Center: Center za kakovost v vzgoji in izobra\u017eevanju Korak za korakom &nbsp; REYN Slovenija je mre\u017ea za kakovostno vzgojo in izobra\u017eevanje romskih otrok. Povezuje strokovne delavce in aktiviste romske kot tudi drugih narodnosti, ki se [&hellip;]<\/p>\n","protected":false},"author":3,"featured_media":0,"parent":3388,"menu_order":0,"comment_status":"closed","ping_status":"closed","template":"","meta":{"_acf_changed":false,"footnotes":""},"class_list":["post-3307","page","type-page","status-publish","hentry"],"acf":[],"_links":{"self":[{"href":"https:\/\/www.pei.si\/en\/wp-json\/wp\/v2\/pages\/3307","targetHints":{"allow":["GET"]}}],"collection":[{"href":"https:\/\/www.pei.si\/en\/wp-json\/wp\/v2\/pages"}],"about":[{"href":"https:\/\/www.pei.si\/en\/wp-json\/wp\/v2\/types\/page"}],"author":[{"embeddable":true,"href":"https:\/\/www.pei.si\/en\/wp-json\/wp\/v2\/users\/3"}],"replies":[{"embeddable":true,"href":"https:\/\/www.pei.si\/en\/wp-json\/wp\/v2\/comments?post=3307"}],"version-history":[{"count":3,"href":"https:\/\/www.pei.si\/en\/wp-json\/wp\/v2\/pages\/3307\/revisions"}],"predecessor-version":[{"id":12879,"href":"https:\/\/www.pei.si\/en\/wp-json\/wp\/v2\/pages\/3307\/revisions\/12879"}],"up":[{"embeddable":true,"href":"https:\/\/www.pei.si\/en\/wp-json\/wp\/v2\/pages\/3388"}],"wp:attachment":[{"href":"https:\/\/www.pei.si\/en\/wp-json\/wp\/v2\/media?parent=3307"}],"curies":[{"name":"wp","href":"https:\/\/api.w.org\/{rel}","templated":true}]}}