{"id":3308,"date":"2018-11-30T14:43:29","date_gmt":"2018-11-30T14:43:29","guid":{"rendered":"https:\/\/www.pei.si\/neoliberalizem-v-evropskem-izobrazevalnem-prostoru\/"},"modified":"2019-09-13T11:28:53","modified_gmt":"2019-09-13T11:28:53","slug":"neoliberalizem-v-evropskem-izobrazevalnem-prostoru","status":"publish","type":"page","link":"https:\/\/www.pei.si\/en\/research-activities\/projekti\/neoliberalizem-v-evropskem-izobrazevalnem-prostoru\/","title":{"rendered":"Neoliberalizem v evropskem izobra\u017eevalnem prostoru"},"content":{"rendered":"<h3><b>Med u\u010dinkovitostjo in pravi\u010dnostjo slovenskih izobra\u017eevalnih politik in praks<\/b><\/h3>\n<p><i><span style=\"font-weight: 400;\">vodja projekta: <\/span><\/i><a href=\"https:\/\/www.pei.si\/en\/zaposleni\/kodelja-zdenko\/\"><span style=\"font-weight: 400;\">dr. Zdenko Kodelja<\/span><\/a><\/p>\n<p><i><span style=\"font-weight: 400;\">center:<\/span><\/i><span style=\"font-weight: 400;\"> Center za filozofijo vzgoje<\/span><\/p>\n<p><i><span style=\"font-weight: 400;\">spletna stran projekta:<\/span><\/i> <a href=\"http:\/\/upsi.pei.si\/\"><span style=\"font-weight: 400;\">http:\/\/upsi.pei.si\/<\/span><\/a><\/p>\n<p><i><span style=\"font-weight: 400;\">\u010dasovno obdobje trajanja projekta:<\/span><\/i><span style=\"font-weight: 400;\"> 2016 &#8211; 2018<\/span><\/p>\n<p><span style=\"font-weight: 400;\">Temeljni raziskovalni projekt z naslovom<\/span><b> Neoliberalizem v evropskem izobra\u017eevalnem prostoru: med u\u010dinkovitostjo in pravi\u010dnostjo slovenskih izobra\u017eevalnih politik in praks <\/b><span style=\"font-weight: 400;\">v letih 2016-2018 izvajamo na Pedago\u0161kem in\u0161titutu in Pedago\u0161ki fakulteti Univerze v Ljubljani. Projekt financira Javna agencija za raziskovalno dejavnost Republike Slovenije.<\/span><\/p>\n<p><span style=\"font-weight: 400;\">V sredi\u0161\u010du raziskovalne pozornosti projekta je vpra\u0161anje neoliberalne zasnovanosti evropskega izobra\u017eevalnega prostora in njenega vpliva na oblikovanje in izvajanje nacionalnih izobra\u017eevalnih politik. Osrednja pozornost je na u\u010dnih dose\u017ekih u\u010dencev in u\u010denk, ki jih dr\u017eave \u010dlanice na podlagi kulture performativnosti primerjajo v mednarodnih primerjalnih lestvicah dose\u017ekov. Na podlagi teh uvrstitev in ve\u010dinoma poenostavljenih analiz dose\u017ekov Evropska komisija in druge mednarodne organizacije (npr. OECD) dr\u017eavam posredujejo priporo\u010dila, v katerih predlagajo ukrepe za (domnevno) izbolj\u0161anje uspe\u0161nosti izobra\u017eevalnega sistema in s tem gospodarske konkuren\u010dnosti dr\u017eave. Navedena priporo\u010dila pogosto temeljijo na idejah neoliberalizma tako, da ukrepe za izbolj\u0161anje utemeljujejo na na\u010delu u\u010dinkovitosti (angl. <\/span><i><span style=\"font-weight: 400;\">efficiency<\/span><\/i><span style=\"font-weight: 400;\">), ob strani pa pu\u0161\u010dajo druga pomembna na\u010dela izobra\u017eevanja, na primer na\u010delo pravi\u010dnosti (angl. <\/span><i><span style=\"font-weight: 400;\">equity<\/span><\/i><span style=\"font-weight: 400;\">). Ob tem v projektu naslavljamo odprto edukacijsko znanstveno relevantno vpra\u0161anje (ne)komplementarnosti na\u010del u\u010dinkovitosti in pravi\u010dnosti pri zasledovanju evropskih ciljev na podro\u010dju izobra\u017eevanja. V okviru treh \u0161tudij primera razvijamo interdisciplinarni epistemolo\u0161ki in metodolo\u0161ki okvir za poglobljene sekundarne analize bogatega nabora obstoje\u010dih podatkov mednarodnih raziskav znanja (npr. PISA), ki poleg dose\u017ekov (kot kazalnika u\u010dinkovitosti) v ospredje postavljajo tudi pomen ozadenjskih dejavnikov kot kazalnikov pravi\u010dnosti izobra\u017eevalnega sistema (socialnoekonomski gradient, dejanska enakost spolov, blagostanje ter socialne in \u010dustvene spretnosti). <\/span><\/p>\n<p><i><span style=\"font-weight: 400;\">Sodeloujo\u010di raziskovalci\/-ke na Pedago\u0161kem in\u0161titutut:<\/span><\/i><\/p>\n<ul>\n<li style=\"font-weight: 400;\"><a href=\"https:\/\/www.pei.si\/en\/zaposleni\/kozina-ana\/\"><i><span style=\"font-weight: 400;\">dr. Ana Kozina<\/span><\/i><\/a><\/li>\n<li style=\"font-weight: 400;\"><span style=\"font-weight: 400;\">dr. Mojca \u0160traus<\/span><\/li>\n<li style=\"font-weight: 400;\"><a href=\"https:\/\/www.pei.si\/en\/zaposleni\/stremfel-urska\/\"><span style=\"font-weight: 400;\">dr. Ur\u0161ka \u0160tremfel<\/span><\/a><\/li>\n<li style=\"font-weight: 400;\"><a href=\"https:\/\/www.pei.si\/en\/zaposleni\/vendramin-valerija\/\"><span style=\"font-weight: 400;\">dr. Valerija Vendramin<\/span><\/a><\/li>\n<\/ul>\n<p>&nbsp;<\/p>\n<p><i><span style=\"font-weight: 400;\">sodelujo\u010de partnerske organizacije:<\/span><\/i> <a href=\"https:\/\/www.pef.uni-lj.si\/\"><span style=\"font-weight: 400;\">Pedago\u0161ka fakulteta<\/span><\/a><span style=\"font-weight: 400;\">, Univerza v Ljubljani <\/span><\/p>\n<p><i><span style=\"font-weight: 400;\">vir\/financer:<\/span><\/i><span style=\"font-weight: 400;\"> ARRS (Temeljni raziskovalni projekt)<\/span><\/p>\n","protected":false},"excerpt":{"rendered":"<p>Med u\u010dinkovitostjo in pravi\u010dnostjo slovenskih izobra\u017eevalnih politik in praks vodja projekta: dr. Zdenko Kodelja center: Center za filozofijo vzgoje spletna stran projekta: http:\/\/upsi.pei.si\/ \u010dasovno obdobje trajanja projekta: 2016 &#8211; 2018 Temeljni raziskovalni projekt z naslovom Neoliberalizem v evropskem izobra\u017eevalnem prostoru: med u\u010dinkovitostjo in pravi\u010dnostjo slovenskih izobra\u017eevalnih politik in praks v letih 2016-2018 izvajamo na Pedago\u0161kem [&hellip;]<\/p>\n","protected":false},"author":3,"featured_media":0,"parent":3388,"menu_order":0,"comment_status":"closed","ping_status":"closed","template":"","meta":{"_acf_changed":false,"footnotes":""},"class_list":["post-3308","page","type-page","status-publish","hentry"],"acf":[],"_links":{"self":[{"href":"https:\/\/www.pei.si\/en\/wp-json\/wp\/v2\/pages\/3308","targetHints":{"allow":["GET"]}}],"collection":[{"href":"https:\/\/www.pei.si\/en\/wp-json\/wp\/v2\/pages"}],"about":[{"href":"https:\/\/www.pei.si\/en\/wp-json\/wp\/v2\/types\/page"}],"author":[{"embeddable":true,"href":"https:\/\/www.pei.si\/en\/wp-json\/wp\/v2\/users\/3"}],"replies":[{"embeddable":true,"href":"https:\/\/www.pei.si\/en\/wp-json\/wp\/v2\/comments?post=3308"}],"version-history":[{"count":2,"href":"https:\/\/www.pei.si\/en\/wp-json\/wp\/v2\/pages\/3308\/revisions"}],"predecessor-version":[{"id":4178,"href":"https:\/\/www.pei.si\/en\/wp-json\/wp\/v2\/pages\/3308\/revisions\/4178"}],"up":[{"embeddable":true,"href":"https:\/\/www.pei.si\/en\/wp-json\/wp\/v2\/pages\/3388"}],"wp:attachment":[{"href":"https:\/\/www.pei.si\/en\/wp-json\/wp\/v2\/media?parent=3308"}],"curies":[{"name":"wp","href":"https:\/\/api.w.org\/{rel}","templated":true}]}}