{"id":3309,"date":"2018-11-30T14:42:22","date_gmt":"2018-11-30T14:42:22","guid":{"rendered":"https:\/\/www.pei.si\/mreza-kzk\/"},"modified":"2025-10-28T09:50:44","modified_gmt":"2025-10-28T09:50:44","slug":"mreza-kzk","status":"publish","type":"page","link":"https:\/\/www.pei.si\/en\/research-activities\/projekti\/mreza-kzk\/","title":{"rendered":"Mre\u017ea za spreminjanje kakovosti Korak za korakom"},"content":{"rendered":"<h4>Mre\u017ea za spreminjanje kakovosti Korak za korakom, v katero se vklju\u010dujejo vrtci in osnovne \u0161ole, kontinuirano deluje od leta 2000.<\/h4>\n<hr \/>\n<p><i><span style=\"font-weight: 400;\">Center: <\/span><\/i><a href=\"https:\/\/www.pei.si\/en\/educational-research-institute\/research-centres\/step-by-step-centre-for-quality-in-education\/\" target=\"_blank\" rel=\"noopener\"><span style=\"font-weight: 400;\">Center za kakovost v vzgoji in izobra\u017eevanju Korak za korakom<\/span><\/a><\/p>\n<hr \/>\n<p><em>Trajanje projekta<\/em>: kontinuirano od leta 2000<\/p>\n<hr \/>\n<p><em>Osnovni cilj mre\u017ee:<\/em><\/p>\n<hr \/>\n<p>Osnovni cilj Mre\u017ee je podpora vodstvenim in strokovnim delavcem vrtcev in osnovnih \u0161ol pri njihovem profesionalnem razvoju in iskanju poti, kako vzgojno-izobra\u017eevalni (VIZ) proces v njihovem oddelku narediti \u0161e kakovostnej\u0161i. Strokovne delavce podpiramo pri oblikovanju profesionalnih u\u010de\u010dih se skupnosti, ki jim zagotavljajo\u00a0 profesionalno podporo pri njihovem delu.<\/p>\n<hr \/>\n<p><em>Vsebinsko vodilo mre\u017ee:<\/em><\/p>\n<hr \/>\n<p>Vsebinsko vodilo Mre\u017ee so pedago\u0161ka podro\u010dja kakovosti <a href=\"https:\/\/www.issa.nl\/index.php\/issa\/collective_learning\/overview\" target=\"_blank\" rel=\"noopener\">ISSA<\/a>. Strokovni delavci v okviru oblikovane u\u010de\u010de se skupnosti reflektirajo lastno pedago\u0161ko prakso na enem od pedago\u0161kih podro\u010dij, ki so:<\/p>\n<ul>\n<li>interakcije,<\/li>\n<li>u\u010dno okolje,<\/li>\n<li>strategije pou\u010devanja,<\/li>\n<li>partnerstvo s star\u0161i in povezovanje s skupnostjo,<\/li>\n<li>spremljanje, ocenjevanje in na\u010drtovanje procesa ter<\/li>\n<li>profesionalni razvoj.<\/li>\n<\/ul>\n<hr \/>\n<p><em>Sodelujo\u010de organizacije<\/em>:<\/p>\n<hr \/>\n<p>Vrtec\/osnovna \u0161ola se v Mre\u017eo za spreminjanje kakovosti Korak za korakom vklju\u010di za obdobje enega \u0161olskega leta (\u010dlanstvo se letno obnavlja)<\/p>\n<hr \/>\n<p><em>Ve\u010d informacij<\/em>:<\/p>\n<hr \/>\n<p>o Mre\u017ei za spreminjanje kakovosti Korak za korakom najdete <a href=\"https:\/\/www.canva.com\/design\/DAGotmeVGaQ\/P6zbE9vi8xAn3wGbb7MgOA\/view?utm_content=DAGotmeVGaQ&amp;utm_campaign=designshare&amp;utm_medium=link2&amp;utm_source=uniquelinks&amp;utlId=h418d8804b5\">TUKAJ<\/a>.<\/p>\n","protected":false},"excerpt":{"rendered":"<p>Mre\u017ea za spreminjanje kakovosti Korak za korakom, v katero se vklju\u010dujejo vrtci in osnovne \u0161ole, kontinuirano deluje od leta 2000. Center: Center za kakovost v vzgoji in izobra\u017eevanju Korak za korakom Trajanje projekta: kontinuirano od leta 2000 Osnovni cilj mre\u017ee: Osnovni cilj Mre\u017ee je podpora vodstvenim in strokovnim delavcem vrtcev in osnovnih \u0161ol pri njihovem [&hellip;]<\/p>\n","protected":false},"author":3,"featured_media":0,"parent":3388,"menu_order":0,"comment_status":"closed","ping_status":"closed","template":"","meta":{"_acf_changed":false,"footnotes":""},"class_list":["post-3309","page","type-page","status-publish","hentry"],"acf":[],"_links":{"self":[{"href":"https:\/\/www.pei.si\/en\/wp-json\/wp\/v2\/pages\/3309","targetHints":{"allow":["GET"]}}],"collection":[{"href":"https:\/\/www.pei.si\/en\/wp-json\/wp\/v2\/pages"}],"about":[{"href":"https:\/\/www.pei.si\/en\/wp-json\/wp\/v2\/types\/page"}],"author":[{"embeddable":true,"href":"https:\/\/www.pei.si\/en\/wp-json\/wp\/v2\/users\/3"}],"replies":[{"embeddable":true,"href":"https:\/\/www.pei.si\/en\/wp-json\/wp\/v2\/comments?post=3309"}],"version-history":[{"count":14,"href":"https:\/\/www.pei.si\/en\/wp-json\/wp\/v2\/pages\/3309\/revisions"}],"predecessor-version":[{"id":14540,"href":"https:\/\/www.pei.si\/en\/wp-json\/wp\/v2\/pages\/3309\/revisions\/14540"}],"up":[{"embeddable":true,"href":"https:\/\/www.pei.si\/en\/wp-json\/wp\/v2\/pages\/3388"}],"wp:attachment":[{"href":"https:\/\/www.pei.si\/en\/wp-json\/wp\/v2\/media?parent=3309"}],"curies":[{"name":"wp","href":"https:\/\/api.w.org\/{rel}","templated":true}]}}