{"id":3310,"date":"2018-11-30T14:41:57","date_gmt":"2018-11-30T14:41:57","guid":{"rendered":"https:\/\/www.pei.si\/more\/"},"modified":"2019-09-13T11:26:36","modified_gmt":"2019-09-13T11:26:36","slug":"more","status":"publish","type":"page","link":"https:\/\/www.pei.si\/en\/research-activities\/projekti\/more\/","title":{"rendered":"MORE"},"content":{"rendered":"<h3><b>Podpiranje romskih otrok s strokovnimi delavci, ki so predstavniki romske skupnosti<\/b><\/h3>\n<p><i><span style=\"font-weight: 400;\">vodja projekta:<\/span><\/i><a href=\"https:\/\/www.pei.si\/en\/zaposleni\/bozovicar-petra\/\"><span style=\"font-weight: 400;\"> Petra Bozovi\u010dar<\/span><\/a><\/p>\n<p><i><span style=\"font-weight: 400;\">center: <\/span><\/i><span style=\"font-weight: 400;\">Center za kakovost v vzgoji in izobra\u017eevanju Korak za korakom<\/span><\/p>\n<p><i><span style=\"font-weight: 400;\">\u010dasovno obdobje trajanja projekta:<\/span><\/i><span style=\"font-weight: 400;\"> 2017 &#8211; 2018<\/span><\/p>\n<p><span style=\"font-weight: 400;\">V okviru omenjene iniciative si prizadevamo:<\/span><\/p>\n<ul>\n<li style=\"font-weight: 400;\"><span style=\"font-weight: 400;\">okrepiti mre\u017eo REYN Slovenija (S\/REYN) na nacionalni ravni;<\/span><\/li>\n<li style=\"font-weight: 400;\"><span style=\"font-weight: 400;\">ugotoviti koliko\u00a0strokovnih delavcev, ki so predstavniki romske skupnosti, dela v slovenskih vrtcih in kak\u0161ne so njihove mo\u017enosti za strokovno delo na podro\u010dju pred\u0161olske vzgoje in izobra\u017eevanja;<\/span><\/li>\n<li style=\"font-weight: 400;\"><span style=\"font-weight: 400;\">oblikovati in predstaviti smernice za uspe\u0161no vklju\u010devanje strokovnih delavcev, ki so predstavniki romske skupnosti, v na\u0161e vrtce;<\/span><\/li>\n<li style=\"font-weight: 400;\"><span style=\"font-weight: 400;\">ozave\u0161\u010dati strokovne in vodstvene delavce v vrtcih, odlo\u010devalce politik, predstavnike lokalnih skupnosti, vklju\u010dno s pripadniki\u00a0romske skupnosti (otroke in mlade kot potencialne strokovne delavce v vrtcih) o pomenu vklju\u010devanja in sodelovanja strokovnih delavcev, ki so pripadniki romske skupnosti, v vrtcih preko zagovorni\u0161kih dejavnosti ter;<\/span><\/li>\n<li style=\"font-weight: 400;\"><span style=\"font-weight: 400;\">spodbujati redne stike med vrtci, \u0161olami ter romskimi skupnostmi in drugimi predstavniki lokalnih skupnosti.<\/span><\/li>\n<\/ul>\n<p>&nbsp;<\/p>\n<p><span style=\"font-weight: 400;\">Dolgoro\u010dni cilji iniciative:<\/span><\/p>\n<ul>\n<li style=\"font-weight: 400;\"><span style=\"font-weight: 400;\">pove\u010dati \u0161tevilo strokovnih delavcev, ki so pripadniki romske skupnosti,\u00a0v vrtcih;<\/span><\/li>\n<li style=\"font-weight: 400;\"><span style=\"font-weight: 400;\">zvi\u0161ati stopnjo vpisa romskih otrok v kakovostno pred\u0161olsko vzgojo in izobra\u017eevanje.<\/span><\/li>\n<\/ul>\n<p>&nbsp;<\/p>\n<p><span style=\"font-weight: 400;\">Cilje bomo uresni\u010devali preko aktivnosti (snemanje kratkega videa, oblikovanje informativnega gradiva, izvajanje delavnic), ki bodo potekale v Prekmurju, na Dolenjskem\/Beli krajini ter v Ljubljani in Mariboru, kjer \u017eivi ve\u010dina slovenskih pripadnikov romske skupnosti.<\/span><\/p>\n<p><span style=\"font-weight: 400;\">Sodelovali bomo z razli\u010dnimi slovenskimi vrtci, kjer se bodo odvijale delavnice o pomembnosti vklju\u010devanja in sodelovanja romskih strokovnih delavcev v vrtcih, kamor bodo povabljeni strokovni delavci, svetovalni delavci in ravnatelji vrtcev, predstavniki lokalne skupnosti (zdravstveni domovi, centri za socialno delo, ob\u010dine, politika itd.), predstavniki romskih skupnosti, oblikovalci politik na lokalni in nacionalni ravni, romski star\u0161i in njihovi otroci ter drugi zainteresirani. Klju\u010dno vlogo na \u017ee omenjenih delavnicah bodo imeli romski strokovni delavci, ki so \u017ee zaposleni v slovenskih vrtcih.<\/span><\/p>\n<p><span style=\"font-weight: 400;\">Po zaklju\u010dku projekta bodo na voljo razli\u010dni komunikacijski kanali in socialna omre\u017eja, ki bodo posve\u010deni raz\u0161irjanju, uporabi in zagotavljanju trajnosti rezultatov projekta ter S\/REYN in bodo dostopni vsem.<\/span><\/p>\n<p><i><span style=\"font-weight: 400;\">sodelujo\u010di raziskovalci\/-ke:<\/span><\/i><a href=\"https:\/\/www.pei.si\/en\/zaposleni\/zgonec-petra\/\"><span style=\"font-weight: 400;\"> Petra Zgonec<\/span><\/a><\/p>\n<p><i><span style=\"font-weight: 400;\">vir\/financer:<\/span><\/i><span style=\"font-weight: 400;\"> Open Society Foundations<\/span><\/p>\n","protected":false},"excerpt":{"rendered":"<p>Podpiranje romskih otrok s strokovnimi delavci, ki so predstavniki romske skupnosti vodja projekta: Petra Bozovi\u010dar center: Center za kakovost v vzgoji in izobra\u017eevanju Korak za korakom \u010dasovno obdobje trajanja projekta: 2017 &#8211; 2018 V okviru omenjene iniciative si prizadevamo: okrepiti mre\u017eo REYN Slovenija (S\/REYN) na nacionalni ravni; ugotoviti koliko\u00a0strokovnih delavcev, ki so predstavniki romske skupnosti, [&hellip;]<\/p>\n","protected":false},"author":3,"featured_media":0,"parent":3388,"menu_order":0,"comment_status":"closed","ping_status":"closed","template":"","meta":{"_acf_changed":false,"footnotes":""},"class_list":["post-3310","page","type-page","status-publish","hentry"],"acf":[],"_links":{"self":[{"href":"https:\/\/www.pei.si\/en\/wp-json\/wp\/v2\/pages\/3310","targetHints":{"allow":["GET"]}}],"collection":[{"href":"https:\/\/www.pei.si\/en\/wp-json\/wp\/v2\/pages"}],"about":[{"href":"https:\/\/www.pei.si\/en\/wp-json\/wp\/v2\/types\/page"}],"author":[{"embeddable":true,"href":"https:\/\/www.pei.si\/en\/wp-json\/wp\/v2\/users\/3"}],"replies":[{"embeddable":true,"href":"https:\/\/www.pei.si\/en\/wp-json\/wp\/v2\/comments?post=3310"}],"version-history":[{"count":2,"href":"https:\/\/www.pei.si\/en\/wp-json\/wp\/v2\/pages\/3310\/revisions"}],"predecessor-version":[{"id":4175,"href":"https:\/\/www.pei.si\/en\/wp-json\/wp\/v2\/pages\/3310\/revisions\/4175"}],"up":[{"embeddable":true,"href":"https:\/\/www.pei.si\/en\/wp-json\/wp\/v2\/pages\/3388"}],"wp:attachment":[{"href":"https:\/\/www.pei.si\/en\/wp-json\/wp\/v2\/media?parent=3310"}],"curies":[{"name":"wp","href":"https:\/\/api.w.org\/{rel}","templated":true}]}}