{"id":3311,"date":"2018-11-30T14:41:36","date_gmt":"2018-11-30T14:41:36","guid":{"rendered":"https:\/\/www.pei.si\/intesys\/"},"modified":"2019-09-13T11:26:06","modified_gmt":"2019-09-13T11:26:06","slug":"intesys","status":"publish","type":"page","link":"https:\/\/www.pei.si\/en\/research-activities\/projekti\/intesys\/","title":{"rendered":"INTESYS"},"content":{"rendered":"<h3><b>Together \u2013 Supporting vulnerable children through integrated early childhood services<\/b><\/h3>\n<p><i><span style=\"font-weight: 400;\">vodja projekta: <\/span><\/i><span style=\"font-weight: 400;\"><a href=\"https:\/\/www.pei.si\/en\/zaposleni\/rezek-mateja\/\">mag. Mateja Re\u017eek<\/a> <\/span><\/p>\n<p><i><span style=\"font-weight: 400;\">center: <\/span><\/i><span style=\"font-weight: 400;\">Center za kakovost v vzogji in izobra\u017eevanju Korak za korakom<\/span><\/p>\n<p><i><span style=\"font-weight: 400;\">spletna stran projekta:<\/span><\/i> <a href=\"http:\/\/www.europe-kbf.eu\/en\/projects\/early-childhood\/intesys\"><span style=\"font-weight: 400;\">http:\/\/www.europe-kbf.eu\/en\/projects\/early-childhood\/intesys<\/span><\/a><\/p>\n<p><i><span style=\"font-weight: 400;\">\u010dasovno obdobje trajanja projekta:<\/span><\/i><span style=\"font-weight: 400;\"> 2015 &#8211; 2018<\/span><\/p>\n<p><span style=\"font-weight: 400;\">INTESYS je projekt programa Erasmus+ (v prihodnost usmerjeni projekt sodelovanja), v katerem v letih 2015-2018 sodelujemo z 9 partnerji, ki na podro\u010dje zgodnjega otro\u0161tva vna\u0161ajo raznoliko strokovno znanje, ki se medsebojno dopolnjuje. Projekt INTESYS je namenjen preizku\u0161anju novih pristopov v sistemu storitev na podro\u010dju zgodnjega otro\u0161tva v Evropi, s katerimi \u017eelimo otrokom in dru\u017einam v ranljivem polo\u017eaju zagotoviti dostop do kakovostnih storitev, ki bolje povezujejo razli\u010dne sektorje (vzgojo in izobra\u017eevanje, zdravstveno nego, socialno varstvo ipd.), poklice, starostne skupine in upravne ravni.<\/span><\/p>\n<p><span style=\"font-weight: 400;\">Inovativnost projekta je povezovanje strokovnih delavcev s podro\u010dja otrokovega razvoja iz razli\u010dnih sektorjev (izobra\u017eevanje, sociala, zdravstvo, ipd.) z uradniki na razli\u010dnih nivojih upravljanja (lokalni, regionalni, nacionalni, npr. ob\u010dinski uradniki, uradniki z ministrstev ipd.) z namenom oblikovanja kulture delovanja, ki v sredi\u0161\u010de skrbi in delovanja postavlja otroka in njegovo dru\u017eino.<\/span><\/p>\n<p><span style=\"font-weight: 400;\">Nacionalna projektna partnerja:<\/span><\/p>\n<ul>\n<li style=\"font-weight: 400;\"><a href=\"http:\/\/www.vrtec-kekec.si\/\"><span style=\"font-weight: 400;\">VVZ Kekec Grosuplje<\/span><\/a><span style=\"font-weight: 400;\">, <\/span><a href=\"http:\/\/www.korakzakorakom.si\/storage\/app\/files\/projekti\/Potek%20pilota%20v%20Grosupljem.pdf\"><span style=\"font-weight: 400;\">potek pilota<\/span><\/a><\/li>\n<li style=\"font-weight: 400;\"><a href=\"http:\/\/www.vrtec-trebnje.si\/si\"><span style=\"font-weight: 400;\">Vrtec Mavrica Trebnje<\/span><\/a><span style=\"font-weight: 400;\">, <\/span><a href=\"http:\/\/www.korakzakorakom.si\/storage\/app\/files\/projekti\/Potek%20pilota%20v%20Trebnjem.pdf\"><span style=\"font-weight: 400;\">potek pilota<\/span><\/a><\/li>\n<\/ul>\n<p>&nbsp;<\/p>\n<p><i><span style=\"font-weight: 400;\">sodelujo\u010di raziskovalci\/-ke na PI:<\/span><\/i><\/p>\n<ul>\n<li style=\"font-weight: 400;\"><a href=\"https:\/\/www.pei.si\/en\/zaposleni\/jager-jerneja\/\"><span style=\"font-weight: 400;\">dr. Jerneja Jager<\/span><\/a><\/li>\n<li style=\"font-weight: 400;\"><a href=\"https:\/\/www.pei.si\/en\/zaposleni\/bozovicar-petra\/\"><span style=\"font-weight: 400;\">Petra Bozovi\u010dar<\/span><\/a><\/li>\n<\/ul>\n<p>&nbsp;<\/p>\n<p><i><span style=\"font-weight: 400;\">ostale sodelujo\u010de partnerske organizacije: <\/span><\/i><span style=\"font-weight: 400;\">King Baudouin Foundation (vodilna institucija), Universal Education Foundation, International Step by Step Association, VBJK Vernieuwing in de Basisvoorzieningen voor Jonge Kinderen \/ <\/span><i><span style=\"font-weight: 400;\">Innovations in the EarlyYears, <\/span><\/i><span style=\"font-weight: 400;\">Compagnia di San Paolo, Fondazione Emanuela Zancan onlus Centro Studi e Ricerca Sociale, Calouste Gulbekian Foundation, Aga Khan Foundation<\/span><\/p>\n<p><i><span style=\"font-weight: 400;\">vir\/financer:<\/span><\/i><span style=\"font-weight: 400;\"> Evropska komisija<\/span><\/p>\n","protected":false},"excerpt":{"rendered":"<p>Together \u2013 Supporting vulnerable children through integrated early childhood services vodja projekta: mag. Mateja Re\u017eek center: Center za kakovost v vzogji in izobra\u017eevanju Korak za korakom spletna stran projekta: http:\/\/www.europe-kbf.eu\/en\/projects\/early-childhood\/intesys \u010dasovno obdobje trajanja projekta: 2015 &#8211; 2018 INTESYS je projekt programa Erasmus+ (v prihodnost usmerjeni projekt sodelovanja), v katerem v letih 2015-2018 sodelujemo z 9 [&hellip;]<\/p>\n","protected":false},"author":3,"featured_media":0,"parent":3388,"menu_order":0,"comment_status":"closed","ping_status":"closed","template":"","meta":{"_acf_changed":false,"footnotes":""},"class_list":["post-3311","page","type-page","status-publish","hentry"],"acf":[],"_links":{"self":[{"href":"https:\/\/www.pei.si\/en\/wp-json\/wp\/v2\/pages\/3311","targetHints":{"allow":["GET"]}}],"collection":[{"href":"https:\/\/www.pei.si\/en\/wp-json\/wp\/v2\/pages"}],"about":[{"href":"https:\/\/www.pei.si\/en\/wp-json\/wp\/v2\/types\/page"}],"author":[{"embeddable":true,"href":"https:\/\/www.pei.si\/en\/wp-json\/wp\/v2\/users\/3"}],"replies":[{"embeddable":true,"href":"https:\/\/www.pei.si\/en\/wp-json\/wp\/v2\/comments?post=3311"}],"version-history":[{"count":2,"href":"https:\/\/www.pei.si\/en\/wp-json\/wp\/v2\/pages\/3311\/revisions"}],"predecessor-version":[{"id":4173,"href":"https:\/\/www.pei.si\/en\/wp-json\/wp\/v2\/pages\/3311\/revisions\/4173"}],"up":[{"embeddable":true,"href":"https:\/\/www.pei.si\/en\/wp-json\/wp\/v2\/pages\/3388"}],"wp:attachment":[{"href":"https:\/\/www.pei.si\/en\/wp-json\/wp\/v2\/media?parent=3311"}],"curies":[{"name":"wp","href":"https:\/\/api.w.org\/{rel}","templated":true}]}}