{"id":3312,"date":"2018-11-30T14:41:05","date_gmt":"2018-11-30T14:41:05","guid":{"rendered":"https:\/\/www.pei.si\/inovativna-ucna-okolja\/"},"modified":"2021-10-01T12:48:53","modified_gmt":"2021-10-01T12:48:53","slug":"inovativna-pedagogika","status":"publish","type":"page","link":"https:\/\/www.pei.si\/en\/research-activities\/projekti\/inovativna-pedagogika\/","title":{"rendered":"Inovativna pedagogika 1:1"},"content":{"rendered":"<h3><strong>Inovativna u\u010dna okolja \u2013 Inovativna pedagogika 1:1<\/strong><\/h3>\n<p><a href=\"http:\/\/www.eu-skladi.si\/ \"><img loading=\"lazy\" decoding=\"async\" class=\"alignnone wp-image-6518 size-medium\" src=\"https:\/\/www.pei.si\/wp-content\/uploads\/2020\/05\/Objem_IMG-e1590581111754-300x105.jpg\" alt=\"\" width=\"300\" height=\"105\" srcset=\"https:\/\/www.pei.si\/wp-content\/uploads\/2020\/05\/Objem_IMG-e1590581111754-300x105.jpg 300w, https:\/\/www.pei.si\/wp-content\/uploads\/2020\/05\/Objem_IMG-e1590581111754-768x269.jpg 768w, https:\/\/www.pei.si\/wp-content\/uploads\/2020\/05\/Objem_IMG-e1590581111754-250x87.jpg 250w, https:\/\/www.pei.si\/wp-content\/uploads\/2020\/05\/Objem_IMG-e1590581111754.jpg 792w\" sizes=\"auto, (max-width: 300px) 100vw, 300px\" \/><\/a> <a href=\"https:\/\/www.gov.si\/drzavni-organi\/ministrstva\/ministrstvo-za-izobrazevanje-znanost-in-sport\/\"><img loading=\"lazy\" decoding=\"async\" class=\"alignnone wp-image-2284 size-medium\" src=\"https:\/\/www.pei.si\/wp-content\/uploads\/2018\/12\/MIZS-2-300x54.jpg\" alt=\"\" width=\"300\" height=\"54\" srcset=\"https:\/\/www.pei.si\/wp-content\/uploads\/2018\/12\/MIZS-2-300x54.jpg 300w, https:\/\/www.pei.si\/wp-content\/uploads\/2018\/12\/MIZS-2-768x138.jpg 768w, https:\/\/www.pei.si\/wp-content\/uploads\/2018\/12\/MIZS-2-250x45.jpg 250w, https:\/\/www.pei.si\/wp-content\/uploads\/2018\/12\/MIZS-2.jpg 795w\" sizes=\"auto, (max-width: 300px) 100vw, 300px\" \/><\/a><\/p>\n<p><em>Projekt Inovativna u\u010dna okolja &#8211; Inovativna pedagogika 1:1 sofinancirata Evropski socialni sklad ter Ministrstvo za izobra\u017eevanje, znanost in \u0161port.\u00a0<\/em><\/p>\n<p><em>izvajalka projekta na Pedago\u0161kem in\u0161titutu:<a href=\"https:\/\/www.pei.si\/en\/zaposleni\/rutar-leban-tina\/\">\u00a0<\/a><\/em><a href=\"https:\/\/www.pei.si\/en\/zaposleni\/rutar-leban-tina\/\">dr. Tina Rutar Leban<\/a><\/p>\n<p><em>Center: <\/em>Center za evalvacijske \u0161tudije<\/p>\n<p><em>spletna stran projekta: <\/em><a href=\"http:\/\/www.inovativna-sola.si\/\">http:\/\/www.inovativna-sola.si\/<\/a><\/p>\n<p><em>\u010dasovno obdobje trajanja projekta:<\/em> 2017 &#8211; 2022<\/p>\n<hr \/>\n<p>Namen projekta je razvijanje inovativnih u\u010dnih okolij v \u0161olskem prostoru. Inovativna u\u010dna okolja podprta z IKT omogo\u010dajo implementacijo inovativne pedagogike 1:1. Zna\u010dilnost takih u\u010dnih okolij in pedagogike 1:1 je v razli\u010dnih u\u010dnih scenarijih, ki omogo\u010dajo uporabo mobilnih naprav\u00a0 v podporo razli\u010dnim u\u010dnim strategijam. Poleg tega uvajajo elemente formativnega spremljanja in podpirajo oblikovanje novih kompetenc, ki se razvijajo pri u\u010denju s tehnologijo ter u\u010denje v \u010dasu in prostoru raz\u0161irjajo izven u\u010dilnice. Inovativna u\u010dna okolja predstavljajo kontekst, znotraj katerega se odvija u\u010denje v naj\u0161ir\u0161em smislu in povezujejo u\u010dence, vsebine, u\u010ditelje, vire, organizacijo in pedagogiko. Vklju\u010devanje individualizacije in personalizacije u\u010dnega procesa omogo\u010da enakopravnej\u0161e vklju\u010devanje vseh u\u010dencev in dijakov v u\u010dni proces.<\/p>\n<p>Projekt povezuje in nadgrajuje rezultate prej\u0161njih projektov, ki so \u017ee za\u010deli spreminjati u\u010dna okolja v slovenskem prostoru, kot so prenova gimnazij, E-\u0161olstvo, Inovativna pedagogika v lu\u010di kompetenc 21. stoletja 1:1, E-\u0161olska torba, EU-folio, ATS 2020. V projektu bomo razvijali inovativna u\u010dna okolja na ravni kurikula in vsebine, vrednotenja, usposabljanja u\u010diteljev, organizacije in vodenja, povezanosti in infrastrukture \u0161ol. V projekt je vklju\u010denih 75 \u0161ol, na vsaki \u0161oli vsaj 1 oddelek u\u010dencev\/dijakov ter ve\u010dina u\u010diteljev, ki ta oddelek pou\u010duje. Za uvajanje inovativnih u\u010dnih okolij podprtih z IKT bo v okviru projekta \u00a0usposobljenih pribli\u017eno 1000 u\u010diteljev. V projekt je vklju\u010denih \u00a0pribli\u017eno 2400 dijakov in u\u010dencev.<\/p>\n<p>Kot rezultat projekta bodo, poleg usposobljenosti u\u010diteljev ter u\u010dencev\/dijakov, nastala tudi priporo\u010dila za razvoj podpornega okolja, ki jih bodo za udejanjanje inovativnih u\u010dnih okolij lahko uporabljali tudi vzgojno izobra\u017eevalni zavodi, ki niso neposredno vklju\u010deni v projekt. Za trajnost rezultatov projekta tudi po njegovem zaklju\u010dku, so poleg usposabljanja u\u010diteljev in ravnateljev klju\u010dni u\u010dinkoviti \u0161olski razvojni timi, fleksibilna organizacija, distribuirano vodenje in vzpostavitev celovitega podpornega okolja, vklju\u010dno z infrastrukturo in strokovnimi ter e-skupnostmi. Projekt se posebej osredoto\u010da na navedena podro\u010dja s ciljem, da bodo vzpostavljena inovativna u\u010dna okolja na \u0161olah \u017eivela in se razvijala tudi po koncu projekta.<\/p>\n<hr \/>\n<p><em>sodelujo\u010de partnerske organizacije:<\/em> Zavod Antona Martina Slom\u0161ka, Fakulteta za matematiko, naravoslovje in informacijske tehnologije, Maribor; Zavod RS za \u0161olstvo, Pedago\u0161ki in\u0161titut, 70 osnovnih in srednjih \u0161ol v Sloveniji<\/p>\n<p><em>vir\/financer:<\/em> ESS oz. MIZ\u0160<\/p>\n<p><a href=\"http:\/\/www.inovativna-sola.si\/\"><img loading=\"lazy\" decoding=\"async\" class=\"wp-image-2141 size-medium alignleft\" src=\"https:\/\/www.pei.si\/wp-content\/uploads\/2018\/12\/logo_inovativna_pedagogika-300x130.jpg\" alt=\"\" width=\"300\" height=\"130\" srcset=\"https:\/\/www.pei.si\/wp-content\/uploads\/2018\/12\/logo_inovativna_pedagogika-300x130.jpg 300w, https:\/\/www.pei.si\/wp-content\/uploads\/2018\/12\/logo_inovativna_pedagogika-250x109.jpg 250w, https:\/\/www.pei.si\/wp-content\/uploads\/2018\/12\/logo_inovativna_pedagogika.jpg 640w\" sizes=\"auto, (max-width: 300px) 100vw, 300px\" \/><\/a><\/p>\n","protected":false},"excerpt":{"rendered":"<p>Inovativna u\u010dna okolja \u2013 Inovativna pedagogika 1:1 Projekt Inovativna u\u010dna okolja &#8211; Inovativna pedagogika 1:1 sofinancirata Evropski socialni sklad ter Ministrstvo za izobra\u017eevanje, znanost in \u0161port.\u00a0 izvajalka projekta na Pedago\u0161kem in\u0161titutu:\u00a0dr. Tina Rutar Leban Center: Center za evalvacijske \u0161tudije spletna stran projekta: http:\/\/www.inovativna-sola.si\/ \u010dasovno obdobje trajanja projekta: 2017 &#8211; 2022 Namen projekta je razvijanje inovativnih [&hellip;]<\/p>\n","protected":false},"author":3,"featured_media":0,"parent":3388,"menu_order":0,"comment_status":"closed","ping_status":"closed","template":"","meta":{"_acf_changed":false,"footnotes":""},"class_list":["post-3312","page","type-page","status-publish","hentry"],"acf":[],"_links":{"self":[{"href":"https:\/\/www.pei.si\/en\/wp-json\/wp\/v2\/pages\/3312","targetHints":{"allow":["GET"]}}],"collection":[{"href":"https:\/\/www.pei.si\/en\/wp-json\/wp\/v2\/pages"}],"about":[{"href":"https:\/\/www.pei.si\/en\/wp-json\/wp\/v2\/types\/page"}],"author":[{"embeddable":true,"href":"https:\/\/www.pei.si\/en\/wp-json\/wp\/v2\/users\/3"}],"replies":[{"embeddable":true,"href":"https:\/\/www.pei.si\/en\/wp-json\/wp\/v2\/comments?post=3312"}],"version-history":[{"count":10,"href":"https:\/\/www.pei.si\/en\/wp-json\/wp\/v2\/pages\/3312\/revisions"}],"predecessor-version":[{"id":8910,"href":"https:\/\/www.pei.si\/en\/wp-json\/wp\/v2\/pages\/3312\/revisions\/8910"}],"up":[{"embeddable":true,"href":"https:\/\/www.pei.si\/en\/wp-json\/wp\/v2\/pages\/3388"}],"wp:attachment":[{"href":"https:\/\/www.pei.si\/en\/wp-json\/wp\/v2\/media?parent=3312"}],"curies":[{"name":"wp","href":"https:\/\/api.w.org\/{rel}","templated":true}]}}