{"id":3313,"date":"2018-11-30T14:39:50","date_gmt":"2018-11-30T14:39:50","guid":{"rendered":"https:\/\/www.pei.si\/evalvacija-in-spremljanje-kakovosti\/"},"modified":"2021-10-01T12:46:36","modified_gmt":"2021-10-01T12:46:36","slug":"evalvacija-in-spremljanje-kakovosti","status":"publish","type":"page","link":"https:\/\/www.pei.si\/en\/research-activities\/projekti\/evalvacija-in-spremljanje-kakovosti\/","title":{"rendered":"Evalvacija in spremljanje kakovosti"},"content":{"rendered":"<h3><b>Evalvacija in spremljanje kakovosti vzgojno-izobra\u017eevalnega sistema s pomo\u010djo mednarodnih raziskav in \u0161tudij<\/b><\/h3>\n<p><a href=\"http:\/\/www.eu-skladi.si\/ \"><img loading=\"lazy\" decoding=\"async\" class=\"alignnone wp-image-6518 size-medium\" src=\"https:\/\/www.pei.si\/wp-content\/uploads\/2020\/05\/Objem_IMG-e1590581111754-300x105.jpg\" alt=\"\" width=\"300\" height=\"105\" srcset=\"https:\/\/www.pei.si\/wp-content\/uploads\/2020\/05\/Objem_IMG-e1590581111754-300x105.jpg 300w, https:\/\/www.pei.si\/wp-content\/uploads\/2020\/05\/Objem_IMG-e1590581111754-768x269.jpg 768w, https:\/\/www.pei.si\/wp-content\/uploads\/2020\/05\/Objem_IMG-e1590581111754-250x87.jpg 250w, https:\/\/www.pei.si\/wp-content\/uploads\/2020\/05\/Objem_IMG-e1590581111754.jpg 792w\" sizes=\"auto, (max-width: 300px) 100vw, 300px\" \/><\/a> <a href=\"https:\/\/www.gov.si\/drzavni-organi\/ministrstva\/ministrstvo-za-izobrazevanje-znanost-in-sport\/\"><img loading=\"lazy\" decoding=\"async\" class=\"alignnone wp-image-2284 size-medium\" src=\"https:\/\/www.pei.si\/wp-content\/uploads\/2018\/12\/MIZS-2-300x54.jpg\" alt=\"\" width=\"300\" height=\"54\" srcset=\"https:\/\/www.pei.si\/wp-content\/uploads\/2018\/12\/MIZS-2-300x54.jpg 300w, https:\/\/www.pei.si\/wp-content\/uploads\/2018\/12\/MIZS-2-768x138.jpg 768w, https:\/\/www.pei.si\/wp-content\/uploads\/2018\/12\/MIZS-2-250x45.jpg 250w, https:\/\/www.pei.si\/wp-content\/uploads\/2018\/12\/MIZS-2.jpg 795w\" sizes=\"auto, (max-width: 300px) 100vw, 300px\" \/><\/a><\/p>\n<p><i><span style=\"font-weight: 400;\"><em>Projekt Evalvacija in spremljanje kakovosti vzgojno-izobra\u017eevalnega sistema s pomo\u010djo mednarodnih raziskav in \u0161tudij sofinancirata Evropski socialni sklad ter Ministrstvo za izobra\u017eevanje, znanost in \u0161port.<\/em><\/span><\/i><\/p>\n<p><i><span style=\"font-weight: 400;\">vodja projekta na PI:<\/span><\/i><a href=\"https:\/\/www.pei.si\/en\/zaposleni\/sterman-ivancic-klaudija\/\"><span style=\"font-weight: 400;\"> Klaudija \u0160terman Ivan\u010di\u010d<\/span><\/a><\/p>\n<p><i><span style=\"font-weight: 400;\">Center: <\/span><\/i><span style=\"font-weight: 400;\">Center za uporabno epistemologijo<\/span><\/p>\n<p><i><span style=\"font-weight: 400;\">\u010dasovno obdobje trajanja projekta: <\/span><\/i><span style=\"font-weight: 400;\">2016 do 2020<\/span><\/p>\n<hr \/>\n<p><span style=\"font-weight: 400;\">ESS projekt <\/span><i><span style=\"font-weight: 400;\">Evalvacija in spremljanje kakovosti vzgojno-izobra\u017eevalnega sistema s pomo\u010djo mednarodnih raziskav in \u0161tudij <\/span><\/i><span style=\"font-weight: 400;\">Pedago\u0161ki in\u0161titut izvaja v partnerstvu z <\/span><a href=\"http:\/\/www.mizs.gov.si\/si\/\"><span style=\"font-weight: 400;\">MIZ\u0160<\/span><\/a><span style=\"font-weight: 400;\">. Gre za operacijo, ki je namenjena evalvaciji in spremljanju kakovosti vzgojno-izobra\u017eevalnega sistema preko aktivne udele\u017ebe Republike Slovenije v mednarodnih \u0161tudijah in raziskavah, kjer so na strani Pedago\u0161kega in\u0161tituta vklju\u010dene aktivnosti v okviru mednarodnih \u0161tudij PISA, TIMSS 2015, PIRLS, ICCS 2016 in TALIS.<\/span><\/p>\n<p><span style=\"font-weight: 400;\">Operacija ima dva poglavitna cilja, in sicer:<\/span><\/p>\n<ol>\n<li style=\"font-weight: 400;\"><span style=\"font-weight: 400;\">izvedbo mednarodnih standardiziranih nalog, neposredno povezanih z <\/span><b><i>izvedbo mednarodnih raziskav in \u0161tudij <\/i><\/b><span style=\"font-weight: 400;\">pod mednarodnim vodstvom, po predvideni mednarodni \u010dasovnici ter mednarodnem usklajenem na\u010drtu aktivnosti in<\/span><\/li>\n<li style=\"font-weight: 400;\"><span style=\"font-weight: 400;\">izvedbo nalog dodane vrednosti, povezanih z nacionalnim okvirom ugotavljanja in zagotavljanja kakovosti vzgojno-izobra\u017eevalnega sistema, kjer je ena izmed klju\u010dnih aktivnosti <\/span><b><i>sodelovanje pri razvoju sistema kazalnikov za ugotavljanje in zagotavljanje kakovosti vzgojno-izobra\u017eevalnega sistema s podro\u010dja merjenj mednarodnih raziskav in \u0161tudij<\/i><\/b><span style=\"font-weight: 400;\"> (vpenjanje uporabe rezultatov mednarodnih raziskav za razvoj kazalnikov znotraj nacionalnega okvira ugotavljanja in zagotavljanja kakovosti).<\/span><\/li>\n<\/ol>\n<p><span style=\"font-weight: 400;\">Na podro\u010dju izobra\u017eevanja je v dr\u017eavah <\/span><a href=\"https:\/\/europa.eu\/european-union\/index_en\"><span style=\"font-weight: 400;\">Evropske unije<\/span><\/a><span style=\"font-weight: 400;\"> (EU) in <\/span><a href=\"http:\/\/www.oecd.org\/\"><span style=\"font-weight: 400;\">Organizacije za ekonomsko sodelovanje in razvoj<\/span><\/a><span style=\"font-weight: 400;\"> (OECD) zelo pomemben koncept \u00bbna podatkih temelje\u010da politika\u00ab (<\/span><i><span style=\"font-weight: 400;\">evidence-based policy<\/span><\/i><span style=\"font-weight: 400;\">), ki nagovarja k vzpostavljanju in razvoju \u00bbevalvacijske kulture\u00ab kot temelj za vzajemno u\u010denje in z dokazi podprto na\u010drtovanje in oblikovanje izobra\u017eevalnih politik tako na nacionalni kot mednarodni ravni. Sistem skupnih in mednarodno primerljivih kazalnikov na podro\u010dju vzgoje in izobra\u017eevanja je v vse bolj globaliziranem in povezanem svetu pomemben za vse dr\u017eave, tudi za Slovenijo. V tem oziru redno ponavljajo\u010de se (cikli\u010dne) mednarodne raziskave na velikih vzorcih predstavljajo enega najpomembnej\u0161ih virov za razvoj nacionalnih in mednarodnih kazalnikov, ki omogo\u010dajo primerjavo med razli\u010dnimi \u0161olskimi sistemi, nudijo pa nam tudi pomembno informacijo o delovanju lastnega sistema vzgoje in izobra\u017eevanja. Izsledki analiz podatkov iz mednarodnih zajemov podatkov omogo\u010dajo veljavno in zanesljivo primerjavo slovenskega sistema s sistemi drugih dr\u017eav, tako pri neposrednih primerjavah dose\u017ekov kot pri primerjavah posameznih dejavnikov, ki se povezujejo z znanjem in spretnostmi. Prav zato je kontinuirano sodelovanje Slovenije v najbolj referen\u010dnih mednarodnih raziskavah na podro\u010dju izobra\u017eevanja zelo pomembno, za evropske dr\u017eave pa tako reko\u010d nujno in obvezno. Ker pa je za uspe\u0161no &#8221;dru\u017ebo znanja&#8221; izrednega pomena, da razvije povezan sistem uporabe kazalnikov in implementacijo teh v odlo\u010danje na ravni dr\u017eave, je izvedba omenjene operacije na nacionalni ravni klju\u010dnega pomena.<\/span><\/p>\n<p><i><span style=\"font-weight: 400;\">sodelujo\u010di raziskovalci\/-ke na PI:<\/span><\/i><\/p>\n<ul>\n<li style=\"font-weight: 400;\"><a href=\"https:\/\/www.pei.si\/en\/zaposleni\/cucek-mojca\/\"><span style=\"font-weight: 400;\">mag. Mojca \u010cu\u010dek<\/span><\/a><\/li>\n<li style=\"font-weight: 400;\"><span style=\"font-weight: 400;\">mag. Marjeta Doupona<\/span><\/li>\n<li style=\"font-weight: 400;\"><a href=\"https:\/\/www.pei.si\/en\/zaposleni\/gerzina-suzana\/\"><span style=\"font-weight: 400;\">mag. Suzana Ger\u017eina<\/span><\/a><\/li>\n<li style=\"font-weight: 400;\"><a href=\"https:\/\/www.pei.si\/en\/zaposleni\/japelj-barbara\/\"><span style=\"font-weight: 400;\">Barbara Japelj Pave\u0161i\u0107<\/span><\/a><\/li>\n<li style=\"font-weight: 400;\"><a href=\"https:\/\/www.pei.si\/en\/zaposleni\/klemencic-eva\/\"><span style=\"font-weight: 400;\">dr. Eva Klemen\u010di\u010d<\/span><\/a><\/li>\n<li style=\"font-weight: 400;\"><a href=\"https:\/\/www.pei.si\/en\/zaposleni\/mirazchiyski-plamen\/\"><span style=\"font-weight: 400;\">dr. Plamen Mirazchiyski<\/span><\/a><\/li>\n<li style=\"font-weight: 400;\"><a href=\"https:\/\/www.pei.si\/en\/zaposleni\/mlekuz-ana\/\"><span style=\"font-weight: 400;\">mag. Ana Mleku\u017e<\/span><\/a><\/li>\n<li style=\"font-weight: 400;\"><a href=\"https:\/\/www.pei.si\/en\/zaposleni\/svetlik-karmen\/\"><span style=\"font-weight: 400;\">mag. Karmen Svetlik<\/span><\/a><\/li>\n<li style=\"font-weight: 400;\"><a href=\"https:\/\/www.pei.si\/en\/zaposleni\/stigl-simona\/\"><span style=\"font-weight: 400;\">Simona \u0160tigl<\/span><\/a><\/li>\n<li style=\"font-weight: 400;\"><a href=\"https:\/\/www.pei.si\/en\/zaposleni\/stremfel-urska\/\"><span style=\"font-weight: 400;\">dr. Ur\u0161ka \u0160tremfel<\/span><\/a><\/li>\n<\/ul>\n<hr \/>\n<p><i><span style=\"font-weight: 400;\">vir\/financer: <\/span><\/i><span style=\"font-weight: 400;\">ESS 2016-2020<\/span><\/p>\n","protected":false},"excerpt":{"rendered":"<p>Evalvacija in spremljanje kakovosti vzgojno-izobra\u017eevalnega sistema s pomo\u010djo mednarodnih raziskav in \u0161tudij Projekt Evalvacija in spremljanje kakovosti vzgojno-izobra\u017eevalnega sistema s pomo\u010djo mednarodnih raziskav in \u0161tudij sofinancirata Evropski socialni sklad ter Ministrstvo za izobra\u017eevanje, znanost in \u0161port. vodja projekta na PI: Klaudija \u0160terman Ivan\u010di\u010d Center: Center za uporabno epistemologijo \u010dasovno obdobje trajanja projekta: 2016 do 2020 [&hellip;]<\/p>\n","protected":false},"author":3,"featured_media":5399,"parent":3388,"menu_order":0,"comment_status":"closed","ping_status":"closed","template":"","meta":{"_acf_changed":false,"footnotes":""},"class_list":["post-3313","page","type-page","status-publish","has-post-thumbnail","hentry"],"acf":[],"_links":{"self":[{"href":"https:\/\/www.pei.si\/en\/wp-json\/wp\/v2\/pages\/3313","targetHints":{"allow":["GET"]}}],"collection":[{"href":"https:\/\/www.pei.si\/en\/wp-json\/wp\/v2\/pages"}],"about":[{"href":"https:\/\/www.pei.si\/en\/wp-json\/wp\/v2\/types\/page"}],"author":[{"embeddable":true,"href":"https:\/\/www.pei.si\/en\/wp-json\/wp\/v2\/users\/3"}],"replies":[{"embeddable":true,"href":"https:\/\/www.pei.si\/en\/wp-json\/wp\/v2\/comments?post=3313"}],"version-history":[{"count":5,"href":"https:\/\/www.pei.si\/en\/wp-json\/wp\/v2\/pages\/3313\/revisions"}],"predecessor-version":[{"id":8906,"href":"https:\/\/www.pei.si\/en\/wp-json\/wp\/v2\/pages\/3313\/revisions\/8906"}],"up":[{"embeddable":true,"href":"https:\/\/www.pei.si\/en\/wp-json\/wp\/v2\/pages\/3388"}],"wp:featuredmedia":[{"embeddable":true,"href":"https:\/\/www.pei.si\/en\/wp-json\/wp\/v2\/media\/5399"}],"wp:attachment":[{"href":"https:\/\/www.pei.si\/en\/wp-json\/wp\/v2\/media?parent=3313"}],"curies":[{"name":"wp","href":"https:\/\/api.w.org\/{rel}","templated":true}]}}