{"id":3314,"date":"2018-11-30T14:39:18","date_gmt":"2018-11-30T14:39:18","guid":{"rendered":"https:\/\/www.pei.si\/e-story\/"},"modified":"2019-09-13T11:24:32","modified_gmt":"2019-09-13T11:24:32","slug":"e-story","status":"publish","type":"page","link":"https:\/\/www.pei.si\/en\/research-activities\/projekti\/e-story\/","title":{"rendered":"E-story"},"content":{"rendered":"<h3><b>Mediji in zgodovina. Od kina do svetovnega spleta. Raziskave in predstavitve pou\u010devanja evropske zgodovine v digitalni dobi<\/b><\/h3>\n<p><i><span style=\"font-weight: 400;\">vodja projekta na Pedago\u0161kem in\u0161titutu: <\/span><\/i><a href=\"https:\/\/www.pei.si\/en\/zaposleni\/klemencic-eva\/\"><span style=\"font-weight: 400;\">dr. Eva Klemen\u010di\u010d<\/span><\/a><\/p>\n<p><i><span style=\"font-weight: 400;\">Center:<\/span><\/i><span style=\"font-weight: 400;\"> Center za uporabno epistemologijo<\/span><\/p>\n<p><i><span style=\"font-weight: 400;\">spletna stran projekta: <\/span><\/i><a href=\"http:\/\/www.e-story.eu\/\"><span style=\"font-weight: 400;\">http:\/\/www.e-story.eu\/<\/span><\/a><\/p>\n<p><i><span style=\"font-weight: 400;\">\u010dasovno obdobje trajanja projekta:<\/span><\/i><span style=\"font-weight: 400;\"> 2015 \u2013 2018<\/span><\/p>\n<p><span style=\"font-weight: 400;\">Pedago\u0161ki in\u0161titut skupaj s predstavniki \u0161e \u0161estih dr\u017eav (Italije, Nizozemske, Mad\u017earske, Poljske, Velike Britanije in \u0160panije) sodeluje v \u00a0projektu <\/span><i><span style=\"font-weight: 400;\">E-story &#8211; Media and History. From cinema to the web<\/span><\/i><span style=\"font-weight: 400;\"> (Mediji in zgodovina. Od filma do spleta), in sicer v \u010dasu od septembra 2015 do avgusta 2018. <\/span><\/p>\n<p><span style=\"font-weight: 400;\">Projekt v shemi Erasmus+ \u00a0vodi bolonjski <\/span><i><span style=\"font-weight: 400;\">Istituto storico Parri.<\/span><\/i><span style=\"font-weight: 400;\"> V trajanju 36 mesecev \u00a0v projektu razvijamo razumevanje prikazovanja zgodovine v medijih, delujemo na podro\u010dju razvoja medijskih kompetenc u\u010diteljev zgodovine in si prizadevamo za digitalno dostopnost virov za pouk zgodovine predvsem na ravni srednjih \u0161ol. Teoretska spoznanja, na katerih temelji projekt, upo\u0161tevajo medijske in spletne kanale tako \u0161irjenja vednosti o zgodovini kot tudi spreminjanje dojemanja zgodovinskih dejstev. <\/span><\/p>\n<p><span style=\"font-weight: 400;\">V okviru projekta oblikujemo \u00bbObservatorij\u00ab (<\/span><i><span style=\"font-weight: 400;\">E-Story Observatory<\/span><\/i><span style=\"font-weight: 400;\">), ki nudi u\u010diteljem in raziskovalcem vzor\u010dne \u0161tudije o poglavitnih te\u017enjah prikazovanja zgodovine v multimedijskih jezikih in posebej tudi o spremembah teh prikazovanj v televizijskih programih in na spletu. V analizah posameznih oddaj, upo\u0161tevaje medijsko formo, vsebino prispevkov, ideolo\u0161ko in nazorsko obarvanost, ugotavljamo njihovo raznoliko uporabnost za namene pouka zgodovine, pa tudi opozarjamo na razli\u010dne vidike poskusov sprevra\u010danja zgodovinskih dejstev z medijskimi sredstvi. <\/span><\/p>\n<p><span style=\"font-weight: 400;\">Zgodovinarska delavnica je pristop k pou\u010devanju zgodovine, ki je namenjen pedago\u0161ki u\u010dinkovitosti za u\u010ditelje in u\u010dence. Gre za prakse sodelovalnega u\u010denja. Najpomembnej\u0161a zna\u010dilnost delavnice je prehod od znanja k vedenju <\/span><i><span style=\"font-weight: 400;\">kako kaj storiti<\/span><\/i><span style=\"font-weight: 400;\">: za\u010den\u0161i od izbranega nabora virov u\u010denke in u\u010denci dose\u017eejo zmo\u017enost izbirati, analizirati, brati in posredovati rezultate svojih raziskav.<\/span><\/p>\n<p><span style=\"font-weight: 400;\">Cilj projekta je uvajanje sodobnih metod pouka zgodovine z uporabo digitalnih orodij in vizualnih prezentacij. V ta namen v vsaki dr\u017eavi organiziramo \u00bbmultiplikatorske dogodke\u00ab (<\/span><i><span style=\"font-weight: 400;\">multiplier events<\/span><\/i><span style=\"font-weight: 400;\">), ki u\u010diteljicam in u\u010diteljem zgodovine omogo\u010dijo seznanjanje z vsebinami projekta in samostojno uporabo le-teh pri pouku. <\/span><\/p>\n<p><span style=\"font-weight: 400;\">Projekt bo zagotovil tudi spletne povezave z viri, ki jih je mogo\u010de vklju\u010diti v pouk zgodovine glede na teme, ki jih vsebujejo nacionalni kurikulumi.<\/span><\/p>\n<p><i><span style=\"font-weight: 400;\">sodelujo\u010di raziskovalci\/-ke na PI:<\/span><\/i><\/p>\n<ul>\n<li style=\"font-weight: 400;\"><a href=\"https:\/\/www.pei.si\/en\/zaposleni\/strajn-darko\/\"><span style=\"font-weight: 400;\">dr. Darko \u0160trajn<\/span><\/a><\/li>\n<li style=\"font-weight: 400;\"><a href=\"https:\/\/www.pei.si\/en\/zaposleni\/rutar-leban-tina\/\"><span style=\"font-weight: 400;\">dr. Tina Rutar Leban<\/span><\/a><\/li>\n<\/ul>\n<p>&nbsp;<\/p>\n<p><i><span style=\"font-weight: 400;\">izvajalci projekta<\/span><\/i><span style=\"font-weight: 400;\">: Istituto per la Storia e le Memorie del &#8216;900 Parri (vodilni partner, Italija), Universidad Internacional de la Rioja SA (\u0160panija), University of Lincoln (Velika Britanija), Instytut Filozofii I Sociologii Poljskiej Akademii Nauk (Poljska), Pedago\u0161ki in\u0161titut (Slovenija), Euroclio (Nizozemska), Kosztolanyi Dezso Kavehaz Kulturalis Alapitvany (Mad\u017earska), ERVET &#8211; Emilia-Romagna Valorizzazione Economica Territorio SpA (Italija);<\/span><\/p>\n<p><i><span style=\"font-weight: 400;\">vir\/financer:<\/span><\/i><span style=\"font-weight: 400;\"> EACEA Erasmus+ KA2<\/span><\/p>\n","protected":false},"excerpt":{"rendered":"<p>Mediji in zgodovina. Od kina do svetovnega spleta. Raziskave in predstavitve pou\u010devanja evropske zgodovine v digitalni dobi vodja projekta na Pedago\u0161kem in\u0161titutu: dr. Eva Klemen\u010di\u010d Center: Center za uporabno epistemologijo spletna stran projekta: http:\/\/www.e-story.eu\/ \u010dasovno obdobje trajanja projekta: 2015 \u2013 2018 Pedago\u0161ki in\u0161titut skupaj s predstavniki \u0161e \u0161estih dr\u017eav (Italije, Nizozemske, Mad\u017earske, Poljske, Velike Britanije [&hellip;]<\/p>\n","protected":false},"author":3,"featured_media":5416,"parent":3388,"menu_order":0,"comment_status":"closed","ping_status":"closed","template":"","meta":{"_acf_changed":false,"footnotes":""},"class_list":["post-3314","page","type-page","status-publish","has-post-thumbnail","hentry"],"acf":[],"_links":{"self":[{"href":"https:\/\/www.pei.si\/en\/wp-json\/wp\/v2\/pages\/3314","targetHints":{"allow":["GET"]}}],"collection":[{"href":"https:\/\/www.pei.si\/en\/wp-json\/wp\/v2\/pages"}],"about":[{"href":"https:\/\/www.pei.si\/en\/wp-json\/wp\/v2\/types\/page"}],"author":[{"embeddable":true,"href":"https:\/\/www.pei.si\/en\/wp-json\/wp\/v2\/users\/3"}],"replies":[{"embeddable":true,"href":"https:\/\/www.pei.si\/en\/wp-json\/wp\/v2\/comments?post=3314"}],"version-history":[{"count":2,"href":"https:\/\/www.pei.si\/en\/wp-json\/wp\/v2\/pages\/3314\/revisions"}],"predecessor-version":[{"id":4165,"href":"https:\/\/www.pei.si\/en\/wp-json\/wp\/v2\/pages\/3314\/revisions\/4165"}],"up":[{"embeddable":true,"href":"https:\/\/www.pei.si\/en\/wp-json\/wp\/v2\/pages\/3388"}],"wp:featuredmedia":[{"embeddable":true,"href":"https:\/\/www.pei.si\/en\/wp-json\/wp\/v2\/media\/5416"}],"wp:attachment":[{"href":"https:\/\/www.pei.si\/en\/wp-json\/wp\/v2\/media?parent=3314"}],"curies":[{"name":"wp","href":"https:\/\/api.w.org\/{rel}","templated":true}]}}