{"id":3317,"date":"2018-11-30T14:19:05","date_gmt":"2018-11-30T14:19:05","guid":{"rendered":"https:\/\/www.pei.si\/eslc-2011\/"},"modified":"2018-11-30T14:19:05","modified_gmt":"2018-11-30T14:19:05","slug":"eslc-2011","status":"publish","type":"page","link":"https:\/\/www.pei.si\/en\/research-activities\/international-comparative-research-studies-in-the-field-of-knowledge\/eslc\/eslc-2011\/","title":{"rendered":"ESLC 2011"},"content":{"rendered":"<p>Glavni cilj Evropske raziskave o jezikovnih kompetencah (ang. <em>European Survey on Language Competences \u2013 <\/em>ESLC) je raziskati stopnjo znanja u\u010dencev v tujih jezikih ob koncu obveznega \u0161olanja v dr\u017eavah oziroma posameznih regijah, ki so pri raziskavi sodelovale. V raziskavi je sodelovalo 16 dr\u017eav oziroma posameznih regij, vzor\u010denih je bilo pribli\u017eno 53.000 u\u010dencev. S pomo\u010djo rezultatov raziskave je Evropska komisija oblikovala Evropski indikator jezikovnih kompetenc, ki bo omogo\u010dal spremljanje napredka v znanju glede na zakljucke Evropskega sveta z zasedanja iz Barcelone leta 2002.<\/p>\n<p>U\u010denci iz vseh dr\u017eav\/regij so bili testirani na podro\u010dju dveh tujih jezikov, ki se jih v posamezni sodelujo\u010di dr\u017eavi\/regiji u\u010di najve\u010d u\u010dencev. Dr\u017eave so lahko izbirale med petimi evropskimi jeziki: angle\u0161\u010dina, franco\u0161\u010dina, nem\u0161\u010dina, italijan\u0161\u010dina in \u0161pan\u0161\u010dina. V Sloveniji sta bili izbrani angle\u0161\u010dina kot prvi in nem\u0161\u010dina kot drugi najpogosteje pou\u010devan tuj jezik. V vsaki dr\u017eavi sta bila izbrana dva lo\u010dena vzorca u\u010dencev, eden za vsak testiran jezik. Vsak vzor\u010deni u\u010denec je bil testiran le za en tuj jezik.<\/p>\n<p>Rezultati raziskave ESLC slu\u017eijo kot ocena uspe\u0161nosti u\u010dencev pri u\u010dinkoviti uporabi tujega jezika predvsem pri razumevanju govorjenih in pisnih besedilih ter pri pisnem izra\u017eanju. Znanje u\u010dencev je opisano s pomo\u010djo skupnih referen\u010dnih ravni, zajetih v Skupnem evropskem jezikovnem okviru &#8211; SEJO1 (Svet Evrope 2001), ki omogo\u010da primerjavo med sodelujo\u010dimi dr\u017eavami\/regijami. Za la\u017ejo in produktivnej\u0161o primerjavo jezikovnih politik in metod u\u010denja tujih jezikov so u\u010denci re\u0161evali tudi vpra\u0161alnik o okolju, v katerem \u017eivijo in se \u0161olajo, poleg tega pa so na podoben vpra\u0161alnik odgovarjali tudi u\u010ditelji tujih jezikov ter ravnatelji \u0161ol.<\/p>\n<p>&nbsp;<\/p>\n<p><em>Trajanje <\/em>raziskave<em>:<\/em> 2009 &#8211; 2013<\/p>\n","protected":false},"excerpt":{"rendered":"<p>Glavni cilj Evropske raziskave o jezikovnih kompetencah (ang. European Survey on Language Competences \u2013 ESLC) je raziskati stopnjo znanja u\u010dencev v tujih jezikih ob koncu obveznega \u0161olanja v dr\u017eavah oziroma posameznih regijah, ki so pri raziskavi sodelovale. V raziskavi je sodelovalo 16 dr\u017eav oziroma posameznih regij, vzor\u010denih je bilo pribli\u017eno 53.000 u\u010dencev. S pomo\u010djo rezultatov [&hellip;]<\/p>\n","protected":false},"author":3,"featured_media":0,"parent":3318,"menu_order":0,"comment_status":"closed","ping_status":"closed","template":"","meta":{"_acf_changed":false,"footnotes":""},"class_list":["post-3317","page","type-page","status-publish","hentry"],"acf":[],"_links":{"self":[{"href":"https:\/\/www.pei.si\/en\/wp-json\/wp\/v2\/pages\/3317","targetHints":{"allow":["GET"]}}],"collection":[{"href":"https:\/\/www.pei.si\/en\/wp-json\/wp\/v2\/pages"}],"about":[{"href":"https:\/\/www.pei.si\/en\/wp-json\/wp\/v2\/types\/page"}],"author":[{"embeddable":true,"href":"https:\/\/www.pei.si\/en\/wp-json\/wp\/v2\/users\/3"}],"replies":[{"embeddable":true,"href":"https:\/\/www.pei.si\/en\/wp-json\/wp\/v2\/comments?post=3317"}],"version-history":[{"count":0,"href":"https:\/\/www.pei.si\/en\/wp-json\/wp\/v2\/pages\/3317\/revisions"}],"up":[{"embeddable":true,"href":"https:\/\/www.pei.si\/en\/wp-json\/wp\/v2\/pages\/3318"}],"wp:attachment":[{"href":"https:\/\/www.pei.si\/en\/wp-json\/wp\/v2\/media?parent=3317"}],"curies":[{"name":"wp","href":"https:\/\/api.w.org\/{rel}","templated":true}]}}