{"id":3318,"date":"2018-11-30T14:18:36","date_gmt":"2018-11-30T14:18:36","guid":{"rendered":"https:\/\/www.pei.si\/eslc\/"},"modified":"2019-11-23T22:53:38","modified_gmt":"2019-11-23T22:53:38","slug":"eslc","status":"publish","type":"page","link":"https:\/\/www.pei.si\/en\/research-activities\/international-comparative-research-studies-in-the-field-of-knowledge\/eslc\/","title":{"rendered":"ESLC"},"content":{"rendered":"<h3><strong>Evropska raziskava o jezikovnih kompetencah (European Survey on Language Competencies)<\/strong><\/h3>\n<p>Glavni cilj Evropske raziskave o jezikovnih kompetencah (ang. <em>European Survey on Language Competences \u2013 <\/em>ESLC) je raziskati stopnjo znanja u\u010dencev v tujih jezikih ob koncu obveznega \u0161olanja v dr\u017eavah oziroma posameznih regijah, ki so pri raziskavi sodelovale.<\/p>\n<p>Zajemi:<\/p>\n<ul>\n<li><a href=\"https:\/\/www.pei.si\/en\/research-activities\/international-comparative-research-studies-in-the-field-of-knowledge\/eslc\/eslc-2011\/\">ESLC 2011<\/a><\/li>\n<\/ul>\n","protected":false},"excerpt":{"rendered":"<p>Evropska raziskava o jezikovnih kompetencah (European Survey on Language Competencies) Glavni cilj Evropske raziskave o jezikovnih kompetencah (ang. European Survey on Language Competences \u2013 ESLC) je raziskati stopnjo znanja u\u010dencev v tujih jezikih ob koncu obveznega \u0161olanja v dr\u017eavah oziroma posameznih regijah, ki so pri raziskavi sodelovale. Zajemi: ESLC 2011<\/p>\n","protected":false},"author":3,"featured_media":0,"parent":3374,"menu_order":0,"comment_status":"closed","ping_status":"closed","template":"","meta":{"_acf_changed":false,"footnotes":""},"class_list":["post-3318","page","type-page","status-publish","hentry"],"acf":[],"_links":{"self":[{"href":"https:\/\/www.pei.si\/en\/wp-json\/wp\/v2\/pages\/3318","targetHints":{"allow":["GET"]}}],"collection":[{"href":"https:\/\/www.pei.si\/en\/wp-json\/wp\/v2\/pages"}],"about":[{"href":"https:\/\/www.pei.si\/en\/wp-json\/wp\/v2\/types\/page"}],"author":[{"embeddable":true,"href":"https:\/\/www.pei.si\/en\/wp-json\/wp\/v2\/users\/3"}],"replies":[{"embeddable":true,"href":"https:\/\/www.pei.si\/en\/wp-json\/wp\/v2\/comments?post=3318"}],"version-history":[{"count":2,"href":"https:\/\/www.pei.si\/en\/wp-json\/wp\/v2\/pages\/3318\/revisions"}],"predecessor-version":[{"id":5916,"href":"https:\/\/www.pei.si\/en\/wp-json\/wp\/v2\/pages\/3318\/revisions\/5916"}],"up":[{"embeddable":true,"href":"https:\/\/www.pei.si\/en\/wp-json\/wp\/v2\/pages\/3374"}],"wp:attachment":[{"href":"https:\/\/www.pei.si\/en\/wp-json\/wp\/v2\/media?parent=3318"}],"curies":[{"name":"wp","href":"https:\/\/api.w.org\/{rel}","templated":true}]}}