{"id":3319,"date":"2018-11-30T14:18:11","date_gmt":"2018-11-30T14:18:11","guid":{"rendered":"https:\/\/www.pei.si\/cived-1999\/"},"modified":"2019-03-19T10:20:59","modified_gmt":"2019-03-19T10:20:59","slug":"cived-1999","status":"publish","type":"page","link":"https:\/\/www.pei.si\/en\/research-activities\/international-comparative-research-studies-in-the-field-of-knowledge\/iccs\/cived-1999\/","title":{"rendered":"CIVED 1999"},"content":{"rendered":"<p>Cilj Mednarodne raziskave dr\u017eavljanskega izobra\u017eevanja in vzgoje (CIVED) je ugotoviti in raziskati, na kak\u0161en na\u010din so mladi pripravljeni, da opravljajo svojo dr\u017eavljansko vlogo v demokracijah po svetu. Ena od osrednjih to\u010dk raziskovanja je \u0161ola \u2013 kako se te tematike vklju\u010dujejo v kurikul ter kako je ta tematika vklju\u010dena v razpravo v razredih in sodelovanje na \u0161oli. Drugi poudarek raziskave pa so prilo\u017enostih za aktivno dr\u017eavljanstvo zunaj \u0161ole, zlasti v skupnosti. Osnovni namen raziskave torej je sliko o tem, kako se mladi vklju\u010dujejo v politi\u010dne skupnosti, katerih \u010dlani so, znotraj in zunaj \u0161ole. Raziskava se osredoto\u010da na politi\u010dne procese in institucije, vendar pa koncept &#8220;politi\u010dni&#8221; uporablja v precej \u0161irokem pomenu in ni omejena le na formalne politi\u010dne organizacije ali zakonodajne strukture.<\/p>\n<p><em>Trajanje raziskave:<\/em> 1998 &#8211; 2002<\/p>\n<h3><\/h3>\n<h3>Rezultati<\/h3>\n<ul>\n<li><a href=\"http:\/\/www.iea.nl\/fileadmin\/user_upload\/Publications\/Electronic_versions\/CIVED_Phase2_Age_Fourteen.pdf\">Mednarodno poro\u010dilo<\/a><\/li>\n<li><a href=\"http:\/\/rms.iea-dpc.org\/\">Mednarodna baza in ostala dokumentacija<\/a><\/li>\n<\/ul>\n<p>&nbsp;<\/p>\n<h3>Sodelavci<\/h3>\n<ul>\n<li><a href=\"https:\/\/www.pei.si\/en\/zaposleni\/simenc-marjan\/\">dr. Marjan \u0160imenc<\/a> (nacionalni koordinator)<\/li>\n<li><a href=\"https:\/\/www.pei.si\/en\/zaposleni\/cucek-mojca\/\">mag. Mojca \u010cu\u010dek<\/a><\/li>\n<\/ul>\n","protected":false},"excerpt":{"rendered":"<p>Cilj Mednarodne raziskave dr\u017eavljanskega izobra\u017eevanja in vzgoje (CIVED) je ugotoviti in raziskati, na kak\u0161en na\u010din so mladi pripravljeni, da opravljajo svojo dr\u017eavljansko vlogo v demokracijah po svetu. Ena od osrednjih to\u010dk raziskovanja je \u0161ola \u2013 kako se te tematike vklju\u010dujejo v kurikul ter kako je ta tematika vklju\u010dena v razpravo v razredih in sodelovanje na [&hellip;]<\/p>\n","protected":false},"author":3,"featured_media":0,"parent":3322,"menu_order":0,"comment_status":"closed","ping_status":"closed","template":"","meta":{"_acf_changed":false,"footnotes":""},"class_list":["post-3319","page","type-page","status-publish","hentry"],"acf":[],"_links":{"self":[{"href":"https:\/\/www.pei.si\/en\/wp-json\/wp\/v2\/pages\/3319","targetHints":{"allow":["GET"]}}],"collection":[{"href":"https:\/\/www.pei.si\/en\/wp-json\/wp\/v2\/pages"}],"about":[{"href":"https:\/\/www.pei.si\/en\/wp-json\/wp\/v2\/types\/page"}],"author":[{"embeddable":true,"href":"https:\/\/www.pei.si\/en\/wp-json\/wp\/v2\/users\/3"}],"replies":[{"embeddable":true,"href":"https:\/\/www.pei.si\/en\/wp-json\/wp\/v2\/comments?post=3319"}],"version-history":[{"count":1,"href":"https:\/\/www.pei.si\/en\/wp-json\/wp\/v2\/pages\/3319\/revisions"}],"predecessor-version":[{"id":4111,"href":"https:\/\/www.pei.si\/en\/wp-json\/wp\/v2\/pages\/3319\/revisions\/4111"}],"up":[{"embeddable":true,"href":"https:\/\/www.pei.si\/en\/wp-json\/wp\/v2\/pages\/3322"}],"wp:attachment":[{"href":"https:\/\/www.pei.si\/en\/wp-json\/wp\/v2\/media?parent=3319"}],"curies":[{"name":"wp","href":"https:\/\/api.w.org\/{rel}","templated":true}]}}