{"id":3322,"date":"2018-11-30T14:16:57","date_gmt":"2018-11-30T14:16:57","guid":{"rendered":"https:\/\/www.pei.si\/iccs\/"},"modified":"2025-03-11T09:22:04","modified_gmt":"2025-03-11T09:22:04","slug":"iccs","status":"publish","type":"page","link":"https:\/\/www.pei.si\/en\/research-activities\/international-comparative-research-studies-in-the-field-of-knowledge\/iccs\/","title":{"rendered":"ICCS"},"content":{"rendered":"<h3>Mednarodna raziskava dr\u017eavljanske vzgoje in izobra\u017eevanja (International Civic and Citizenship Education Study)<\/h3>\n<p>Mednarodni raziskavi dr\u017eavljanske vzgoje in izobra\u017eevanja (CIVED in ICCS) sta projekta Mednarodne organizacije za merjenje u\u010dinkov izobra\u017eevanja, IEA-International Association for the Evaluation of Educational Achievement. Raziskavi se osredoto\u010data na dr\u017eavljansko vzgojo in izobra\u017eevanje.<\/p>\n<p>Zajemi:<\/p>\n<ul>\n<li><a href=\"https:\/\/www.pei.si\/raziskovalna-dejavnost\/mednarodne-raziskave\/iccs\/iccs-2027\/\" target=\"_blank\" rel=\"noopener\">ICCS 2027<\/a><\/li>\n<li><a href=\"https:\/\/www.pei.si\/raziskovalna-dejavnost\/mednarodne-raziskave\/iccs\/iccs-2022\/\">ICCS 2022<\/a><\/li>\n<li><a href=\"https:\/\/www.pei.si\/en\/research-activities\/international-comparative-research-studies-in-the-field-of-knowledge\/iccs\/iccs-2016\/\">ICCS 2016<\/a><\/li>\n<li><a href=\"https:\/\/www.pei.si\/en\/research-activities\/international-comparative-research-studies-in-the-field-of-knowledge\/iccs\/iccs-2009\/\">ICCS 2009<\/a><\/li>\n<li><a href=\"https:\/\/www.pei.si\/en\/research-activities\/international-comparative-research-studies-in-the-field-of-knowledge\/iccs\/cived-1999\/\">CIVED 1999<\/a><\/li>\n<\/ul>\n","protected":false},"excerpt":{"rendered":"<p>Mednarodna raziskava dr\u017eavljanske vzgoje in izobra\u017eevanja (International Civic and Citizenship Education Study) Mednarodni raziskavi dr\u017eavljanske vzgoje in izobra\u017eevanja (CIVED in ICCS) sta projekta Mednarodne organizacije za merjenje u\u010dinkov izobra\u017eevanja, IEA-International Association for the Evaluation of Educational Achievement. Raziskavi se osredoto\u010data na dr\u017eavljansko vzgojo in izobra\u017eevanje. Zajemi: ICCS 2027 ICCS 2022 ICCS 2016 ICCS 2009 CIVED [&hellip;]<\/p>\n","protected":false},"author":3,"featured_media":0,"parent":3374,"menu_order":0,"comment_status":"closed","ping_status":"closed","template":"","meta":{"_acf_changed":false,"footnotes":""},"class_list":["post-3322","page","type-page","status-publish","hentry"],"acf":[],"_links":{"self":[{"href":"https:\/\/www.pei.si\/en\/wp-json\/wp\/v2\/pages\/3322","targetHints":{"allow":["GET"]}}],"collection":[{"href":"https:\/\/www.pei.si\/en\/wp-json\/wp\/v2\/pages"}],"about":[{"href":"https:\/\/www.pei.si\/en\/wp-json\/wp\/v2\/types\/page"}],"author":[{"embeddable":true,"href":"https:\/\/www.pei.si\/en\/wp-json\/wp\/v2\/users\/3"}],"replies":[{"embeddable":true,"href":"https:\/\/www.pei.si\/en\/wp-json\/wp\/v2\/comments?post=3322"}],"version-history":[{"count":8,"href":"https:\/\/www.pei.si\/en\/wp-json\/wp\/v2\/pages\/3322\/revisions"}],"predecessor-version":[{"id":13574,"href":"https:\/\/www.pei.si\/en\/wp-json\/wp\/v2\/pages\/3322\/revisions\/13574"}],"up":[{"embeddable":true,"href":"https:\/\/www.pei.si\/en\/wp-json\/wp\/v2\/pages\/3374"}],"wp:attachment":[{"href":"https:\/\/www.pei.si\/en\/wp-json\/wp\/v2\/media?parent=3322"}],"curies":[{"name":"wp","href":"https:\/\/api.w.org\/{rel}","templated":true}]}}