{"id":3323,"date":"2018-11-30T14:16:41","date_gmt":"2018-11-30T14:16:41","guid":{"rendered":"https:\/\/www.pei.si\/talis-2019\/"},"modified":"2021-01-07T09:41:55","modified_gmt":"2021-01-07T09:41:55","slug":"talis-2019","status":"publish","type":"page","link":"https:\/\/www.pei.si\/en\/research-activities\/international-comparative-research-studies-in-the-field-of-knowledge\/talis\/talis-2019\/","title":{"rendered":"TALIS 2018"},"content":{"rendered":"<p>Tretja Mednarodna raziskava u\u010denja in pou\u010devanja (TALIS 2018) je primerjalna raziskava, ki je namenjena analizi in razvoju politik na podro\u010dju izobra\u017eevanja. TALIS izvaja Organizacija za ekonomsko sodelovanje in razvoj (OECD). V raziskavi TALIS 2018 so sodelovale naslednje dr\u017eave in posamezni \u0161olski sistemi: Alberta (Kanada), Anglija (VB), Avstrija, Belgija, Bolgarija, Brazilija, Buenos Aires (Argentina), \u010ce\u0161ka, \u010cile, Danska, Estonija, Finska, Flamska (Belgija), Francija, Gruzija, Hrva\u0161ka, Islandija, Italija, Izrael, Japonska, Ju\u017enoafri\u0161ka republika, Kazahstan, Kolumbija, Ju\u017ena Koreja, Latvija, Litva, Mad\u017earska, Malta, Mehika, Nizozemska, Norve\u0161ka, Nova Zelandija, Portugalska, Romunija, Rusija, \u0160anghaj (Kitajska), Savdska Arabija, Singapur, Slova\u0161ka, Slovenija, \u0160panija, \u0160vedska, Tur\u010dija, Vietnam, ZDA in Zdru\u017eeni arabski emirati.<\/p>\n<p>Namen mednarodnih primerjalnih analiz v raziskavi TALIS zbranih podatkov je, da bi posamezne sodelujo\u010de dr\u017eave lahko ugotovile, katere druge dr\u017eave se soo\u010dajo s podobnimi izzivi, in se seznanile s sistemskimi politikami. S \u0161ir\u0161im pogledom na pou\u010devanje po svetu bi lahko la\u017eje sprejemale na podatkih temelje\u010de odlo\u010ditve o izbolj\u0161evanju svojih izobra\u017eevalnih sistemov.<\/p>\n<p>Podatki so bili za TALIS 2018 zbrani z vpra\u0161alniki med u\u010ditelji in ravnatelji osnovnih in srednjih \u0161ol, in sicer z naslednjih podro\u010dij: za\u010detno izobra\u017eevanje in usposabljanje, uvajanje v poklic in mentorstvo, nadaljnje izobra\u017eevanje in usposabljanje, vodenje \u0161ole, \u0161olska kultura in razredna klima, zadovoljstvo z delom, stali\u0161\u010da o u\u010denju in pou\u010devanju, strategije u\u010denja in pou\u010devanja, presojanje u\u010diteljevega dela, povratne informacije in potrditve, ki jih u\u010ditelji prejemajo za svoje delo, u\u010denje in pou\u010devanje v raznolikih okoljih in mobilnost u\u010diteljev.<\/p>\n<p>V Sloveniji je bilo za sodelovanje v vzorec izbrano 150 osnovnih \u0161ol in 148 srednjih \u0161ol, na vsaki po 20 u\u010diteljev ali vsi, \u010de jih je bilo na \u0161oli manj kot 30. Odzivnost je dosegla prag mednarodnih mej za vklju\u010ditev vseh podatkov v mednarodno podatkovno zbirko.<\/p>\n<ul>\n<li>Sodelovalo je 132 osnovnih \u0161ol in 122 srednjih \u0161ol,<\/li>\n<li>Vpra\u0161alnike je izpolnilo 2094 u\u010diteljev v osnovnih \u0161olah in 2200 u\u010diteljev v srednjih \u0161olah<\/li>\n<li>Vpra\u0161alnike je izpolnilo 119 ravnateljev osnovnih \u0161ol in 103 ravnatelji srednjih \u0161ol<\/li>\n<\/ul>\n<hr \/>\n<h3>Novice<\/h3>\n<ul>\n<li>Vabljeni k branju sekundarne \u0161tudije na osnovi podatkov TALIS 2018, raz\u0161irjene s \u0161tudijama primerov pou\u010devanja matematike na daljavo v srednji \u0161oli <a href=\"https:\/\/www.pei.si\/wp-content\/uploads\/2021\/01\/Zaostajanje-Slovenije-v-uporabi-IKT-za-poucevanje.pdf\" target=\"_blank\" rel=\"noopener noreferrer\"><strong>Zaostajanje uporabe IKT za pou\u010devanje v slovenskih osnovnih in srednjih \u0161olah<\/strong><\/a><\/li>\n<li>Objavljena je <a href=\"https:\/\/www.pei.si\/ISBN\/nacionalna-studija-zaznave-nasilja-nad-ucitelji-in-ravnatelji\/\">Nacionalna \u0161tudija zaznave nasilja nad u\u010ditelji in ravnatelji: zagotavljanje varnega in vzpodbudnega u\u010dnega okolja<\/a>. Vabljeni k branju!<\/li>\n<\/ul>\n<hr \/>\n<h3>Drugi del rezultatov raziskave in ostala nova dostopna gradiva<\/h3>\n<p>23. marca 2020 je Organizacija za ekonomsko sodelovanje in razvoj objavila \u0161e drugi del rezultatov Mednarodne raziskave u\u010denja in pou\u010devanja TALIS (Teaching and Learning International Study), ki predstavlja enega od na\u010dinov vklju\u010devanja glasu u\u010diteljev in ravnateljev v procese priprave izobra\u017eevalnih politik.<\/p>\n<ul>\n<li><a href=\"https:\/\/www.pei.si\/wp-content\/uploads\/2020\/03\/OBVESTILO-JAVNOSTI-23.3.20.pdf\" target=\"_blank\" rel=\"noopener noreferrer\">Obvestilo javnosti &#8211; 2. del rezultatov TALIS 2018<\/a><\/li>\n<li><a href=\"http:\/\/talispei.splet.arnes.si\/files\/2020\/03\/TALIS18-Ucitelji-in-ravnatelji-cenjeni-strokovnjaki.pdf\" target=\"_blank\" rel=\"noopener noreferrer\">TALIS 2018, poro\u010dilo 2. dela rezultatov: U\u010ditelji in ravnatelji, cenjeni strokovnjaki<\/a><\/li>\n<li><a href=\"http:\/\/talispei.splet.arnes.si\/files\/2020\/03\/talis-2-tiskovka.pdf\" target=\"_blank\" rel=\"noopener noreferrer\">Predstavitev 2. dela rezultatov TALIS 2o18<\/a><\/li>\n<li><a href=\"https:\/\/www.pei.si\/wp-content\/uploads\/2020\/03\/TALIS2018_country_report2.pdf\">TALIS 2018, 2. del rezultatov, kakor jih vidi OECD<\/a><\/li>\n<li><a href=\"https:\/\/www.pei.si\/wp-content\/uploads\/2020\/03\/TALIS2018_tabele2.xlsx\">TALIS 2018, tabele, 2. del rezultatov<\/a><\/li>\n<\/ul>\n<hr \/>\n<h3>Rezultati raziskave in ostala dostopna gradiva<\/h3>\n<ul>\n<li><a href=\"https:\/\/www.pei.si\/wp-content\/uploads\/2019\/11\/talis-tiskovka-15-F.pdf\" target=\"_blank\" rel=\"noopener noreferrer\">Kratka predstavitev prvih rezultatov Slovenije v TALIS 2018<\/a><\/li>\n<li><a href=\"https:\/\/www.pei.si\/wp-content\/uploads\/2019\/11\/talis-tiskovka-45-F.pdf\" target=\"_blank\" rel=\"noopener noreferrer\">Dalj\u0161a predstavitev prvih rezultatov Slovenije v TALIS 2018<\/a><\/li>\n<li><a href=\"https:\/\/www.pei.si\/wp-content\/uploads\/2019\/06\/10ang-TALIS-2018-Results-Volume-I-Launch-SVN-Context.pdf\" target=\"_blank\" rel=\"noopener noreferrer\">Kraj\u0161a predstavitev mednarodnih rezultatov TALIS 2018<\/a><\/li>\n<li><a href=\"https:\/\/www.pei.si\/wp-content\/uploads\/2019\/06\/11ang-TALIS-2018-Results-Volume-I-Launch-SVN-Policy.pdf\" target=\"_blank\" rel=\"noopener noreferrer\">Dalj\u0161a predstavitev mednarodnih rezultatov TALIS 2018\u00a0<\/a><\/li>\n<li><a href=\"https:\/\/www.pei.si\/wp-content\/uploads\/2019\/11\/TALIS2018-Slovenija-kakor-jo-vidi-OECD.pdf\" target=\"_blank\" rel=\"noopener noreferrer\">TALIS 2018 rezultati Slovenije, kakor jih vidi OECD<\/a><\/li>\n<li><a href=\"https:\/\/www.pei.si\/wp-content\/uploads\/2019\/06\/izjava-za-javnost_TALIS2018.pdf\" target=\"_blank\" rel=\"noopener noreferrer\">Izjava za medije<\/a><\/li>\n<\/ul>\n<p>&nbsp;<\/p>\n<ul>\n<li><a href=\"http:\/\/talispei.splet.arnes.si\/files\/2019\/06\/TALIS-2018-tabele-2.-poglavje.xlsx\" target=\"_blank\" rel=\"noopener noreferrer\">TALIS 2018 tabele 2. poglavje<\/a><\/li>\n<li><a href=\"http:\/\/talispei.splet.arnes.si\/files\/2019\/06\/TALIS-2018-tabele-3.-poglavje.xlsx\" target=\"_blank\" rel=\"noopener noreferrer\">TALIS 2018 tabele 3. poglavje<\/a><\/li>\n<li><a href=\"http:\/\/talispei.splet.arnes.si\/files\/2019\/06\/TALIS-2018-tabele-4.-poglavje.xlsx\" target=\"_blank\" rel=\"noopener noreferrer\">TALIS 2018 tabele 4. poglavje<\/a><\/li>\n<li><a href=\"http:\/\/talispei.splet.arnes.si\/files\/2019\/06\/TALIS-2018-tabele-5.-poglavje.xlsx\" target=\"_blank\" rel=\"noopener noreferrer\">TALIS 2018 tabele 5. poglavje<\/a><\/li>\n<li><a href=\"http:\/\/talispei.splet.arnes.si\/files\/2019\/06\/TALIS-2018-Prirocnik-za-branje-tabel.pdf\" target=\"_blank\" rel=\"noopener noreferrer\">TALIS 2018 Priro\u010dnik za branje tabel<\/a><\/li>\n<\/ul>\n<p>&nbsp;<\/p>\n<p>Vpra\u0161alniki raziskave so javni. V raziskavi je bila uporabljena spletna razli\u010dica.<\/p>\n<ul>\n<li><a href=\"https:\/\/www.pei.si\/wp-content\/uploads\/2019\/06\/TALIS18-Ravnatelji-OS.pdf\" target=\"_blank\" rel=\"noopener noreferrer\">Vpra\u0161alnik za ravnatelje osnovnih \u0161ol<\/a><\/li>\n<li><a href=\"https:\/\/www.pei.si\/wp-content\/uploads\/2019\/06\/TALIS18-Ravnatelji-SS.pdf\" target=\"_blank\" rel=\"noopener noreferrer\">Vpra\u0161alnik za ravnatelje srednih \u0161ol<\/a><\/li>\n<li><a href=\"https:\/\/www.pei.si\/wp-content\/uploads\/2019\/06\/TALIS18-Ucitelji-OS.pdf\" target=\"_blank\" rel=\"noopener noreferrer\">Vpra\u0161alnik za u\u010ditelje tretjega triletja osnovnih \u0161ol<\/a><\/li>\n<li><a href=\"https:\/\/www.pei.si\/wp-content\/uploads\/2019\/06\/TALIS18-Ucitelji-SS.pdf\" target=\"_blank\" rel=\"noopener noreferrer\">Vpra\u0161alnik za u\u010ditelje srednjih \u0161ol<\/a><\/li>\n<\/ul>\n<p>&nbsp;<\/p>\n<p>Tudi zbirke podatkov zbranih v Sloveniji so javne:<\/p>\n<ul>\n<li><a href=\"https:\/\/www.pei.si\/wp-content\/uploads\/2020\/10\/TALIS18_ravnatelji.sav\">baza podatkov zbranih med ravnatelji v Sloveniji (ravnatelji osnovnih \u0161ol in ravnatelji srednjih \u0161ol)<\/a><\/li>\n<li><a href=\"https:\/\/www.pei.si\/wp-content\/uploads\/2020\/10\/TALIS18_ravnatelji_nasilje.sav\">baza podatkov zbranih med ravnatelji v Sloveniji (ravnatelji osnovnih \u0161ol in ravnatelji srednjih \u0161ol) z dodatkom o nasilju<\/a><\/li>\n<li><a href=\"https:\/\/www.pei.si\/wp-content\/uploads\/2020\/10\/TALIS18_ravnatelji_SS_nasilje.sav\">baza podatkov zbranih med ravnatelji srednjih \u0161ol v Sloveniji z dodatkom o nasilju<\/a><\/li>\n<li><a href=\"https:\/\/www.pei.si\/wp-content\/uploads\/2020\/10\/TALIS18_ucitelji.sav\">baza podatkov zbranih med u\u010ditelji v Sloveniji (u\u010ditelji tretjega triletja osnovnih \u0161ol in u\u010ditelji srednjih \u0161ol)<\/a><\/li>\n<li><a href=\"https:\/\/www.pei.si\/wp-content\/uploads\/2020\/10\/TALIS18_ucitelji_nasilje.sav\">baza podatkov zbranih med u\u010ditelji v Sloveniji (u\u010ditelji tretjega triletja osnovnih \u0161ol in u\u010ditelji srednjih \u0161ol) z dodatkom o nasilju<\/a><\/li>\n<li><a href=\"https:\/\/www.pei.si\/wp-content\/uploads\/2020\/10\/TALIS18_ucitelji_SS_nasilje.sav\">baza podatkov zbranih med u\u010ditelji srednjih \u0161ol v Sloveniji z dodatkom o nasilju<\/a><\/li>\n<\/ul>\n<p>&nbsp;<\/p>\n<p>Poro\u010dila o rezultatih raziskave so nastajala po delih: 19. junija 2019 je bilo objavljeno prvo, o pou\u010devanju in delu \u0161ol; marca 2020 drugo, o poklicu u\u010ditelja; v letu 2021 pa bo objavljen tretji del, posve\u010den srednje\u0161olski populaciji u\u010diteljev.<\/p>\n<p>Mednarodna spletna stran raziskave:\u00a0<a href=\"http:\/\/www.oecd.org\/education\/talis\/\" target=\"_blank\" rel=\"noopener noreferrer\"><strong>http:\/\/www.oecd.org\/education\/talis\/<\/strong><\/a><\/p>\n<p>Na mednarodni spletni strani so objavljene mednarodne razli\u010dice vpra\u0161alnikov in vsi mednarodni rezultati, poro\u010dila in podatkovne zbirke.<\/p>\n<p>Spremljajte dogajanje na projektu in objavo poro\u010dil ter podatkov na spletni strani projekta:\u00a0<a href=\"http:\/\/talispei.splet.arnes.si\" target=\"_blank\" rel=\"noopener noreferrer\">http:\/\/talispei.splet.arnes.si<\/a><\/p>\n<p>&nbsp;<\/p>\n<p><em>Trajanje raziskave:<\/em>\u00a02016 \u2013 2021<\/p>\n","protected":false},"excerpt":{"rendered":"<p>Tretja Mednarodna raziskava u\u010denja in pou\u010devanja (TALIS 2018) je primerjalna raziskava, ki je namenjena analizi in razvoju politik na podro\u010dju izobra\u017eevanja. TALIS izvaja Organizacija za ekonomsko sodelovanje in razvoj (OECD). V raziskavi TALIS 2018 so sodelovale naslednje dr\u017eave in posamezni \u0161olski sistemi: Alberta (Kanada), Anglija (VB), Avstrija, Belgija, Bolgarija, Brazilija, Buenos Aires (Argentina), \u010ce\u0161ka, \u010cile, [&hellip;]<\/p>\n","protected":false},"author":3,"featured_media":0,"parent":3325,"menu_order":0,"comment_status":"closed","ping_status":"closed","template":"","meta":{"_acf_changed":false,"footnotes":""},"class_list":["post-3323","page","type-page","status-publish","hentry"],"acf":[],"_links":{"self":[{"href":"https:\/\/www.pei.si\/en\/wp-json\/wp\/v2\/pages\/3323","targetHints":{"allow":["GET"]}}],"collection":[{"href":"https:\/\/www.pei.si\/en\/wp-json\/wp\/v2\/pages"}],"about":[{"href":"https:\/\/www.pei.si\/en\/wp-json\/wp\/v2\/types\/page"}],"author":[{"embeddable":true,"href":"https:\/\/www.pei.si\/en\/wp-json\/wp\/v2\/users\/3"}],"replies":[{"embeddable":true,"href":"https:\/\/www.pei.si\/en\/wp-json\/wp\/v2\/comments?post=3323"}],"version-history":[{"count":17,"href":"https:\/\/www.pei.si\/en\/wp-json\/wp\/v2\/pages\/3323\/revisions"}],"predecessor-version":[{"id":7969,"href":"https:\/\/www.pei.si\/en\/wp-json\/wp\/v2\/pages\/3323\/revisions\/7969"}],"up":[{"embeddable":true,"href":"https:\/\/www.pei.si\/en\/wp-json\/wp\/v2\/pages\/3325"}],"wp:attachment":[{"href":"https:\/\/www.pei.si\/en\/wp-json\/wp\/v2\/media?parent=3323"}],"curies":[{"name":"wp","href":"https:\/\/api.w.org\/{rel}","templated":true}]}}