{"id":3324,"date":"2018-11-30T14:16:19","date_gmt":"2018-11-30T14:16:19","guid":{"rendered":"https:\/\/www.pei.si\/talis-2008\/"},"modified":"2018-11-30T14:16:19","modified_gmt":"2018-11-30T14:16:19","slug":"talis-2008","status":"publish","type":"page","link":"https:\/\/www.pei.si\/en\/research-activities\/international-comparative-research-studies-in-the-field-of-knowledge\/talis\/talis-2008\/","title":{"rendered":"TALIS 2008"},"content":{"rendered":"<p>Slovenija je leta 2008 skupaj s 23 drugimi dr\u017eavami prvi\u010d sodelovala v raziskavi TALIS, ki jo vodi Organizacija za ekonomsko sodelovanje in razvoj OECD [Organisation for Economic Cooperation and Development].<\/p>\n<p>TALIS je prva mednarodna raziskava, pri kateri je glavni poudarek na u\u010dnem okolju in delovnih pogojih u\u010diteljev na \u0161olah. Cilj raziskave TALIS je zbrati in preu\u010diti podatke, ki so\u00a0povezani s pou\u010devanjem u\u010diteljev in njihovim strokovnim spopolnjevanjem\u00a0ter podatke o pedago\u0161kih, vodstvenih in upravnih vpra\u0161anjih, ki so povezani z delom ravnatelja.<\/p>\n<p>V raziskavi TALIS 2008 so sodelovali u\u010ditelji\/ce vi\u0161jih razredov osnovne \u0161ole (3. triada programa 9-letne O\u0160 [ISCED 2 raven]) in ravnatelji\/ce \u0161ol, na katerih delajo. V dr\u017eavah, ki sodelujejo v raziskavi TALIS, je v glavnem delu raziskave sodelovalo okoli 200 \u0161ol in 20 u\u010diteljev na vsaki od teh \u0161ol.<\/p>\n<p>Raziskava TALIS 2008 se osredoto\u010da na naslednja podro\u010dja u\u010dnega okolja in \u0161olske kulture, in sicer:<\/p>\n<ul>\n<li>vrednotenje dela u\u010diteljev na \u0161olah ter oblika in narava povratnih informacij, ki jih le-ti prejmejo za svoje delo;<\/li>\n<li>kako razli\u010dne oblike vrednotenja dela u\u010diteljev vplivajo na metode pou\u010devanja in na njihova prepri\u010danja;<\/li>\n<li>vpliv razli\u010dnih pristopov in metod na oblikovanje \u0161olskega u\u010dnega okolja ter vpliv na delo u\u010diteljev;<\/li>\n<li>ustvarjenje in podpiranje u\u010dinkovitega vodenja \u0161ole;<\/li>\n<li>vpliv sodobnih trendov v vodenju in upravljanju \u0161ol na u\u010ditelje in na izobra\u017eevalni sistem;<\/li>\n<li>povezanost dejavnosti, prepri\u010danj in stali\u0161\u010d u\u010diteljev in ravnateljev s posameznimi dejavniki \u0161ir\u0161ega dru\u017ebenega okolja.<\/li>\n<\/ul>\n<p>&nbsp;<\/p>\n<p><em>Trajanje raziskave:<\/em> 2007 &#8211; 2009<\/p>\n","protected":false},"excerpt":{"rendered":"<p>Slovenija je leta 2008 skupaj s 23 drugimi dr\u017eavami prvi\u010d sodelovala v raziskavi TALIS, ki jo vodi Organizacija za ekonomsko sodelovanje in razvoj OECD [Organisation for Economic Cooperation and Development]. TALIS je prva mednarodna raziskava, pri kateri je glavni poudarek na u\u010dnem okolju in delovnih pogojih u\u010diteljev na \u0161olah. Cilj raziskave TALIS je zbrati in [&hellip;]<\/p>\n","protected":false},"author":3,"featured_media":0,"parent":3325,"menu_order":0,"comment_status":"closed","ping_status":"closed","template":"","meta":{"_acf_changed":false,"footnotes":""},"class_list":["post-3324","page","type-page","status-publish","hentry"],"acf":[],"_links":{"self":[{"href":"https:\/\/www.pei.si\/en\/wp-json\/wp\/v2\/pages\/3324","targetHints":{"allow":["GET"]}}],"collection":[{"href":"https:\/\/www.pei.si\/en\/wp-json\/wp\/v2\/pages"}],"about":[{"href":"https:\/\/www.pei.si\/en\/wp-json\/wp\/v2\/types\/page"}],"author":[{"embeddable":true,"href":"https:\/\/www.pei.si\/en\/wp-json\/wp\/v2\/users\/3"}],"replies":[{"embeddable":true,"href":"https:\/\/www.pei.si\/en\/wp-json\/wp\/v2\/comments?post=3324"}],"version-history":[{"count":0,"href":"https:\/\/www.pei.si\/en\/wp-json\/wp\/v2\/pages\/3324\/revisions"}],"up":[{"embeddable":true,"href":"https:\/\/www.pei.si\/en\/wp-json\/wp\/v2\/pages\/3325"}],"wp:attachment":[{"href":"https:\/\/www.pei.si\/en\/wp-json\/wp\/v2\/media?parent=3324"}],"curies":[{"name":"wp","href":"https:\/\/api.w.org\/{rel}","templated":true}]}}